{"id":2318,"date":"2020-06-30T09:07:16","date_gmt":"2020-06-30T07:07:16","guid":{"rendered":"http:\/\/www.alpleisure.com\/?page_id=2318"},"modified":"2020-07-06T11:20:06","modified_gmt":"2020-07-06T09:20:06","slug":"notre-personnel","status":"publish","type":"page","link":"https:\/\/www.alpleisure.com\/fr\/ski-de-luxe\/notre-personnel\/","title":{"rendered":"Notre \u00e9quipe"},"content":{"rendered":"<div data-elementor-type=\"wp-page\" data-elementor-id=\"2318\" class=\"elementor elementor-2318\">\n\t\t\t\t\t\t<section class=\"elementor-section elementor-top-section elementor-element elementor-element-4770562 elementor-section-stretched elementor-section-height-min-height elementor-section-boxed elementor-section-height-default elementor-section-items-middle\" data-id=\"4770562\" data-element_type=\"section\" data-e-type=\"section\" data-settings=\"{&quot;stretch_section&quot;:&quot;section-stretched&quot;,&quot;background_background&quot;:&quot;classic&quot;,&quot;hoteller_ext_is_background_parallax&quot;:&quot;false&quot;,&quot;hoteller_ext_is_background_on_scroll&quot;:&quot;false&quot;}\">\n\t\t\t\t\t\t\t<div class=\"elementor-background-overlay\"><\/div>\n\t\t\t\t\t\t\t<div class=\"elementor-container elementor-column-gap-default\">\n\t\t\t\t\t<div class=\"elementor-column elementor-col-100 elementor-top-column elementor-element elementor-element-3efde218\" data-id=\"3efde218\" data-element_type=\"column\" data-e-type=\"column\" data-settings=\"{&quot;hoteller_ext_link_sidemenu&quot;:&quot;false&quot;,&quot;hoteller_ext_link_fullmenu&quot;:&quot;false&quot;,&quot;hoteller_ext_link_closed_fullmenu&quot;:&quot;false&quot;,&quot;hoteller_ext_is_scrollme&quot;:&quot;false&quot;,&quot;hoteller_ext_is_smoove&quot;:&quot;false&quot;,&quot;hoteller_ext_is_parallax_mouse&quot;:&quot;false&quot;,&quot;hoteller_ext_is_infinite&quot;:&quot;false&quot;,&quot;hoteller_ext_is_fadeout_animation&quot;:&quot;false&quot;,&quot;hoteller_ext_mobile_static&quot;:&quot;false&quot;}\">\n\t\t\t<div class=\"elementor-widget-wrap elementor-element-populated\">\n\t\t\t\t\t\t<div class=\"elementor-element elementor-element-41c1072a elementor-invisible elementor-widget elementor-widget-heading\" data-id=\"41c1072a\" data-element_type=\"widget\" data-e-type=\"widget\" data-settings=\"{&quot;_animation&quot;:&quot;fadeInUp&quot;,&quot;hoteller_ext_link_sidemenu&quot;:&quot;false&quot;,&quot;hoteller_ext_link_fullmenu&quot;:&quot;false&quot;,&quot;hoteller_ext_link_closed_fullmenu&quot;:&quot;false&quot;,&quot;hoteller_ext_is_scrollme&quot;:&quot;false&quot;,&quot;hoteller_ext_is_smoove&quot;:&quot;false&quot;,&quot;hoteller_ext_is_parallax_mouse&quot;:&quot;false&quot;,&quot;hoteller_ext_is_infinite&quot;:&quot;false&quot;,&quot;hoteller_ext_is_fadeout_animation&quot;:&quot;false&quot;,&quot;hoteller_ext_mobile_static&quot;:&quot;false&quot;}\" data-widget_type=\"heading.default\">\n\t\t\t\t<div class=\"elementor-widget-container\">\n\t\t\t\t\t<h1 class=\"elementor-heading-title elementor-size-default\">Notre \u00e9quipe<\/h1>\t\t\t\t<\/div>\n\t\t\t\t<\/div>\n\t\t\t\t<div class=\"elementor-element elementor-element-2c3dd9e8 elementor-invisible elementor-widget elementor-widget-heading\" data-id=\"2c3dd9e8\" data-element_type=\"widget\" data-e-type=\"widget\" data-settings=\"{&quot;_animation&quot;:&quot;fadeInUp&quot;,&quot;_animation_delay&quot;:400,&quot;hoteller_ext_link_sidemenu&quot;:&quot;false&quot;,&quot;hoteller_ext_link_fullmenu&quot;:&quot;false&quot;,&quot;hoteller_ext_link_closed_fullmenu&quot;:&quot;false&quot;,&quot;hoteller_ext_is_scrollme&quot;:&quot;false&quot;,&quot;hoteller_ext_is_smoove&quot;:&quot;false&quot;,&quot;hoteller_ext_is_parallax_mouse&quot;:&quot;false&quot;,&quot;hoteller_ext_is_infinite&quot;:&quot;false&quot;,&quot;hoteller_ext_is_fadeout_animation&quot;:&quot;false&quot;,&quot;hoteller_ext_mobile_static&quot;:&quot;false&quot;}\" data-widget_type=\"heading.default\">\n\t\t\t\t<div class=\"elementor-widget-container\">\n\t\t\t\t\t<h5 class=\"elementor-heading-title elementor-size-default\">Rencontrez l&#039;\u00e9quipe qui prendra soin de vous<\/h5>\t\t\t\t<\/div>\n\t\t\t\t<\/div>\n\t\t\t\t\t<\/div>\n\t\t<\/div>\n\t\t\t\t\t<\/div>\n\t\t<\/section>\n\t\t\t\t<section class=\"elementor-section elementor-top-section elementor-element elementor-element-7626ff elementor-section-boxed elementor-section-height-default elementor-section-height-default\" data-id=\"7626ff\" data-element_type=\"section\" data-e-type=\"section\" data-settings=\"{&quot;hoteller_ext_is_background_parallax&quot;:&quot;false&quot;,&quot;hoteller_ext_is_background_on_scroll&quot;:&quot;false&quot;}\">\n\t\t\t\t\t\t<div class=\"elementor-container elementor-column-gap-default\">\n\t\t\t\t\t<div class=\"elementor-column elementor-col-100 elementor-top-column elementor-element elementor-element-6d289f80\" data-id=\"6d289f80\" data-element_type=\"column\" data-e-type=\"column\" data-settings=\"{&quot;hoteller_ext_link_sidemenu&quot;:&quot;false&quot;,&quot;hoteller_ext_link_fullmenu&quot;:&quot;false&quot;,&quot;hoteller_ext_link_closed_fullmenu&quot;:&quot;false&quot;,&quot;hoteller_ext_is_scrollme&quot;:&quot;false&quot;,&quot;hoteller_ext_is_smoove&quot;:&quot;false&quot;,&quot;hoteller_ext_is_parallax_mouse&quot;:&quot;false&quot;,&quot;hoteller_ext_is_infinite&quot;:&quot;false&quot;,&quot;hoteller_ext_is_fadeout_animation&quot;:&quot;false&quot;,&quot;hoteller_ext_mobile_static&quot;:&quot;false&quot;}\">\n\t\t\t<div class=\"elementor-widget-wrap elementor-element-populated\">\n\t\t\t\t\t\t<div class=\"elementor-element elementor-element-430928f5 elementor-invisible elementor-widget elementor-widget-text-editor\" data-id=\"430928f5\" data-element_type=\"widget\" data-e-type=\"widget\" data-settings=\"{&quot;_animation&quot;:&quot;fadeInUp&quot;,&quot;hoteller_ext_link_sidemenu&quot;:&quot;false&quot;,&quot;hoteller_ext_link_fullmenu&quot;:&quot;false&quot;,&quot;hoteller_ext_link_closed_fullmenu&quot;:&quot;false&quot;,&quot;hoteller_ext_is_scrollme&quot;:&quot;false&quot;,&quot;hoteller_ext_is_smoove&quot;:&quot;false&quot;,&quot;hoteller_ext_is_parallax_mouse&quot;:&quot;false&quot;,&quot;hoteller_ext_is_infinite&quot;:&quot;false&quot;,&quot;hoteller_ext_is_fadeout_animation&quot;:&quot;false&quot;,&quot;hoteller_ext_mobile_static&quot;:&quot;false&quot;}\" data-widget_type=\"text-editor.default\">\n\t\t\t\t<div class=\"elementor-widget-container\">\n\t\t\t\t\t\t\t\t\t<p><span style=\"font-size: small;\">Notre personnel est tri\u00e9 sur le volet pour son exp\u00e9rience et son approche professionnelle et discr\u00e8te. Nous employons des chefs, g\u00e9rants, h\u00f4tes et chauffeurs matures et consciencieux pour travailler dans nos chalets et les encourageons \u00e0 prendre soin de vous et de la propri\u00e9t\u00e9 comme s'ils g\u00e9raient leur propre h\u00f4tel. Nous comprenons parfaitement l'importance du r\u00f4le que joue l'ensemble de notre personnel dans l'exp\u00e9rience globale de vos vacances et pour pr\u00e9server votre intimit\u00e9, et nous nous assurons que la r\u00e9sidence choisie est VOTRE maison pour la semaine, tout le personnel vit dans des appartements priv\u00e9s \u00e0 proximit\u00e9.<\/span><\/p><h2>Chef<\/h2><div id=\"mainHidden\" class=\"mainText\"><p><span style=\"font-size: small;\">Dynamique, enthousiaste, flexible, cr\u00e9atif\u2026\u00a0<\/span><\/p><p><span style=\"font-size: small;\">Chaque chalet est dot\u00e9 d'un chef priv\u00e9, qui est \u00e0 votre disposition pour vous servir autant que vous le souhaitez - petit-d\u00e9jeuner, th\u00e9 de l'apr\u00e8s-midi, souper des enfants, canap\u00e9s et bien s\u00fbr d\u00eener. Beaucoup de nos chefs ont travaill\u00e9 dans les meilleurs h\u00f4tels et restaurants du monde entier - qu'ils soient issus de milieux professionnels ou de talentueux chefs autodidactes, ils ont \u00e9t\u00e9 s\u00e9lectionn\u00e9s pour travailler pour nous pour leur dynamisme et leur engagement, leur cr\u00e9ativit\u00e9 et leur amour de la cuisine. Nous sommes convaincus que tous nos chefs r\u00e9pondront \u00e0 vos attentes culinaires et auront la flexibilit\u00e9 et la capacit\u00e9 de cr\u00e9er, de pr\u00e9senter et de servir tout plat all\u00e9chant que vous d\u00e9sirez.<\/span><\/p><h2>Gestionnaire de chalet<\/h2><p><span style=\"font-size: small;\">Conscient, attentionn\u00e9, comp\u00e9tent, adaptable, souci du d\u00e9tail\u2026\u00a0<br \/>Le principal devoir du gestionnaire est de s'assurer que votre s\u00e9jour chez nous soit aussi relaxant que possible et de superviser le bon fonctionnement et le bon fonctionnement de la propri\u00e9t\u00e9. Choisi pour une attitude discr\u00e8te, professionnelle et attentionn\u00e9e, le gestionnaire aidera \u00e0 servir la nourriture et le vin, soutiendra et supervisera l'h\u00f4te du chalet pour s'assurer que la propri\u00e9t\u00e9 est impeccable, et est \u00e9galement responsable de la comptabilit\u00e9 hebdomadaire et de la pr\u00e9sentation de votre facture de fin de semaine. D\u00e8s votre arriv\u00e9e, le gestionnaire de chalet agira en tant que conseiller et organisateur. En collaboration avec notre \u00e9quipe de conciergerie bas\u00e9e au bureau, votre responsable peut faire des r\u00e9servations en votre nom et sugg\u00e9rer et recommander des activit\u00e9s ou des restaurants, en s'assurant que vous \u00eates bien pris en charge et que tous vos besoins sont satisfaits.<\/span><\/p><h2>H\u00f4te de chalet et chauffeur<\/h2><p><span style=\"font-size: small;\">Nos h\u00f4tes et chauffeurs travaillent aux c\u00f4t\u00e9s du gestionnaire pour s&#039;assurer que tous les aspects du service et de la propret\u00e9 de votre propri\u00e9t\u00e9 choisie se d\u00e9roulent sans heurts pendant votre s\u00e9jour. Responsables de l&#039;entretien des chambres et des salles de bains, ils aideront \u00e9galement \u00e0 nettoyer le petit-d\u00e9jeuner (et le d\u00e9jeuner au besoin pour nos clients \u00e0 la carte) et serviront le th\u00e9 de l&#039;apr\u00e8s-midi.\u00a0<\/span><\/p><p><span style=\"font-size: small;\">Nos h\u00f4tes prennent en charge le petit-d\u00e9jeuner, le th\u00e9 de l'apr\u00e8s-midi et le nettoyage du chalet le jour de cong\u00e9 du chef et du gestionnaire. Ils travaillent dur et ont des normes extr\u00eamement \u00e9lev\u00e9es avec un souci du d\u00e9tail, ils laisseront donc la propri\u00e9t\u00e9 impeccable pour votre retour plus tard dans la journ\u00e9e.<\/span><\/p><p><span style=\"font-size: small;\">Notre service de transport en station<\/span><span style=\"font-size: small;\"> est disponible de 8h \u00e0 22h (et jusqu'\u00e0 minuit le jour de cong\u00e9 du chef). Chaque jour, une voiture sera disponible entre 8h et 10h et de 16h \u00e0 19h et toute demande de transport EN DEHORS de ces horaires peut \u00eatre r\u00e9serv\u00e9e chaque matin aupr\u00e8s du responsable du chalet.<\/span><\/p><p><span style=\"font-size: small;\">Veuillez noter que les chalets sont nettoy\u00e9s tous les jours, mais le chef a un soir de cong\u00e9 par semaine o\u00f9 vous pourrez profiter de l&#039;ambiance d&#039;un restaurant local le soir.\u00a0<\/span><\/p><p><span style=\"font-size: small;\">Alp Leisure dispose \u00e9galement d'un excellent r\u00e9seau de nounous exp\u00e9riment\u00e9s, masseurs et esth\u00e9ticiennes, entraineurs personnels, coiffeurs, moniteurs de ski et guides de haute montagne. Dans les coulisses, nous avons une \u00e9quipe exp\u00e9riment\u00e9e de service client, de l'entretien de la propri\u00e9t\u00e9 et une \u00e9quipe bureautique, le tout dans le seul but de vous assurer que vos vacances soient aussi relaxantes et agr\u00e9ables que possible.<\/span><\/p><\/div>\t\t\t\t\t\t\t\t<\/div>\n\t\t\t\t<\/div>\n\t\t\t\t\t<\/div>\n\t\t<\/div>\n\t\t\t\t\t<\/div>\n\t\t<\/section>\n\t\t\t\t<section class=\"elementor-section elementor-top-section elementor-element elementor-element-c5c68ba elementor-section-boxed elementor-section-height-default elementor-section-height-default\" data-id=\"c5c68ba\" data-element_type=\"section\" data-e-type=\"section\" data-settings=\"{&quot;hoteller_ext_is_background_parallax&quot;:&quot;false&quot;,&quot;hoteller_ext_is_background_on_scroll&quot;:&quot;false&quot;}\">\n\t\t\t\t\t\t<div class=\"elementor-container elementor-column-gap-default\">\n\t\t\t\t\t<div class=\"elementor-column elementor-col-100 elementor-top-column elementor-element elementor-element-2a93f68\" data-id=\"2a93f68\" data-element_type=\"column\" data-e-type=\"column\" data-settings=\"{&quot;hoteller_ext_link_sidemenu&quot;:&quot;false&quot;,&quot;hoteller_ext_link_fullmenu&quot;:&quot;false&quot;,&quot;hoteller_ext_link_closed_fullmenu&quot;:&quot;false&quot;,&quot;hoteller_ext_is_scrollme&quot;:&quot;false&quot;,&quot;hoteller_ext_is_smoove&quot;:&quot;false&quot;,&quot;hoteller_ext_is_parallax_mouse&quot;:&quot;false&quot;,&quot;hoteller_ext_is_infinite&quot;:&quot;false&quot;,&quot;hoteller_ext_is_fadeout_animation&quot;:&quot;false&quot;,&quot;hoteller_ext_mobile_static&quot;:&quot;false&quot;}\">\n\t\t\t<div class=\"elementor-widget-wrap elementor-element-populated\">\n\t\t\t\t\t\t<div class=\"elementor-element elementor-element-3e6e5e3 elementor-widget elementor-widget-gallery\" data-id=\"3e6e5e3\" data-element_type=\"widget\" data-e-type=\"widget\" data-settings=\"{&quot;hoteller_ext_link_sidemenu&quot;:&quot;false&quot;,&quot;hoteller_ext_link_fullmenu&quot;:&quot;false&quot;,&quot;hoteller_ext_link_closed_fullmenu&quot;:&quot;false&quot;,&quot;hoteller_ext_is_scrollme&quot;:&quot;false&quot;,&quot;hoteller_ext_is_smoove&quot;:&quot;false&quot;,&quot;hoteller_ext_is_parallax_mouse&quot;:&quot;false&quot;,&quot;hoteller_ext_is_infinite&quot;:&quot;false&quot;,&quot;hoteller_ext_is_fadeout_animation&quot;:&quot;false&quot;,&quot;hoteller_ext_mobile_static&quot;:&quot;false&quot;}\" data-widget_type=\"gallery.default\">\n\t\t\t\t<div class=\"elementor-widget-container\">\n\t\t\t\t\t \t\t\t\t<\/div>\n\t\t\t\t<\/div>\n\t\t\t\t\t<\/div>\n\t\t<\/div>\n\t\t\t\t\t<\/div>\n\t\t<\/section>\n\t\t\t\t<\/div>","protected":false},"excerpt":{"rendered":"<p>Our Staff Meet the team that will be taking care of you Our personnel are hand-picked for their experience and professional, discreet approach. \u00a0We employ mature, conscientious\u00a0chefs, managers, hosts\u00a0and chauffeurs to\u00a0work in\u00a0our chalets and encourage them to care for you [&hellip;]<\/p>\n","protected":false},"author":1,"featured_media":0,"parent":0,"menu_order":0,"comment_status":"closed","ping_status":"closed","template":"","meta":{"_acf_changed":false,"footnotes":""},"class_list":["post-2318","page","type-page","status-publish","hentry"],"acf":[],"yoast_head":"<!-- This site is optimized with the Yoast SEO plugin v27.5 - https:\/\/yoast.com\/product\/yoast-seo-wordpress\/ -->\n<title>Professional, mature, experienced chalet staff with Alp Leisure Ltd<\/title>\n<meta name=\"description\" content=\"Alp Leisure&#039;s personnel are hand-picked for their experience and professional, discreet approach.\" \/>\n<meta name=\"robots\" content=\"index, follow, max-snippet:-1, max-image-preview:large, max-video-preview:-1\" \/>\n<link rel=\"canonical\" href=\"https:\/\/www.alpleisure.com\/fr\/ski-de-luxe\/notre-personnel\/\" \/>\n<meta property=\"og:locale\" content=\"fr_FR\" \/>\n<meta property=\"og:type\" content=\"article\" \/>\n<meta property=\"og:title\" content=\"Professional, mature, experienced chalet staff with Alp Leisure Ltd\" \/>\n<meta property=\"og:description\" content=\"Alp Leisure&#039;s personnel are hand-picked for their experience and professional, discreet approach.\" \/>\n<meta property=\"og:url\" content=\"https:\/\/www.alpleisure.com\/fr\/ski-de-luxe\/notre-personnel\/\" \/>\n<meta property=\"og:site_name\" content=\"Alp Leisure Ltd\" \/>\n<meta property=\"article:publisher\" content=\"https:\/\/www.facebook.com\/alpleisureltd\/\" \/>\n<meta property=\"article:modified_time\" content=\"2020-07-06T09:20:06+00:00\" \/>\n<meta name=\"twitter:card\" content=\"summary_large_image\" \/>\n<meta name=\"twitter:site\" content=\"@AlpLeisureLtd\" \/>\n<meta name=\"twitter:label1\" content=\"Dur\u00e9e de lecture estim\u00e9e\" \/>\n\t<meta name=\"twitter:data1\" content=\"3 minutes\" \/>\n<script type=\"application\/ld+json\" class=\"yoast-schema-graph\">{\"@context\":\"https:\\\/\\\/schema.org\",\"@graph\":[{\"@type\":\"WebPage\",\"@id\":\"https:\\\/\\\/www.alpleisure.com\\\/fr\\\/ski-de-luxe\\\/notre-personnel\\\/\",\"url\":\"https:\\\/\\\/www.alpleisure.com\\\/fr\\\/ski-de-luxe\\\/notre-personnel\\\/\",\"name\":\"Professional, mature, experienced chalet staff with Alp Leisure Ltd\",\"isPartOf\":{\"@id\":\"https:\\\/\\\/www.alpleisure.com\\\/fr\\\/#website\"},\"datePublished\":\"2020-06-30T07:07:16+00:00\",\"dateModified\":\"2020-07-06T09:20:06+00:00\",\"description\":\"Alp Leisure's personnel are hand-picked for their experience and professional, discreet approach.\",\"breadcrumb\":{\"@id\":\"https:\\\/\\\/www.alpleisure.com\\\/fr\\\/ski-de-luxe\\\/notre-personnel\\\/#breadcrumb\"},\"inLanguage\":\"fr-FR\",\"potentialAction\":[{\"@type\":\"ReadAction\",\"target\":[\"https:\\\/\\\/www.alpleisure.com\\\/fr\\\/ski-de-luxe\\\/notre-personnel\\\/\"]}]},{\"@type\":\"BreadcrumbList\",\"@id\":\"https:\\\/\\\/www.alpleisure.com\\\/fr\\\/ski-de-luxe\\\/notre-personnel\\\/#breadcrumb\",\"itemListElement\":[{\"@type\":\"ListItem\",\"position\":1,\"name\":\"Home\",\"item\":\"https:\\\/\\\/www.alpleisure.com\\\/\"},{\"@type\":\"ListItem\",\"position\":2,\"name\":\"Our Staff\"}]},{\"@type\":\"WebSite\",\"@id\":\"https:\\\/\\\/www.alpleisure.com\\\/fr\\\/#website\",\"url\":\"https:\\\/\\\/www.alpleisure.com\\\/fr\\\/\",\"name\":\"Alp Leisure Ltd\",\"description\":\"Private Luxury Chalets\",\"publisher\":{\"@id\":\"https:\\\/\\\/www.alpleisure.com\\\/fr\\\/#organization\"},\"potentialAction\":[{\"@type\":\"SearchAction\",\"target\":{\"@type\":\"EntryPoint\",\"urlTemplate\":\"https:\\\/\\\/www.alpleisure.com\\\/fr\\\/?s={search_term_string}\"},\"query-input\":{\"@type\":\"PropertyValueSpecification\",\"valueRequired\":true,\"valueName\":\"search_term_string\"}}],\"inLanguage\":\"fr-FR\"},{\"@type\":\"Organization\",\"@id\":\"https:\\\/\\\/www.alpleisure.com\\\/fr\\\/#organization\",\"name\":\"Alp Leisure Ltd\",\"url\":\"https:\\\/\\\/www.alpleisure.com\\\/fr\\\/\",\"logo\":{\"@type\":\"ImageObject\",\"inLanguage\":\"fr-FR\",\"@id\":\"https:\\\/\\\/www.alpleisure.com\\\/fr\\\/#\\\/schema\\\/logo\\\/image\\\/\",\"url\":\"https:\\\/\\\/www.alpleisure.com\\\/wp-content\\\/uploads\\\/2019\\\/06\\\/Alp-Leisure-Black-e1592823739589.gif\",\"contentUrl\":\"https:\\\/\\\/www.alpleisure.com\\\/wp-content\\\/uploads\\\/2019\\\/06\\\/Alp-Leisure-Black-e1592823739589.gif\",\"width\":1000,\"height\":155,\"caption\":\"Alp Leisure Ltd\"},\"image\":{\"@id\":\"https:\\\/\\\/www.alpleisure.com\\\/fr\\\/#\\\/schema\\\/logo\\\/image\\\/\"},\"sameAs\":[\"https:\\\/\\\/www.facebook.com\\\/alpleisureltd\\\/\",\"https:\\\/\\\/x.com\\\/AlpLeisureLtd\",\"https:\\\/\\\/www.instagram.com\\\/alp_leisure_ltd\\\/\",\"https:\\\/\\\/www.linkedin.com\\\/company\\\/5213398\\\/\",\"https:\\\/\\\/www.youtube.com\\\/channel\\\/UCHpxQIr4voEotGnVdeVwRLg\"]}]}<\/script>\n<!-- \/ Yoast SEO plugin. -->","yoast_head_json":{"title":"Personnel de chalet professionnel, mature et exp\u00e9riment\u00e9 avec Alp Leisure Ltd","description":"Le personnel d&#039;Alp Leisure est tri\u00e9 sur le volet pour son exp\u00e9rience et son approche professionnelle et discr\u00e8te.","robots":{"index":"index","follow":"follow","max-snippet":"max-snippet:-1","max-image-preview":"max-image-preview:large","max-video-preview":"max-video-preview:-1"},"canonical":"https:\/\/www.alpleisure.com\/fr\/ski-de-luxe\/notre-personnel\/","og_locale":"fr_FR","og_type":"article","og_title":"Professional, mature, experienced chalet staff with Alp Leisure Ltd","og_description":"Alp Leisure's personnel are hand-picked for their experience and professional, discreet approach.","og_url":"https:\/\/www.alpleisure.com\/fr\/ski-de-luxe\/notre-personnel\/","og_site_name":"Alp Leisure Ltd","article_publisher":"https:\/\/www.facebook.com\/alpleisureltd\/","article_modified_time":"2020-07-06T09:20:06+00:00","twitter_card":"summary_large_image","twitter_site":"@AlpLeisureLtd","twitter_misc":{"Dur\u00e9e de lecture estim\u00e9e":"3 minutes"},"schema":{"@context":"https:\/\/schema.org","@graph":[{"@type":"WebPage","@id":"https:\/\/www.alpleisure.com\/fr\/ski-de-luxe\/notre-personnel\/","url":"https:\/\/www.alpleisure.com\/fr\/ski-de-luxe\/notre-personnel\/","name":"Personnel de chalet professionnel, mature et exp\u00e9riment\u00e9 avec Alp Leisure Ltd","isPartOf":{"@id":"https:\/\/www.alpleisure.com\/fr\/#website"},"datePublished":"2020-06-30T07:07:16+00:00","dateModified":"2020-07-06T09:20:06+00:00","description":"Le personnel d&#039;Alp Leisure est tri\u00e9 sur le volet pour son exp\u00e9rience et son approche professionnelle et discr\u00e8te.","breadcrumb":{"@id":"https:\/\/www.alpleisure.com\/fr\/ski-de-luxe\/notre-personnel\/#breadcrumb"},"inLanguage":"fr-FR","potentialAction":[{"@type":"ReadAction","target":["https:\/\/www.alpleisure.com\/fr\/ski-de-luxe\/notre-personnel\/"]}]},{"@type":"BreadcrumbList","@id":"https:\/\/www.alpleisure.com\/fr\/ski-de-luxe\/notre-personnel\/#breadcrumb","itemListElement":[{"@type":"ListItem","position":1,"name":"Home","item":"https:\/\/www.alpleisure.com\/"},{"@type":"ListItem","position":2,"name":"Our Staff"}]},{"@type":"WebSite","@id":"https:\/\/www.alpleisure.com\/fr\/#website","url":"https:\/\/www.alpleisure.com\/fr\/","name":"Alp Leisure Ltd","description":"Chalets de luxe priv\u00e9s","publisher":{"@id":"https:\/\/www.alpleisure.com\/fr\/#organization"},"potentialAction":[{"@type":"SearchAction","target":{"@type":"EntryPoint","urlTemplate":"https:\/\/www.alpleisure.com\/fr\/?s={search_term_string}"},"query-input":{"@type":"PropertyValueSpecification","valueRequired":true,"valueName":"search_term_string"}}],"inLanguage":"fr-FR"},{"@type":"Organization","@id":"https:\/\/www.alpleisure.com\/fr\/#organization","name":"Alp Leisure Ltd","url":"https:\/\/www.alpleisure.com\/fr\/","logo":{"@type":"ImageObject","inLanguage":"fr-FR","@id":"https:\/\/www.alpleisure.com\/fr\/#\/schema\/logo\/image\/","url":"https:\/\/www.alpleisure.com\/wp-content\/uploads\/2019\/06\/Alp-Leisure-Black-e1592823739589.gif","contentUrl":"https:\/\/www.alpleisure.com\/wp-content\/uploads\/2019\/06\/Alp-Leisure-Black-e1592823739589.gif","width":1000,"height":155,"caption":"Alp Leisure Ltd"},"image":{"@id":"https:\/\/www.alpleisure.com\/fr\/#\/schema\/logo\/image\/"},"sameAs":["https:\/\/www.facebook.com\/alpleisureltd\/","https:\/\/x.com\/AlpLeisureLtd","https:\/\/www.instagram.com\/alp_leisure_ltd\/","https:\/\/www.linkedin.com\/company\/5213398\/","https:\/\/www.youtube.com\/channel\/UCHpxQIr4voEotGnVdeVwRLg"]}]}},"_links":{"self":[{"href":"https:\/\/www.alpleisure.com\/fr\/wp-json\/wp\/v2\/pages\/2318","targetHints":{"allow":["GET"]}}],"collection":[{"href":"https:\/\/www.alpleisure.com\/fr\/wp-json\/wp\/v2\/pages"}],"about":[{"href":"https:\/\/www.alpleisure.com\/fr\/wp-json\/wp\/v2\/types\/page"}],"author":[{"embeddable":true,"href":"https:\/\/www.alpleisure.com\/fr\/wp-json\/wp\/v2\/users\/1"}],"replies":[{"embeddable":true,"href":"https:\/\/www.alpleisure.com\/fr\/wp-json\/wp\/v2\/comments?post=2318"}],"version-history":[{"count":6,"href":"https:\/\/www.alpleisure.com\/fr\/wp-json\/wp\/v2\/pages\/2318\/revisions"}],"predecessor-version":[{"id":2457,"href":"https:\/\/www.alpleisure.com\/fr\/wp-json\/wp\/v2\/pages\/2318\/revisions\/2457"}],"wp:attachment":[{"href":"https:\/\/www.alpleisure.com\/fr\/wp-json\/wp\/v2\/media?parent=2318"}],"curies":[{"name":"wp","href":"https:\/\/api.w.org\/{rel}","templated":true}]}}