{"id":2103,"date":"2020-05-25T09:20:12","date_gmt":"2020-05-25T07:20:12","guid":{"rendered":"http:\/\/alpleisure.com\/?page_id=2103"},"modified":"2020-06-23T11:37:14","modified_gmt":"2020-06-23T09:37:14","slug":"nos-proprietes","status":"publish","type":"page","link":"https:\/\/www.alpleisure.com\/fr\/ski-de-luxe\/nos-proprietes\/","title":{"rendered":"Nos propri\u00e9t\u00e9s"},"content":{"rendered":"<div data-elementor-type=\"wp-page\" data-elementor-id=\"2103\" class=\"elementor elementor-2103\">\n\t\t\t\t\t\t<section class=\"elementor-section elementor-top-section elementor-element elementor-element-2c8dddf elementor-section-stretched elementor-section-height-min-height elementor-section-boxed elementor-section-height-default elementor-section-items-middle\" data-id=\"2c8dddf\" data-element_type=\"section\" data-e-type=\"section\" data-settings=\"{&quot;stretch_section&quot;:&quot;section-stretched&quot;,&quot;background_background&quot;:&quot;classic&quot;,&quot;hoteller_ext_is_background_parallax&quot;:&quot;false&quot;,&quot;hoteller_ext_is_background_on_scroll&quot;:&quot;false&quot;}\">\n\t\t\t\t\t\t\t<div class=\"elementor-background-overlay\"><\/div>\n\t\t\t\t\t\t\t<div class=\"elementor-container elementor-column-gap-default\">\n\t\t\t\t\t<div class=\"elementor-column elementor-col-100 elementor-top-column elementor-element elementor-element-3838a87c\" data-id=\"3838a87c\" data-element_type=\"column\" data-e-type=\"column\" data-settings=\"{&quot;hoteller_ext_link_sidemenu&quot;:&quot;false&quot;,&quot;hoteller_ext_link_fullmenu&quot;:&quot;false&quot;,&quot;hoteller_ext_link_closed_fullmenu&quot;:&quot;false&quot;,&quot;hoteller_ext_is_scrollme&quot;:&quot;false&quot;,&quot;hoteller_ext_is_smoove&quot;:&quot;false&quot;,&quot;hoteller_ext_is_parallax_mouse&quot;:&quot;false&quot;,&quot;hoteller_ext_is_infinite&quot;:&quot;false&quot;,&quot;hoteller_ext_is_fadeout_animation&quot;:&quot;false&quot;,&quot;hoteller_ext_mobile_static&quot;:&quot;false&quot;}\">\n\t\t\t<div class=\"elementor-widget-wrap elementor-element-populated\">\n\t\t\t\t\t\t<div class=\"elementor-element elementor-element-394e55d2 elementor-invisible elementor-widget elementor-widget-heading\" data-id=\"394e55d2\" data-element_type=\"widget\" data-e-type=\"widget\" data-settings=\"{&quot;_animation&quot;:&quot;fadeInUp&quot;,&quot;hoteller_ext_link_sidemenu&quot;:&quot;false&quot;,&quot;hoteller_ext_link_fullmenu&quot;:&quot;false&quot;,&quot;hoteller_ext_link_closed_fullmenu&quot;:&quot;false&quot;,&quot;hoteller_ext_is_scrollme&quot;:&quot;false&quot;,&quot;hoteller_ext_is_smoove&quot;:&quot;false&quot;,&quot;hoteller_ext_is_parallax_mouse&quot;:&quot;false&quot;,&quot;hoteller_ext_is_infinite&quot;:&quot;false&quot;,&quot;hoteller_ext_is_fadeout_animation&quot;:&quot;false&quot;,&quot;hoteller_ext_mobile_static&quot;:&quot;false&quot;}\" data-widget_type=\"heading.default\">\n\t\t\t\t<div class=\"elementor-widget-container\">\n\t\t\t\t\t<h1 class=\"elementor-heading-title elementor-size-default\">H\u00e9bergement <\/h1>\t\t\t\t<\/div>\n\t\t\t\t<\/div>\n\t\t\t\t\t<\/div>\n\t\t<\/div>\n\t\t\t\t\t<\/div>\n\t\t<\/section>\n\t\t\t\t<section class=\"elementor-section elementor-top-section elementor-element elementor-element-16dfcd5e elementor-section-stretched elementor-section-boxed elementor-section-height-default elementor-section-height-default\" data-id=\"16dfcd5e\" data-element_type=\"section\" data-e-type=\"section\" data-settings=\"{&quot;stretch_section&quot;:&quot;section-stretched&quot;,&quot;hoteller_ext_is_background_parallax&quot;:&quot;false&quot;,&quot;hoteller_ext_is_background_on_scroll&quot;:&quot;false&quot;}\">\n\t\t\t\t\t\t<div class=\"elementor-container elementor-column-gap-default\">\n\t\t\t\t\t<div class=\"elementor-column elementor-col-100 elementor-top-column elementor-element elementor-element-605d520a\" data-id=\"605d520a\" data-element_type=\"column\" data-e-type=\"column\" data-settings=\"{&quot;hoteller_ext_link_sidemenu&quot;:&quot;false&quot;,&quot;hoteller_ext_link_fullmenu&quot;:&quot;false&quot;,&quot;hoteller_ext_link_closed_fullmenu&quot;:&quot;false&quot;,&quot;hoteller_ext_is_scrollme&quot;:&quot;false&quot;,&quot;hoteller_ext_is_smoove&quot;:&quot;false&quot;,&quot;hoteller_ext_is_parallax_mouse&quot;:&quot;false&quot;,&quot;hoteller_ext_is_infinite&quot;:&quot;false&quot;,&quot;hoteller_ext_is_fadeout_animation&quot;:&quot;false&quot;,&quot;hoteller_ext_mobile_static&quot;:&quot;false&quot;}\">\n\t\t\t<div class=\"elementor-widget-wrap elementor-element-populated\">\n\t\t\t\t\t\t<div class=\"elementor-element elementor-element-713bb85e elementor-widget elementor-widget-hoteller-distortion-grid\" data-id=\"713bb85e\" data-element_type=\"widget\" data-e-type=\"widget\" data-settings=\"{&quot;hoteller_ext_link_sidemenu&quot;:&quot;false&quot;,&quot;hoteller_ext_link_fullmenu&quot;:&quot;false&quot;,&quot;hoteller_ext_link_closed_fullmenu&quot;:&quot;false&quot;,&quot;hoteller_ext_is_scrollme&quot;:&quot;false&quot;,&quot;hoteller_ext_is_smoove&quot;:&quot;false&quot;,&quot;hoteller_ext_is_parallax_mouse&quot;:&quot;false&quot;,&quot;hoteller_ext_is_infinite&quot;:&quot;false&quot;,&quot;hoteller_ext_is_fadeout_animation&quot;:&quot;false&quot;,&quot;hoteller_ext_mobile_static&quot;:&quot;false&quot;}\" data-widget_type=\"hoteller-distortion-grid.default\">\n\t\t\t\t<div class=\"elementor-widget-container\">\n\t\t\t\t\t<div class=\"distortion_grid_wrapper\">\n\t\t<div class=\"distortion_grid_item distortion_grid_item--bg theme-3\">\n\t\t\t<div class=\"distortion_grid_item-img\" data-displacement=\"https:\/\/www.alpleisure.com\/wp-content\/plugins\/hoteller-elementor\/assets\/images\/distortion-grid\/4.png\" data-intensity=\"0.2\" data-speedin=\"1.6\" data-speedout=\"1.6\" >\n\t\t\t\t<img decoding=\"async\" src=\"https:\/\/www.alpleisure.com\/wp-content\/uploads\/2020\/04\/Folie-Blanche-Ext-LC-610x610.jpg\" alt=\"Vue ext\u00e9rieure Chalet de Ski de Luxe Igloo Courchevel\"\/>\n\t\t\t\t<img decoding=\"async\" src=\"https:\/\/www.alpleisure.com\/wp-content\/uploads\/2020\/04\/CristalLodgeChaletLuxury17-610x610.jpg\" alt=\"Chambre Chalet de Ski de Luxe Cristal Lodge Meribel\"\/>\n\t\t\t<\/div>\n\t\t\t<div class=\"distortion_grid_item-content\">\n\t\t\t\t<span class=\"distortion_grid_item-meta\"><\/span>\n\t\t\t\t<h2 class=\"distortion_grid_item-title\">Chalets<\/h2>\n\t\t\t\t<div class=\"distortion_grid_item-subtitle\">\n\t\t\t\t\t<span><\/span>\n\t\t\t\t\t<a class=\"distortion_grid_item-link\" href=\"https:\/\/www.alpleisure.com\/fr\/our-rooms\/\" >En savoir plus<\/a>\n\t\t\t\t<\/div>\n\t\t\t<\/div>\n\t\t<\/div>\n\t\t<div class=\"distortion_grid_item distortion_grid_item--bg theme-3\">\n\t\t\t<div class=\"distortion_grid_item-img\" data-displacement=\"https:\/\/www.alpleisure.com\/wp-content\/plugins\/hoteller-elementor\/assets\/images\/distortion-grid\/4.png\" data-intensity=\"0.2\" data-speedin=\"1.6\" data-speedout=\"1.6\" >\n\t\t\t\t<img decoding=\"async\" src=\"https:\/\/www.alpleisure.com\/wp-content\/uploads\/2020\/05\/Living-Balcony-Day-A04-610x610.jpg\" alt=\"S\u00e9jour Balcon Jour A04\"\/>\n\t\t\t\t<img decoding=\"async\" src=\"https:\/\/www.alpleisure.com\/wp-content\/uploads\/2020\/05\/Living-View-of-Balcony-Dusk-610x610.jpg\" alt=\"Vue du balcon au cr\u00e9puscule\"\/>\n\t\t\t<\/div>\n\t\t\t<div class=\"distortion_grid_item-content\">\n\t\t\t\t<span class=\"distortion_grid_item-meta\"><\/span>\n\t\t\t\t<h2 class=\"distortion_grid_item-title\">Appartements<\/h2>\n\t\t\t\t<div class=\"distortion_grid_item-subtitle\">\n\t\t\t\t\t<span><\/span>\n\t\t\t\t\t<a class=\"distortion_grid_item-link\" href=\"https:\/\/www.alpleisure.com\/fr\/hebergement\/deluxe-room\/\" >Reserve maintenant<\/a>\n\t\t\t\t<\/div>\n\t\t\t<\/div>\n\t\t<\/div>\n<\/div>\n\t\t\t\t<\/div>\n\t\t\t\t<\/div>\n\t\t\t\t\t<\/div>\n\t\t<\/div>\n\t\t\t\t\t<\/div>\n\t\t<\/section>\n\t\t\t\t<\/div>","protected":false},"excerpt":{"rendered":"<p>H\u00e9bergements Chalets Voir plus Appartements R\u00e9server<\/p>","protected":false},"author":1,"featured_media":0,"parent":0,"menu_order":0,"comment_status":"closed","ping_status":"closed","template":"","meta":{"_acf_changed":false,"footnotes":""},"class_list":["post-2103","page","type-page","status-publish","hentry"],"acf":[],"yoast_head":"<!-- This site is optimized with the Yoast SEO plugin v27.5 - https:\/\/yoast.com\/product\/yoast-seo-wordpress\/ -->\n<title>Our Properties - Alp Leisure Ltd<\/title>\n<meta name=\"description\" content=\"Private Luxury Ski Chalets rental in France with freedom to choose. Luxury Chalet Skiing holidays with complete flexibility. Ski in the best luxury chalets\" \/>\n<meta name=\"robots\" content=\"index, follow, max-snippet:-1, max-image-preview:large, max-video-preview:-1\" \/>\n<link rel=\"canonical\" href=\"https:\/\/www.alpleisure.com\/fr\/ski-de-luxe\/nos-proprietes\/\" \/>\n<meta property=\"og:locale\" content=\"fr_FR\" \/>\n<meta property=\"og:type\" content=\"article\" \/>\n<meta property=\"og:title\" content=\"Our Properties - Alp Leisure Ltd\" \/>\n<meta property=\"og:description\" content=\"Private Luxury Ski Chalets rental in France with freedom to choose. Luxury Chalet Skiing holidays with complete flexibility. Ski in the best luxury chalets\" \/>\n<meta property=\"og:url\" content=\"https:\/\/www.alpleisure.com\/fr\/ski-de-luxe\/nos-proprietes\/\" \/>\n<meta property=\"og:site_name\" content=\"Alp Leisure Ltd\" \/>\n<meta property=\"article:publisher\" content=\"https:\/\/www.facebook.com\/alpleisureltd\/\" \/>\n<meta property=\"article:modified_time\" content=\"2020-06-23T09:37:14+00:00\" \/>\n<meta property=\"og:image\" content=\"http:\/\/alpleisure.com\/wp-content\/uploads\/2020\/04\/Folie-Blanche-Ext-LC-610x610.jpg\" \/>\n<meta name=\"twitter:card\" content=\"summary_large_image\" \/>\n<meta name=\"twitter:site\" content=\"@AlpLeisureLtd\" \/>\n<script type=\"application\/ld+json\" class=\"yoast-schema-graph\">{\"@context\":\"https:\\\/\\\/schema.org\",\"@graph\":[{\"@type\":\"WebPage\",\"@id\":\"https:\\\/\\\/www.alpleisure.com\\\/fr\\\/ski-de-luxe\\\/nos-proprietes\\\/\",\"url\":\"https:\\\/\\\/www.alpleisure.com\\\/fr\\\/ski-de-luxe\\\/nos-proprietes\\\/\",\"name\":\"Our Properties - Alp Leisure Ltd\",\"isPartOf\":{\"@id\":\"https:\\\/\\\/www.alpleisure.com\\\/fr\\\/#website\"},\"primaryImageOfPage\":{\"@id\":\"https:\\\/\\\/www.alpleisure.com\\\/fr\\\/ski-de-luxe\\\/nos-proprietes\\\/#primaryimage\"},\"image\":{\"@id\":\"https:\\\/\\\/www.alpleisure.com\\\/fr\\\/ski-de-luxe\\\/nos-proprietes\\\/#primaryimage\"},\"thumbnailUrl\":\"http:\\\/\\\/alpleisure.com\\\/wp-content\\\/uploads\\\/2020\\\/04\\\/Folie-Blanche-Ext-LC-610x610.jpg\",\"datePublished\":\"2020-05-25T07:20:12+00:00\",\"dateModified\":\"2020-06-23T09:37:14+00:00\",\"description\":\"Private Luxury Ski Chalets rental in France with freedom to choose. Luxury Chalet Skiing holidays with complete flexibility. Ski in the best luxury chalets\",\"breadcrumb\":{\"@id\":\"https:\\\/\\\/www.alpleisure.com\\\/fr\\\/ski-de-luxe\\\/nos-proprietes\\\/#breadcrumb\"},\"inLanguage\":\"fr-FR\",\"potentialAction\":[{\"@type\":\"ReadAction\",\"target\":[\"https:\\\/\\\/www.alpleisure.com\\\/fr\\\/ski-de-luxe\\\/nos-proprietes\\\/\"]}]},{\"@type\":\"ImageObject\",\"inLanguage\":\"fr-FR\",\"@id\":\"https:\\\/\\\/www.alpleisure.com\\\/fr\\\/ski-de-luxe\\\/nos-proprietes\\\/#primaryimage\",\"url\":\"http:\\\/\\\/alpleisure.com\\\/wp-content\\\/uploads\\\/2020\\\/04\\\/Folie-Blanche-Ext-LC-610x610.jpg\",\"contentUrl\":\"http:\\\/\\\/alpleisure.com\\\/wp-content\\\/uploads\\\/2020\\\/04\\\/Folie-Blanche-Ext-LC-610x610.jpg\"},{\"@type\":\"BreadcrumbList\",\"@id\":\"https:\\\/\\\/www.alpleisure.com\\\/fr\\\/ski-de-luxe\\\/nos-proprietes\\\/#breadcrumb\",\"itemListElement\":[{\"@type\":\"ListItem\",\"position\":1,\"name\":\"Home\",\"item\":\"https:\\\/\\\/www.alpleisure.com\\\/\"},{\"@type\":\"ListItem\",\"position\":2,\"name\":\"Our Properties\"}]},{\"@type\":\"WebSite\",\"@id\":\"https:\\\/\\\/www.alpleisure.com\\\/fr\\\/#website\",\"url\":\"https:\\\/\\\/www.alpleisure.com\\\/fr\\\/\",\"name\":\"Alp Leisure Ltd\",\"description\":\"Private Luxury Chalets\",\"publisher\":{\"@id\":\"https:\\\/\\\/www.alpleisure.com\\\/fr\\\/#organization\"},\"potentialAction\":[{\"@type\":\"SearchAction\",\"target\":{\"@type\":\"EntryPoint\",\"urlTemplate\":\"https:\\\/\\\/www.alpleisure.com\\\/fr\\\/?s={search_term_string}\"},\"query-input\":{\"@type\":\"PropertyValueSpecification\",\"valueRequired\":true,\"valueName\":\"search_term_string\"}}],\"inLanguage\":\"fr-FR\"},{\"@type\":\"Organization\",\"@id\":\"https:\\\/\\\/www.alpleisure.com\\\/fr\\\/#organization\",\"name\":\"Alp Leisure Ltd\",\"url\":\"https:\\\/\\\/www.alpleisure.com\\\/fr\\\/\",\"logo\":{\"@type\":\"ImageObject\",\"inLanguage\":\"fr-FR\",\"@id\":\"https:\\\/\\\/www.alpleisure.com\\\/fr\\\/#\\\/schema\\\/logo\\\/image\\\/\",\"url\":\"https:\\\/\\\/www.alpleisure.com\\\/wp-content\\\/uploads\\\/2019\\\/06\\\/Alp-Leisure-Black-e1592823739589.gif\",\"contentUrl\":\"https:\\\/\\\/www.alpleisure.com\\\/wp-content\\\/uploads\\\/2019\\\/06\\\/Alp-Leisure-Black-e1592823739589.gif\",\"width\":1000,\"height\":155,\"caption\":\"Alp Leisure Ltd\"},\"image\":{\"@id\":\"https:\\\/\\\/www.alpleisure.com\\\/fr\\\/#\\\/schema\\\/logo\\\/image\\\/\"},\"sameAs\":[\"https:\\\/\\\/www.facebook.com\\\/alpleisureltd\\\/\",\"https:\\\/\\\/x.com\\\/AlpLeisureLtd\",\"https:\\\/\\\/www.instagram.com\\\/alp_leisure_ltd\\\/\",\"https:\\\/\\\/www.linkedin.com\\\/company\\\/5213398\\\/\",\"https:\\\/\\\/www.youtube.com\\\/channel\\\/UCHpxQIr4voEotGnVdeVwRLg\"]}]}<\/script>\n<!-- \/ Yoast SEO plugin. -->","yoast_head_json":{"title":"Nos propri\u00e9t\u00e9s - Alp Leisure SA","description":"Location de Chalets de ski de luxe priv\u00e9s en France en toute libert\u00e9. Des vacances de ski en chalet de luxe en toute flexibilit\u00e9. Skiez dans les meilleurs chalets de luxe","robots":{"index":"index","follow":"follow","max-snippet":"max-snippet:-1","max-image-preview":"max-image-preview:large","max-video-preview":"max-video-preview:-1"},"canonical":"https:\/\/www.alpleisure.com\/fr\/ski-de-luxe\/nos-proprietes\/","og_locale":"fr_FR","og_type":"article","og_title":"Our Properties - Alp Leisure Ltd","og_description":"Private Luxury Ski Chalets rental in France with freedom to choose. Luxury Chalet Skiing holidays with complete flexibility. Ski in the best luxury chalets","og_url":"https:\/\/www.alpleisure.com\/fr\/ski-de-luxe\/nos-proprietes\/","og_site_name":"Alp Leisure Ltd","article_publisher":"https:\/\/www.facebook.com\/alpleisureltd\/","article_modified_time":"2020-06-23T09:37:14+00:00","og_image":[{"url":"http:\/\/alpleisure.com\/wp-content\/uploads\/2020\/04\/Folie-Blanche-Ext-LC-610x610.jpg","type":"","width":"","height":""}],"twitter_card":"summary_large_image","twitter_site":"@AlpLeisureLtd","schema":{"@context":"https:\/\/schema.org","@graph":[{"@type":"WebPage","@id":"https:\/\/www.alpleisure.com\/fr\/ski-de-luxe\/nos-proprietes\/","url":"https:\/\/www.alpleisure.com\/fr\/ski-de-luxe\/nos-proprietes\/","name":"Nos propri\u00e9t\u00e9s - Alp Leisure SA","isPartOf":{"@id":"https:\/\/www.alpleisure.com\/fr\/#website"},"primaryImageOfPage":{"@id":"https:\/\/www.alpleisure.com\/fr\/ski-de-luxe\/nos-proprietes\/#primaryimage"},"image":{"@id":"https:\/\/www.alpleisure.com\/fr\/ski-de-luxe\/nos-proprietes\/#primaryimage"},"thumbnailUrl":"http:\/\/alpleisure.com\/wp-content\/uploads\/2020\/04\/Folie-Blanche-Ext-LC-610x610.jpg","datePublished":"2020-05-25T07:20:12+00:00","dateModified":"2020-06-23T09:37:14+00:00","description":"Location de Chalets de ski de luxe priv\u00e9s en France en toute libert\u00e9. Des vacances de ski en chalet de luxe en toute flexibilit\u00e9. Skiez dans les meilleurs chalets de luxe","breadcrumb":{"@id":"https:\/\/www.alpleisure.com\/fr\/ski-de-luxe\/nos-proprietes\/#breadcrumb"},"inLanguage":"fr-FR","potentialAction":[{"@type":"ReadAction","target":["https:\/\/www.alpleisure.com\/fr\/ski-de-luxe\/nos-proprietes\/"]}]},{"@type":"ImageObject","inLanguage":"fr-FR","@id":"https:\/\/www.alpleisure.com\/fr\/ski-de-luxe\/nos-proprietes\/#primaryimage","url":"http:\/\/alpleisure.com\/wp-content\/uploads\/2020\/04\/Folie-Blanche-Ext-LC-610x610.jpg","contentUrl":"http:\/\/alpleisure.com\/wp-content\/uploads\/2020\/04\/Folie-Blanche-Ext-LC-610x610.jpg"},{"@type":"BreadcrumbList","@id":"https:\/\/www.alpleisure.com\/fr\/ski-de-luxe\/nos-proprietes\/#breadcrumb","itemListElement":[{"@type":"ListItem","position":1,"name":"Home","item":"https:\/\/www.alpleisure.com\/"},{"@type":"ListItem","position":2,"name":"Our Properties"}]},{"@type":"WebSite","@id":"https:\/\/www.alpleisure.com\/fr\/#website","url":"https:\/\/www.alpleisure.com\/fr\/","name":"Alp Leisure Ltd","description":"Chalets de luxe priv\u00e9s","publisher":{"@id":"https:\/\/www.alpleisure.com\/fr\/#organization"},"potentialAction":[{"@type":"SearchAction","target":{"@type":"EntryPoint","urlTemplate":"https:\/\/www.alpleisure.com\/fr\/?s={search_term_string}"},"query-input":{"@type":"PropertyValueSpecification","valueRequired":true,"valueName":"search_term_string"}}],"inLanguage":"fr-FR"},{"@type":"Organization","@id":"https:\/\/www.alpleisure.com\/fr\/#organization","name":"Alp Leisure Ltd","url":"https:\/\/www.alpleisure.com\/fr\/","logo":{"@type":"ImageObject","inLanguage":"fr-FR","@id":"https:\/\/www.alpleisure.com\/fr\/#\/schema\/logo\/image\/","url":"https:\/\/www.alpleisure.com\/wp-content\/uploads\/2019\/06\/Alp-Leisure-Black-e1592823739589.gif","contentUrl":"https:\/\/www.alpleisure.com\/wp-content\/uploads\/2019\/06\/Alp-Leisure-Black-e1592823739589.gif","width":1000,"height":155,"caption":"Alp Leisure Ltd"},"image":{"@id":"https:\/\/www.alpleisure.com\/fr\/#\/schema\/logo\/image\/"},"sameAs":["https:\/\/www.facebook.com\/alpleisureltd\/","https:\/\/x.com\/AlpLeisureLtd","https:\/\/www.instagram.com\/alp_leisure_ltd\/","https:\/\/www.linkedin.com\/company\/5213398\/","https:\/\/www.youtube.com\/channel\/UCHpxQIr4voEotGnVdeVwRLg"]}]}},"_links":{"self":[{"href":"https:\/\/www.alpleisure.com\/fr\/wp-json\/wp\/v2\/pages\/2103","targetHints":{"allow":["GET"]}}],"collection":[{"href":"https:\/\/www.alpleisure.com\/fr\/wp-json\/wp\/v2\/pages"}],"about":[{"href":"https:\/\/www.alpleisure.com\/fr\/wp-json\/wp\/v2\/types\/page"}],"author":[{"embeddable":true,"href":"https:\/\/www.alpleisure.com\/fr\/wp-json\/wp\/v2\/users\/1"}],"replies":[{"embeddable":true,"href":"https:\/\/www.alpleisure.com\/fr\/wp-json\/wp\/v2\/comments?post=2103"}],"version-history":[{"count":6,"href":"https:\/\/www.alpleisure.com\/fr\/wp-json\/wp\/v2\/pages\/2103\/revisions"}],"predecessor-version":[{"id":2238,"href":"https:\/\/www.alpleisure.com\/fr\/wp-json\/wp\/v2\/pages\/2103\/revisions\/2238"}],"wp:attachment":[{"href":"https:\/\/www.alpleisure.com\/fr\/wp-json\/wp\/v2\/media?parent=2103"}],"curies":[{"name":"wp","href":"https:\/\/api.w.org\/{rel}","templated":true}]}}