{"id":204,"date":"2018-06-13T11:45:42","date_gmt":"2018-06-13T11:45:42","guid":{"rendered":"http:\/\/alpleisure.com\/?page_id=204"},"modified":"2021-03-30T16:15:00","modified_gmt":"2021-03-30T14:15:00","slug":"nos-chalets","status":"publish","type":"page","link":"https:\/\/www.alpleisure.com\/fr\/ski-de-luxe\/nos-chalets\/","title":{"rendered":"Nos chalets"},"content":{"rendered":"<div data-elementor-type=\"wp-post\" data-elementor-id=\"204\" class=\"elementor elementor-204\">\n\t\t\t\t\t\t<section class=\"elementor-section elementor-top-section elementor-element elementor-element-1455370 elementor-section-stretched elementor-section-height-min-height elementor-section-boxed elementor-section-height-default elementor-section-items-middle\" data-id=\"1455370\" data-element_type=\"section\" data-e-type=\"section\" data-settings=\"{&quot;stretch_section&quot;:&quot;section-stretched&quot;,&quot;background_background&quot;:&quot;classic&quot;,&quot;hoteller_ext_is_background_parallax&quot;:&quot;false&quot;,&quot;hoteller_ext_is_background_on_scroll&quot;:&quot;false&quot;}\">\n\t\t\t\t\t\t\t<div class=\"elementor-background-overlay\"><\/div>\n\t\t\t\t\t\t\t<div class=\"elementor-container elementor-column-gap-default\">\n\t\t\t\t\t<div class=\"elementor-column elementor-col-100 elementor-top-column elementor-element elementor-element-f011a00\" data-id=\"f011a00\" data-element_type=\"column\" data-e-type=\"column\" data-settings=\"{&quot;hoteller_ext_link_sidemenu&quot;:&quot;false&quot;,&quot;hoteller_ext_link_fullmenu&quot;:&quot;false&quot;,&quot;hoteller_ext_link_closed_fullmenu&quot;:&quot;false&quot;,&quot;hoteller_ext_is_scrollme&quot;:&quot;false&quot;,&quot;hoteller_ext_is_smoove&quot;:&quot;false&quot;,&quot;hoteller_ext_is_parallax_mouse&quot;:&quot;false&quot;,&quot;hoteller_ext_is_infinite&quot;:&quot;false&quot;,&quot;hoteller_ext_is_fadeout_animation&quot;:&quot;false&quot;,&quot;hoteller_ext_mobile_static&quot;:&quot;false&quot;}\">\n\t\t\t<div class=\"elementor-widget-wrap elementor-element-populated\">\n\t\t\t\t\t\t<div class=\"elementor-element elementor-element-f0e1a3c elementor-invisible elementor-widget elementor-widget-heading\" data-id=\"f0e1a3c\" data-element_type=\"widget\" data-e-type=\"widget\" data-settings=\"{&quot;_animation&quot;:&quot;fadeInUp&quot;,&quot;hoteller_ext_link_sidemenu&quot;:&quot;false&quot;,&quot;hoteller_ext_link_fullmenu&quot;:&quot;false&quot;,&quot;hoteller_ext_link_closed_fullmenu&quot;:&quot;false&quot;,&quot;hoteller_ext_is_scrollme&quot;:&quot;false&quot;,&quot;hoteller_ext_is_smoove&quot;:&quot;false&quot;,&quot;hoteller_ext_is_parallax_mouse&quot;:&quot;false&quot;,&quot;hoteller_ext_is_infinite&quot;:&quot;false&quot;,&quot;hoteller_ext_is_fadeout_animation&quot;:&quot;false&quot;,&quot;hoteller_ext_mobile_static&quot;:&quot;false&quot;}\" data-widget_type=\"heading.default\">\n\t\t\t\t<div class=\"elementor-widget-container\">\n\t\t\t\t\t<h1 class=\"elementor-heading-title elementor-size-default\">Nos chalets<\/h1>\t\t\t\t<\/div>\n\t\t\t\t<\/div>\n\t\t\t\t<div class=\"elementor-element elementor-element-a29b869 elementor-invisible elementor-widget elementor-widget-heading\" data-id=\"a29b869\" data-element_type=\"widget\" data-e-type=\"widget\" data-settings=\"{&quot;_animation&quot;:&quot;fadeInUp&quot;,&quot;_animation_delay&quot;:400,&quot;hoteller_ext_link_sidemenu&quot;:&quot;false&quot;,&quot;hoteller_ext_link_fullmenu&quot;:&quot;false&quot;,&quot;hoteller_ext_link_closed_fullmenu&quot;:&quot;false&quot;,&quot;hoteller_ext_is_scrollme&quot;:&quot;false&quot;,&quot;hoteller_ext_is_smoove&quot;:&quot;false&quot;,&quot;hoteller_ext_is_parallax_mouse&quot;:&quot;false&quot;,&quot;hoteller_ext_is_infinite&quot;:&quot;false&quot;,&quot;hoteller_ext_is_fadeout_animation&quot;:&quot;false&quot;,&quot;hoteller_ext_mobile_static&quot;:&quot;false&quot;}\" data-widget_type=\"heading.default\">\n\t\t\t\t<div class=\"elementor-widget-container\">\n\t\t\t\t\t<h5 class=\"elementor-heading-title elementor-size-default\">D\u00e9couvrez la vie de luxe d&#039;ALP LEISURE LTD<\/h5>\t\t\t\t<\/div>\n\t\t\t\t<\/div>\n\t\t\t\t\t<\/div>\n\t\t<\/div>\n\t\t\t\t\t<\/div>\n\t\t<\/section>\n\t\t\t\t<section class=\"elementor-section elementor-top-section elementor-element elementor-element-f668637 elementor-section-stretched elementor-section-full_width elementor-section-height-default elementor-section-height-default\" data-id=\"f668637\" data-element_type=\"section\" data-e-type=\"section\" data-settings=\"{&quot;stretch_section&quot;:&quot;section-stretched&quot;,&quot;hoteller_ext_is_background_parallax&quot;:&quot;false&quot;,&quot;hoteller_ext_is_background_on_scroll&quot;:&quot;false&quot;}\">\n\t\t\t\t\t\t<div class=\"elementor-container elementor-column-gap-default\">\n\t\t\t\t\t<div class=\"elementor-column elementor-col-100 elementor-top-column elementor-element elementor-element-858096b\" data-id=\"858096b\" data-element_type=\"column\" data-e-type=\"column\" data-settings=\"{&quot;hoteller_ext_link_sidemenu&quot;:&quot;false&quot;,&quot;hoteller_ext_link_fullmenu&quot;:&quot;false&quot;,&quot;hoteller_ext_link_closed_fullmenu&quot;:&quot;false&quot;,&quot;hoteller_ext_is_scrollme&quot;:&quot;false&quot;,&quot;hoteller_ext_is_smoove&quot;:&quot;false&quot;,&quot;hoteller_ext_is_parallax_mouse&quot;:&quot;false&quot;,&quot;hoteller_ext_is_infinite&quot;:&quot;false&quot;,&quot;hoteller_ext_is_fadeout_animation&quot;:&quot;false&quot;,&quot;hoteller_ext_mobile_static&quot;:&quot;false&quot;}\">\n\t\t\t<div class=\"elementor-widget-wrap elementor-element-populated\">\n\t\t\t\t\t\t<div class=\"elementor-element elementor-element-ef0e353 elementor-widget elementor-widget-hoteller-distortion-grid\" data-id=\"ef0e353\" data-element_type=\"widget\" data-e-type=\"widget\" data-settings=\"{&quot;hoteller_ext_link_sidemenu&quot;:&quot;false&quot;,&quot;hoteller_ext_link_fullmenu&quot;:&quot;false&quot;,&quot;hoteller_ext_link_closed_fullmenu&quot;:&quot;false&quot;,&quot;hoteller_ext_is_scrollme&quot;:&quot;false&quot;,&quot;hoteller_ext_is_smoove&quot;:&quot;false&quot;,&quot;hoteller_ext_is_parallax_mouse&quot;:&quot;false&quot;,&quot;hoteller_ext_is_infinite&quot;:&quot;false&quot;,&quot;hoteller_ext_is_fadeout_animation&quot;:&quot;false&quot;,&quot;hoteller_ext_mobile_static&quot;:&quot;false&quot;}\" data-widget_type=\"hoteller-distortion-grid.default\">\n\t\t\t\t<div class=\"elementor-widget-container\">\n\t\t\t\t\t<div class=\"distortion_grid_wrapper\">\n\t\t<div class=\"distortion_grid_item distortion_grid_item--bg theme-3\">\n\t\t\t<div class=\"distortion_grid_item-img\" data-displacement=\"https:\/\/www.alpleisure.com\/wp-content\/plugins\/hoteller-elementor\/assets\/images\/distortion-grid\/4.png\" data-intensity=\"0.2\" data-speedin=\"1.6\" data-speedout=\"1.6\" >\n\t\t\t\t<img decoding=\"async\" src=\"https:\/\/www.alpleisure.com\/wp-content\/uploads\/2019\/08\/Chalet-Aster-Sitting-3-610x610.jpg\" alt=\"Le salon du chalet de ski de luxe Aster \u00e0 Courchevel 1650\"\/>\n\t\t\t\t<img decoding=\"async\" src=\"https:\/\/www.alpleisure.com\/wp-content\/uploads\/2019\/06\/Chalet-Aster-Jacuzzi-2-610x610.jpg\" alt=\"Vue Jacuzzi Dans Chalet De Ski De Luxe Aster \u00c0 Courchevel 1650\"\/>\n\t\t\t<\/div>\n\t\t\t<div class=\"distortion_grid_item-content\">\n\t\t\t\t<span class=\"distortion_grid_item-meta\">Courchevel 1650<\/span>\n\t\t\t\t<h2 class=\"distortion_grid_item-title\">Chalet Aster<\/h2>\n\t\t\t\t<div class=\"distortion_grid_item-subtitle\">\n\t\t\t\t\t<span><\/span>\n\t\t\t\t\t<a class=\"distortion_grid_item-link\" href=\"https:\/\/www.alpleisure.com\/fr\/hebergement\/chalet\/chalet-aster\/\" >En savoir plus<\/a>\n\t\t\t\t<\/div>\n\t\t\t<\/div>\n\t\t<\/div>\n\t\t<div class=\"distortion_grid_item distortion_grid_item--bg theme-3\">\n\t\t\t<div class=\"distortion_grid_item-img\" data-displacement=\"https:\/\/www.alpleisure.com\/wp-content\/plugins\/hoteller-elementor\/assets\/images\/distortion-grid\/4.png\" data-intensity=\"0.2\" data-speedin=\"1.6\" data-speedout=\"1.6\" >\n\t\t\t\t<img decoding=\"async\" src=\"https:\/\/www.alpleisure.com\/wp-content\/uploads\/2020\/03\/180306-023-610x610.jpg\" alt=\"Chambre 1 Dans Chalet De Ski De Luxe Tomkins \u00c0 M\u00e9ribel\"\/>\n\t\t\t\t<img decoding=\"async\" src=\"https:\/\/www.alpleisure.com\/wp-content\/uploads\/2020\/03\/180306-017-1-610x610.jpg\" alt=\"Salon avec feu et champagne dans le chalet de ski de luxe Tomkins \u00e0 M\u00e9ribel\"\/>\n\t\t\t<\/div>\n\t\t\t<div class=\"distortion_grid_item-content\">\n\t\t\t\t<span class=\"distortion_grid_item-meta\">Meribel 1300<\/span>\n\t\t\t\t<h2 class=\"distortion_grid_item-title\">Chalet Tomkins<\/h2>\n\t\t\t\t<div class=\"distortion_grid_item-subtitle\">\n\t\t\t\t\t<span><\/span>\n\t\t\t\t\t<a class=\"distortion_grid_item-link\" href=\"https:\/\/www.alpleisure.com\/fr\/hebergement\/chalet\/chalet-tomkins\/\" >En savoir plus<\/a>\n\t\t\t\t<\/div>\n\t\t\t<\/div>\n\t\t<\/div>\n\t\t<div class=\"distortion_grid_item distortion_grid_item--bg theme-3\">\n\t\t\t<div class=\"distortion_grid_item-img\" data-displacement=\"https:\/\/www.alpleisure.com\/wp-content\/plugins\/hoteller-elementor\/assets\/images\/distortion-grid\/4.png\" data-intensity=\"0.2\" data-speedin=\"1.6\" data-speedout=\"1.6\" >\n\t\t\t\t<img decoding=\"async\" src=\"https:\/\/www.alpleisure.com\/wp-content\/uploads\/2021\/03\/Sitting-Room-View-With-Telescope-Luxury-Ski-Chalet-Cristal-Lodge-Meribel-610x610.jpg\" alt=\"Salon Vue Avec T\u00e9lescope Chalet de Ski de Luxe Cristal Lodge Meribel\"\/>\n\t\t\t\t<img decoding=\"async\" src=\"https:\/\/www.alpleisure.com\/wp-content\/uploads\/2020\/04\/CristalLodgeChaletLuxury17-610x610.jpg\" alt=\"Chambre Chalet de Ski de Luxe Cristal Lodge Meribel\"\/>\n\t\t\t<\/div>\n\t\t\t<div class=\"distortion_grid_item-content\">\n\t\t\t\t<span class=\"distortion_grid_item-meta\">Meribel 1300<\/span>\n\t\t\t\t<h2 class=\"distortion_grid_item-title\">Cristal Lodge<\/h2>\n\t\t\t\t<div class=\"distortion_grid_item-subtitle\">\n\t\t\t\t\t<span><\/span>\n\t\t\t\t\t<a class=\"distortion_grid_item-link\" href=\"https:\/\/www.alpleisure.com\/fr\/hebergement\/chalet\/cristal-lodge\/\" >En savoir plus<\/a>\n\t\t\t\t<\/div>\n\t\t\t<\/div>\n\t\t<\/div>\n\t\t<div class=\"distortion_grid_item distortion_grid_item--bg theme-3\">\n\t\t\t<div class=\"distortion_grid_item-img\" data-displacement=\"https:\/\/www.alpleisure.com\/wp-content\/plugins\/hoteller-elementor\/assets\/images\/distortion-grid\/4.png\" data-intensity=\"0.2\" data-speedin=\"1.6\" data-speedout=\"1.6\" >\n\t\t\t\t<img decoding=\"async\" src=\"https:\/\/www.alpleisure.com\/wp-content\/uploads\/2020\/03\/Loup-Blanc0085-610x610.jpg\" alt=\"Piscine dans nos chalets de ski de luxe \u00e0 Courchevel et M\u00e9ribel 4\"\/>\n\t\t\t\t<img decoding=\"async\" src=\"https:\/\/www.alpleisure.com\/wp-content\/uploads\/2020\/03\/Loup-Blanc0036-610x610.jpg\" alt=\"Le salon et la t\u00e9l\u00e9vision dans le chalet de ski de luxe Loup Blanc \u00e0 Courchevel Le Praz\"\/>\n\t\t\t<\/div>\n\t\t\t<div class=\"distortion_grid_item-content\">\n\t\t\t\t<span class=\"distortion_grid_item-meta\">Courchevel le Praz<\/span>\n\t\t\t\t<h2 class=\"distortion_grid_item-title\">Chalet Loup Blanc<\/h2>\n\t\t\t\t<div class=\"distortion_grid_item-subtitle\">\n\t\t\t\t\t<span><\/span>\n\t\t\t\t\t<a class=\"distortion_grid_item-link\" href=\"https:\/\/www.alpleisure.com\/fr\/hebergement\/chalet\/chalet-loup-blanc\/\" >En savoir plus<\/a>\n\t\t\t\t<\/div>\n\t\t\t<\/div>\n\t\t<\/div>\n\t\t<div class=\"distortion_grid_item distortion_grid_item--bg theme-3\">\n\t\t\t<div class=\"distortion_grid_item-img\" data-displacement=\"https:\/\/www.alpleisure.com\/wp-content\/plugins\/hoteller-elementor\/assets\/images\/distortion-grid\/4.png\" data-intensity=\"0.2\" data-speedin=\"1.6\" data-speedout=\"1.6\" >\n\t\t\t\t<img decoding=\"async\" src=\"https:\/\/www.alpleisure.com\/wp-content\/uploads\/2020\/03\/Ext-Bartavelles-3-1200-610x610.jpg\" alt=\"Vue ext\u00e9rieure arri\u00e8re du chalet de ski de luxe Bartavelles \u00e0 M\u00e9ribel\"\/>\n\t\t\t\t<img decoding=\"async\" src=\"https:\/\/www.alpleisure.com\/wp-content\/uploads\/2020\/03\/sitting-room1-bis-1200-610x610.jpg\" alt=\"Salon dans chalet de ski de luxe Bartavelles \u00e0 M\u00e9ribel\"\/>\n\t\t\t<\/div>\n\t\t\t<div class=\"distortion_grid_item-content\">\n\t\t\t\t<span class=\"distortion_grid_item-meta\">Meribel 1300<\/span>\n\t\t\t\t<h2 class=\"distortion_grid_item-title\">Chalet Bartavelles<\/h2>\n\t\t\t\t<div class=\"distortion_grid_item-subtitle\">\n\t\t\t\t\t<span><\/span>\n\t\t\t\t\t<a class=\"distortion_grid_item-link\" href=\"https:\/\/www.alpleisure.com\/fr\/hebergement\/chalet\/chalet-bartavelles\/\" >En savoir plus<\/a>\n\t\t\t\t<\/div>\n\t\t\t<\/div>\n\t\t<\/div>\n\t\t<div class=\"distortion_grid_item distortion_grid_item--bg theme-3\">\n\t\t\t<div class=\"distortion_grid_item-img\" data-displacement=\"https:\/\/www.alpleisure.com\/wp-content\/plugins\/hoteller-elementor\/assets\/images\/distortion-grid\/4.png\" data-intensity=\"0.2\" data-speedin=\"1.6\" data-speedout=\"1.6\" >\n\t\t\t\t<img decoding=\"async\" src=\"https:\/\/www.alpleisure.com\/wp-content\/uploads\/2020\/04\/Folie-Blanche-Ext-LC-610x610.jpg\" alt=\"Vue ext\u00e9rieure Chalet de Ski de Luxe Igloo Courchevel\"\/>\n\t\t\t\t<img decoding=\"async\" src=\"https:\/\/www.alpleisure.com\/wp-content\/uploads\/2019\/06\/Folie-Douce-Pool-Squash-Jac-HD-610x610.jpg\" alt=\"Cour de squash et piscine dans notre chalet de ski de luxe Igloo \u00e0 Courchevel Le Praz\"\/>\n\t\t\t<\/div>\n\t\t\t<div class=\"distortion_grid_item-content\">\n\t\t\t\t<span class=\"distortion_grid_item-meta\">Courchevel le Praz<\/span>\n\t\t\t\t<h2 class=\"distortion_grid_item-title\">Chalet Igloo<\/h2>\n\t\t\t\t<div class=\"distortion_grid_item-subtitle\">\n\t\t\t\t\t<span><\/span>\n\t\t\t\t\t<a class=\"distortion_grid_item-link\" href=\"https:\/\/www.alpleisure.com\/fr\/hebergement\/chalet\/chalet-igloo\/\" >En savoir plus<\/a>\n\t\t\t\t<\/div>\n\t\t\t<\/div>\n\t\t<\/div>\n<\/div>\n\t\t\t\t<\/div>\n\t\t\t\t<\/div>\n\t\t\t\t\t<\/div>\n\t\t<\/div>\n\t\t\t\t\t<\/div>\n\t\t<\/section>\n\t\t\t\t<\/div>","protected":false},"excerpt":{"rendered":"<p>Some of Our Chalets Discover ALP LEISURE LTD\u2019s luxury living Courchevel 1650 Chalet Aster See More Meribel 1300 Chalet Tomkins See More Meribel 1300 Cristal Lodge See More Courchevel le Praz Chalet Loup Blanc See More Meribel 1300 Chalet Bartavelles [&hellip;]<\/p>\n","protected":false},"author":1,"featured_media":0,"parent":0,"menu_order":0,"comment_status":"closed","ping_status":"closed","template":"","meta":{"_acf_changed":false,"footnotes":""},"class_list":["post-204","page","type-page","status-publish","hentry"],"acf":[],"yoast_head":"<!-- This site is optimized with the Yoast SEO plugin v27.3 - https:\/\/yoast.com\/product\/yoast-seo-wordpress\/ -->\n<title>Privately owned, Luxury Chalets Meribel and Courchevel<\/title>\n<meta name=\"description\" content=\"Alp Leisure&#039;s carefully chosen portfolio of properties has something for everyone. Private Luxury Ski Chalets rental in France with freedom to choose. Luxury Chalet Skiing holidays with complete flexibility. Ski in the best luxury chalets\" \/>\n<meta name=\"robots\" content=\"index, follow, max-snippet:-1, max-image-preview:large, max-video-preview:-1\" \/>\n<link rel=\"canonical\" href=\"https:\/\/www.alpleisure.com\/fr\/ski-de-luxe\/nos-chalets\/\" \/>\n<meta property=\"og:locale\" content=\"fr_FR\" \/>\n<meta property=\"og:type\" content=\"article\" \/>\n<meta property=\"og:title\" content=\"Privately owned, Luxury Chalets Meribel and Courchevel\" \/>\n<meta property=\"og:description\" content=\"Alp Leisure&#039;s carefully chosen portfolio of properties has something for everyone. Private Luxury Ski Chalets rental in France with freedom to choose. Luxury Chalet Skiing holidays with complete flexibility. Ski in the best luxury chalets\" \/>\n<meta property=\"og:url\" content=\"https:\/\/www.alpleisure.com\/fr\/ski-de-luxe\/nos-chalets\/\" \/>\n<meta property=\"og:site_name\" content=\"Alp Leisure Ltd\" \/>\n<meta property=\"article:publisher\" content=\"https:\/\/www.facebook.com\/alpleisureltd\/\" \/>\n<meta property=\"article:modified_time\" content=\"2021-03-30T14:15:00+00:00\" \/>\n<meta property=\"og:image\" content=\"https:\/\/www.alpleisure.com\/wp-content\/uploads\/2019\/08\/Chalet-Aster-Sitting-3-610x610.jpg\" \/>\n<meta name=\"twitter:card\" content=\"summary_large_image\" \/>\n<meta name=\"twitter:site\" content=\"@AlpLeisureLtd\" \/>\n<meta name=\"twitter:label1\" content=\"Dur\u00e9e de lecture estim\u00e9e\" \/>\n\t<meta name=\"twitter:data1\" content=\"3 minutes\" \/>\n<script type=\"application\/ld+json\" class=\"yoast-schema-graph\">{\"@context\":\"https:\\\/\\\/schema.org\",\"@graph\":[{\"@type\":\"WebPage\",\"@id\":\"https:\\\/\\\/www.alpleisure.com\\\/fr\\\/ski-de-luxe\\\/nos-chalets\\\/\",\"url\":\"https:\\\/\\\/www.alpleisure.com\\\/fr\\\/ski-de-luxe\\\/nos-chalets\\\/\",\"name\":\"Privately owned, Luxury Chalets Meribel and Courchevel\",\"isPartOf\":{\"@id\":\"https:\\\/\\\/www.alpleisure.com\\\/fr\\\/#website\"},\"primaryImageOfPage\":{\"@id\":\"https:\\\/\\\/www.alpleisure.com\\\/fr\\\/ski-de-luxe\\\/nos-chalets\\\/#primaryimage\"},\"image\":{\"@id\":\"https:\\\/\\\/www.alpleisure.com\\\/fr\\\/ski-de-luxe\\\/nos-chalets\\\/#primaryimage\"},\"thumbnailUrl\":\"https:\\\/\\\/www.alpleisure.com\\\/wp-content\\\/uploads\\\/2019\\\/08\\\/Chalet-Aster-Sitting-3-610x610.jpg\",\"datePublished\":\"2018-06-13T11:45:42+00:00\",\"dateModified\":\"2021-03-30T14:15:00+00:00\",\"description\":\"Alp Leisure's carefully chosen portfolio of properties has something for everyone. Private Luxury Ski Chalets rental in France with freedom to choose. Luxury Chalet Skiing holidays with complete flexibility. Ski in the best luxury chalets\",\"breadcrumb\":{\"@id\":\"https:\\\/\\\/www.alpleisure.com\\\/fr\\\/ski-de-luxe\\\/nos-chalets\\\/#breadcrumb\"},\"inLanguage\":\"fr-FR\",\"potentialAction\":[{\"@type\":\"ReadAction\",\"target\":[\"https:\\\/\\\/www.alpleisure.com\\\/fr\\\/ski-de-luxe\\\/nos-chalets\\\/\"]}]},{\"@type\":\"ImageObject\",\"inLanguage\":\"fr-FR\",\"@id\":\"https:\\\/\\\/www.alpleisure.com\\\/fr\\\/ski-de-luxe\\\/nos-chalets\\\/#primaryimage\",\"url\":\"https:\\\/\\\/www.alpleisure.com\\\/wp-content\\\/uploads\\\/2019\\\/08\\\/Chalet-Aster-Sitting-3-610x610.jpg\",\"contentUrl\":\"https:\\\/\\\/www.alpleisure.com\\\/wp-content\\\/uploads\\\/2019\\\/08\\\/Chalet-Aster-Sitting-3-610x610.jpg\"},{\"@type\":\"BreadcrumbList\",\"@id\":\"https:\\\/\\\/www.alpleisure.com\\\/fr\\\/ski-de-luxe\\\/nos-chalets\\\/#breadcrumb\",\"itemListElement\":[{\"@type\":\"ListItem\",\"position\":1,\"name\":\"Home\",\"item\":\"https:\\\/\\\/www.alpleisure.com\\\/\"},{\"@type\":\"ListItem\",\"position\":2,\"name\":\"Our Chalets\"}]},{\"@type\":\"WebSite\",\"@id\":\"https:\\\/\\\/www.alpleisure.com\\\/fr\\\/#website\",\"url\":\"https:\\\/\\\/www.alpleisure.com\\\/fr\\\/\",\"name\":\"Alp Leisure Ltd\",\"description\":\"Private Luxury Chalets\",\"publisher\":{\"@id\":\"https:\\\/\\\/www.alpleisure.com\\\/fr\\\/#organization\"},\"potentialAction\":[{\"@type\":\"SearchAction\",\"target\":{\"@type\":\"EntryPoint\",\"urlTemplate\":\"https:\\\/\\\/www.alpleisure.com\\\/fr\\\/?s={search_term_string}\"},\"query-input\":{\"@type\":\"PropertyValueSpecification\",\"valueRequired\":true,\"valueName\":\"search_term_string\"}}],\"inLanguage\":\"fr-FR\"},{\"@type\":\"Organization\",\"@id\":\"https:\\\/\\\/www.alpleisure.com\\\/fr\\\/#organization\",\"name\":\"Alp Leisure Ltd\",\"url\":\"https:\\\/\\\/www.alpleisure.com\\\/fr\\\/\",\"logo\":{\"@type\":\"ImageObject\",\"inLanguage\":\"fr-FR\",\"@id\":\"https:\\\/\\\/www.alpleisure.com\\\/fr\\\/#\\\/schema\\\/logo\\\/image\\\/\",\"url\":\"https:\\\/\\\/www.alpleisure.com\\\/wp-content\\\/uploads\\\/2019\\\/06\\\/Alp-Leisure-Black-e1592823739589.gif\",\"contentUrl\":\"https:\\\/\\\/www.alpleisure.com\\\/wp-content\\\/uploads\\\/2019\\\/06\\\/Alp-Leisure-Black-e1592823739589.gif\",\"width\":1000,\"height\":155,\"caption\":\"Alp Leisure Ltd\"},\"image\":{\"@id\":\"https:\\\/\\\/www.alpleisure.com\\\/fr\\\/#\\\/schema\\\/logo\\\/image\\\/\"},\"sameAs\":[\"https:\\\/\\\/www.facebook.com\\\/alpleisureltd\\\/\",\"https:\\\/\\\/x.com\\\/AlpLeisureLtd\",\"https:\\\/\\\/www.instagram.com\\\/alp_leisure_ltd\\\/\",\"https:\\\/\\\/www.linkedin.com\\\/company\\\/5213398\\\/\",\"https:\\\/\\\/www.youtube.com\\\/channel\\\/UCHpxQIr4voEotGnVdeVwRLg\"]}]}<\/script>\n<!-- \/ Yoast SEO plugin. -->","yoast_head_json":{"title":"Propri\u00e9t\u00e9 priv\u00e9e, Luxury Chalets Meribel et Courchevel","description":"Le portefeuille de propri\u00e9t\u00e9s soigneusement choisi par Alp Leisure a quelque chose pour tout le monde. Location de chalets de ski de luxe priv\u00e9s en France avec la libert\u00e9 de choisir. Chalet de luxe Vacances au ski en toute flexibilit\u00e9. Skiez dans les meilleurs chalets de luxe","robots":{"index":"index","follow":"follow","max-snippet":"max-snippet:-1","max-image-preview":"max-image-preview:large","max-video-preview":"max-video-preview:-1"},"canonical":"https:\/\/www.alpleisure.com\/fr\/ski-de-luxe\/nos-chalets\/","og_locale":"fr_FR","og_type":"article","og_title":"Privately owned, Luxury Chalets Meribel and Courchevel","og_description":"Alp Leisure's carefully chosen portfolio of properties has something for everyone. Private Luxury Ski Chalets rental in France with freedom to choose. Luxury Chalet Skiing holidays with complete flexibility. Ski in the best luxury chalets","og_url":"https:\/\/www.alpleisure.com\/fr\/ski-de-luxe\/nos-chalets\/","og_site_name":"Alp Leisure Ltd","article_publisher":"https:\/\/www.facebook.com\/alpleisureltd\/","article_modified_time":"2021-03-30T14:15:00+00:00","og_image":[{"url":"https:\/\/www.alpleisure.com\/wp-content\/uploads\/2019\/08\/Chalet-Aster-Sitting-3-610x610.jpg","type":"","width":"","height":""}],"twitter_card":"summary_large_image","twitter_site":"@AlpLeisureLtd","twitter_misc":{"Dur\u00e9e de lecture estim\u00e9e":"3 minutes"},"schema":{"@context":"https:\/\/schema.org","@graph":[{"@type":"WebPage","@id":"https:\/\/www.alpleisure.com\/fr\/ski-de-luxe\/nos-chalets\/","url":"https:\/\/www.alpleisure.com\/fr\/ski-de-luxe\/nos-chalets\/","name":"Propri\u00e9t\u00e9 priv\u00e9e, Luxury Chalets Meribel et Courchevel","isPartOf":{"@id":"https:\/\/www.alpleisure.com\/fr\/#website"},"primaryImageOfPage":{"@id":"https:\/\/www.alpleisure.com\/fr\/ski-de-luxe\/nos-chalets\/#primaryimage"},"image":{"@id":"https:\/\/www.alpleisure.com\/fr\/ski-de-luxe\/nos-chalets\/#primaryimage"},"thumbnailUrl":"https:\/\/www.alpleisure.com\/wp-content\/uploads\/2019\/08\/Chalet-Aster-Sitting-3-610x610.jpg","datePublished":"2018-06-13T11:45:42+00:00","dateModified":"2021-03-30T14:15:00+00:00","description":"Le portefeuille de propri\u00e9t\u00e9s soigneusement choisi par Alp Leisure a quelque chose pour tout le monde. Location de chalets de ski de luxe priv\u00e9s en France avec la libert\u00e9 de choisir. Chalet de luxe Vacances au ski en toute flexibilit\u00e9. Skiez dans les meilleurs chalets de luxe","breadcrumb":{"@id":"https:\/\/www.alpleisure.com\/fr\/ski-de-luxe\/nos-chalets\/#breadcrumb"},"inLanguage":"fr-FR","potentialAction":[{"@type":"ReadAction","target":["https:\/\/www.alpleisure.com\/fr\/ski-de-luxe\/nos-chalets\/"]}]},{"@type":"ImageObject","inLanguage":"fr-FR","@id":"https:\/\/www.alpleisure.com\/fr\/ski-de-luxe\/nos-chalets\/#primaryimage","url":"https:\/\/www.alpleisure.com\/wp-content\/uploads\/2019\/08\/Chalet-Aster-Sitting-3-610x610.jpg","contentUrl":"https:\/\/www.alpleisure.com\/wp-content\/uploads\/2019\/08\/Chalet-Aster-Sitting-3-610x610.jpg"},{"@type":"BreadcrumbList","@id":"https:\/\/www.alpleisure.com\/fr\/ski-de-luxe\/nos-chalets\/#breadcrumb","itemListElement":[{"@type":"ListItem","position":1,"name":"Home","item":"https:\/\/www.alpleisure.com\/"},{"@type":"ListItem","position":2,"name":"Our Chalets"}]},{"@type":"WebSite","@id":"https:\/\/www.alpleisure.com\/fr\/#website","url":"https:\/\/www.alpleisure.com\/fr\/","name":"Alp Leisure Ltd","description":"Chalets de luxe priv\u00e9s","publisher":{"@id":"https:\/\/www.alpleisure.com\/fr\/#organization"},"potentialAction":[{"@type":"SearchAction","target":{"@type":"EntryPoint","urlTemplate":"https:\/\/www.alpleisure.com\/fr\/?s={search_term_string}"},"query-input":{"@type":"PropertyValueSpecification","valueRequired":true,"valueName":"search_term_string"}}],"inLanguage":"fr-FR"},{"@type":"Organization","@id":"https:\/\/www.alpleisure.com\/fr\/#organization","name":"Alp Leisure Ltd","url":"https:\/\/www.alpleisure.com\/fr\/","logo":{"@type":"ImageObject","inLanguage":"fr-FR","@id":"https:\/\/www.alpleisure.com\/fr\/#\/schema\/logo\/image\/","url":"https:\/\/www.alpleisure.com\/wp-content\/uploads\/2019\/06\/Alp-Leisure-Black-e1592823739589.gif","contentUrl":"https:\/\/www.alpleisure.com\/wp-content\/uploads\/2019\/06\/Alp-Leisure-Black-e1592823739589.gif","width":1000,"height":155,"caption":"Alp Leisure Ltd"},"image":{"@id":"https:\/\/www.alpleisure.com\/fr\/#\/schema\/logo\/image\/"},"sameAs":["https:\/\/www.facebook.com\/alpleisureltd\/","https:\/\/x.com\/AlpLeisureLtd","https:\/\/www.instagram.com\/alp_leisure_ltd\/","https:\/\/www.linkedin.com\/company\/5213398\/","https:\/\/www.youtube.com\/channel\/UCHpxQIr4voEotGnVdeVwRLg"]}]}},"_links":{"self":[{"href":"https:\/\/www.alpleisure.com\/fr\/wp-json\/wp\/v2\/pages\/204","targetHints":{"allow":["GET"]}}],"collection":[{"href":"https:\/\/www.alpleisure.com\/fr\/wp-json\/wp\/v2\/pages"}],"about":[{"href":"https:\/\/www.alpleisure.com\/fr\/wp-json\/wp\/v2\/types\/page"}],"author":[{"embeddable":true,"href":"https:\/\/www.alpleisure.com\/fr\/wp-json\/wp\/v2\/users\/1"}],"replies":[{"embeddable":true,"href":"https:\/\/www.alpleisure.com\/fr\/wp-json\/wp\/v2\/comments?post=204"}],"version-history":[{"count":39,"href":"https:\/\/www.alpleisure.com\/fr\/wp-json\/wp\/v2\/pages\/204\/revisions"}],"predecessor-version":[{"id":25351,"href":"https:\/\/www.alpleisure.com\/fr\/wp-json\/wp\/v2\/pages\/204\/revisions\/25351"}],"wp:attachment":[{"href":"https:\/\/www.alpleisure.com\/fr\/wp-json\/wp\/v2\/media?parent=204"}],"curies":[{"name":"wp","href":"https:\/\/api.w.org\/{rel}","templated":true}]}}