{"id":407,"date":"2018-06-21T07:50:40","date_gmt":"2018-06-21T07:50:40","guid":{"rendered":"http:\/\/alpleisure.com\/?page_id=407"},"modified":"2021-06-29T11:17:01","modified_gmt":"2021-06-29T09:17:01","slug":"testimonio","status":"publish","type":"page","link":"https:\/\/www.alpleisure.com\/es\/esqui-de-lujo\/testimonio\/","title":{"rendered":"Testimonio"},"content":{"rendered":"<div data-elementor-type=\"wp-post\" data-elementor-id=\"407\" class=\"elementor elementor-407\">\n\t\t\t\t\t\t<section class=\"elementor-section elementor-top-section elementor-element elementor-element-2ca8a818 elementor-section-stretched elementor-section-height-min-height elementor-section-boxed elementor-section-height-default elementor-section-items-middle\" data-id=\"2ca8a818\" data-element_type=\"section\" data-e-type=\"section\" data-settings=\"{&quot;stretch_section&quot;:&quot;section-stretched&quot;,&quot;background_background&quot;:&quot;classic&quot;,&quot;hoteller_ext_is_background_parallax&quot;:&quot;false&quot;,&quot;hoteller_ext_is_background_on_scroll&quot;:&quot;false&quot;}\">\n\t\t\t\t\t\t\t<div class=\"elementor-background-overlay\"><\/div>\n\t\t\t\t\t\t\t<div class=\"elementor-container elementor-column-gap-default\">\n\t\t\t\t\t<div class=\"elementor-column elementor-col-100 elementor-top-column elementor-element elementor-element-5231de89\" data-id=\"5231de89\" data-element_type=\"column\" data-e-type=\"column\" data-settings=\"{&quot;hoteller_ext_link_sidemenu&quot;:&quot;false&quot;,&quot;hoteller_ext_link_fullmenu&quot;:&quot;false&quot;,&quot;hoteller_ext_link_closed_fullmenu&quot;:&quot;false&quot;,&quot;hoteller_ext_is_scrollme&quot;:&quot;false&quot;,&quot;hoteller_ext_is_smoove&quot;:&quot;false&quot;,&quot;hoteller_ext_is_parallax_mouse&quot;:&quot;false&quot;,&quot;hoteller_ext_is_infinite&quot;:&quot;false&quot;,&quot;hoteller_ext_is_fadeout_animation&quot;:&quot;false&quot;,&quot;hoteller_ext_mobile_static&quot;:&quot;false&quot;}\">\n\t\t\t<div class=\"elementor-widget-wrap elementor-element-populated\">\n\t\t\t\t\t\t<div class=\"elementor-element elementor-element-4b89cec0 elementor-invisible elementor-widget elementor-widget-heading\" data-id=\"4b89cec0\" data-element_type=\"widget\" data-e-type=\"widget\" data-settings=\"{&quot;_animation&quot;:&quot;fadeInUp&quot;,&quot;hoteller_ext_link_sidemenu&quot;:&quot;false&quot;,&quot;hoteller_ext_link_fullmenu&quot;:&quot;false&quot;,&quot;hoteller_ext_link_closed_fullmenu&quot;:&quot;false&quot;,&quot;hoteller_ext_is_scrollme&quot;:&quot;false&quot;,&quot;hoteller_ext_is_smoove&quot;:&quot;false&quot;,&quot;hoteller_ext_is_parallax_mouse&quot;:&quot;false&quot;,&quot;hoteller_ext_is_infinite&quot;:&quot;false&quot;,&quot;hoteller_ext_is_fadeout_animation&quot;:&quot;false&quot;,&quot;hoteller_ext_mobile_static&quot;:&quot;false&quot;}\" data-widget_type=\"heading.default\">\n\t\t\t\t<div class=\"elementor-widget-container\">\n\t\t\t\t\t<h1 class=\"elementor-heading-title elementor-size-default\">Testimonio<\/h1>\t\t\t\t<\/div>\n\t\t\t\t<\/div>\n\t\t\t\t<div class=\"elementor-element elementor-element-7075b3c6 elementor-invisible elementor-widget elementor-widget-heading\" data-id=\"7075b3c6\" data-element_type=\"widget\" data-e-type=\"widget\" data-settings=\"{&quot;_animation&quot;:&quot;fadeInUp&quot;,&quot;_animation_delay&quot;:400,&quot;hoteller_ext_link_sidemenu&quot;:&quot;false&quot;,&quot;hoteller_ext_link_fullmenu&quot;:&quot;false&quot;,&quot;hoteller_ext_link_closed_fullmenu&quot;:&quot;false&quot;,&quot;hoteller_ext_is_scrollme&quot;:&quot;false&quot;,&quot;hoteller_ext_is_smoove&quot;:&quot;false&quot;,&quot;hoteller_ext_is_parallax_mouse&quot;:&quot;false&quot;,&quot;hoteller_ext_is_infinite&quot;:&quot;false&quot;,&quot;hoteller_ext_is_fadeout_animation&quot;:&quot;false&quot;,&quot;hoteller_ext_mobile_static&quot;:&quot;false&quot;}\" data-widget_type=\"heading.default\">\n\t\t\t\t<div class=\"elementor-widget-container\">\n\t\t\t\t\t<h5 class=\"elementor-heading-title elementor-size-default\">Lo que nuestros hu\u00e9spedes dicen de nosotros<\/h5>\t\t\t\t<\/div>\n\t\t\t\t<\/div>\n\t\t\t\t\t<\/div>\n\t\t<\/div>\n\t\t\t\t\t<\/div>\n\t\t<\/section>\n\t\t\t\t<section class=\"elementor-section elementor-top-section elementor-element elementor-element-77feb3c elementor-section-stretched elementor-section-boxed elementor-section-height-default elementor-section-height-default\" data-id=\"77feb3c\" data-element_type=\"section\" data-e-type=\"section\" data-settings=\"{&quot;stretch_section&quot;:&quot;section-stretched&quot;,&quot;hoteller_ext_is_background_parallax&quot;:&quot;false&quot;,&quot;hoteller_ext_is_background_on_scroll&quot;:&quot;false&quot;}\">\n\t\t\t\t\t\t<div class=\"elementor-container elementor-column-gap-default\">\n\t\t\t\t\t<div class=\"elementor-column elementor-col-100 elementor-top-column elementor-element elementor-element-6615763\" data-id=\"6615763\" data-element_type=\"column\" data-e-type=\"column\" data-settings=\"{&quot;hoteller_ext_link_sidemenu&quot;:&quot;false&quot;,&quot;hoteller_ext_link_fullmenu&quot;:&quot;false&quot;,&quot;hoteller_ext_link_closed_fullmenu&quot;:&quot;false&quot;,&quot;hoteller_ext_is_scrollme&quot;:&quot;false&quot;,&quot;hoteller_ext_is_smoove&quot;:&quot;false&quot;,&quot;hoteller_ext_is_parallax_mouse&quot;:&quot;false&quot;,&quot;hoteller_ext_is_infinite&quot;:&quot;false&quot;,&quot;hoteller_ext_is_fadeout_animation&quot;:&quot;false&quot;,&quot;hoteller_ext_mobile_static&quot;:&quot;false&quot;}\">\n\t\t\t<div class=\"elementor-widget-wrap elementor-element-populated\">\n\t\t\t\t\t\t<div class=\"elementor-element elementor-element-0795122 elementor-widget elementor-widget-hoteller-slider-property-clip\" data-id=\"0795122\" data-element_type=\"widget\" data-e-type=\"widget\" data-settings=\"{&quot;hoteller_ext_link_sidemenu&quot;:&quot;false&quot;,&quot;hoteller_ext_link_fullmenu&quot;:&quot;false&quot;,&quot;hoteller_ext_link_closed_fullmenu&quot;:&quot;false&quot;,&quot;hoteller_ext_is_scrollme&quot;:&quot;false&quot;,&quot;hoteller_ext_is_smoove&quot;:&quot;false&quot;,&quot;hoteller_ext_is_parallax_mouse&quot;:&quot;false&quot;,&quot;hoteller_ext_is_infinite&quot;:&quot;false&quot;,&quot;hoteller_ext_is_fadeout_animation&quot;:&quot;false&quot;,&quot;hoteller_ext_mobile_static&quot;:&quot;false&quot;}\" data-widget_type=\"hoteller-slider-property-clip.default\">\n\t\t\t\t<div class=\"elementor-widget-container\">\n\t\t\t\t\t<section class=\"tg_slider_property_clip_wrapper intro\">\n\t<div class=\"content left\">\n        <div>\n\t        \t\t    \t    \t<h1>\"Vaya, qu\u00e9 vacaciones tan fant\u00e1sticas disfrutamos todos\".<\/h1>\n\t    \t\t\t    <p>\"Muchas gracias a todos los que nos hicieron sentir tan bienvenidos y trabajaron sin esfuerzo para proporcionarnos todo lo que necesit\u00e1bamos, y a nuestro chef... bueno, \u00bfqu\u00e9 puedo decir? Maravillosa comida toda la semana ~ su pasi\u00f3n por la cocina brill\u00f3 a trav\u00e9s de los deliciosamente variados platos que present\u00f3 cada d\u00eda. As\u00ed que en general una semana fabulosa con Alp Leisure ~ grandes recuerdos para atesorar hasta nuestra pr\u00f3xima vez en la hermosa Meribel \".<\/p><p><strong>D.H. Oxon, Reino Unido - Chalet Tomkins<\/strong><\/p>\t\t<\/div>\n    <\/div>\n    <div class=\"slider right\">\n        <ul>\n\t\t\t<li class=\"tg_horizontal_gallery_cell\" style=\"background-image:url(https:\/\/www.alpleisure.com\/wp-content\/uploads\/2020\/01\/Chalet-Tomkins-18-bdrm-5.jpg);\"><\/li>\n\t\t\t<li class=\"tg_horizontal_gallery_cell\" style=\"background-image:url(https:\/\/www.alpleisure.com\/wp-content\/uploads\/2020\/01\/Chalet-Tomkins-18-Sitting-d.jpg);\"><\/li>\n\t        <\/ul>\n        \n        <ul>\n\t        <nav>\n\t\t\t<a href=\"javascript:;\"><\/a>\n\t\t\t<a href=\"javascript:;\"><\/a>\n\t\t        <\/nav>\n        <\/ul>\n    <\/div>\n<\/section>\n\t\t\t\t<\/div>\n\t\t\t\t<\/div>\n\t\t\t\t\t<\/div>\n\t\t<\/div>\n\t\t\t\t\t<\/div>\n\t\t<\/section>\n\t\t\t\t<section class=\"elementor-section elementor-top-section elementor-element elementor-element-8086a33 elementor-section-stretched elementor-section-boxed elementor-section-height-default elementor-section-height-default\" data-id=\"8086a33\" data-element_type=\"section\" data-e-type=\"section\" data-settings=\"{&quot;stretch_section&quot;:&quot;section-stretched&quot;,&quot;hoteller_ext_is_background_parallax&quot;:&quot;false&quot;,&quot;hoteller_ext_is_background_on_scroll&quot;:&quot;false&quot;}\">\n\t\t\t\t\t\t<div class=\"elementor-container elementor-column-gap-default\">\n\t\t\t\t\t<div class=\"elementor-column elementor-col-100 elementor-top-column elementor-element elementor-element-e346833\" data-id=\"e346833\" data-element_type=\"column\" data-e-type=\"column\" data-settings=\"{&quot;hoteller_ext_link_sidemenu&quot;:&quot;false&quot;,&quot;hoteller_ext_link_fullmenu&quot;:&quot;false&quot;,&quot;hoteller_ext_link_closed_fullmenu&quot;:&quot;false&quot;,&quot;hoteller_ext_is_scrollme&quot;:&quot;false&quot;,&quot;hoteller_ext_is_smoove&quot;:&quot;false&quot;,&quot;hoteller_ext_is_parallax_mouse&quot;:&quot;false&quot;,&quot;hoteller_ext_is_infinite&quot;:&quot;false&quot;,&quot;hoteller_ext_is_fadeout_animation&quot;:&quot;false&quot;,&quot;hoteller_ext_mobile_static&quot;:&quot;false&quot;}\">\n\t\t\t<div class=\"elementor-widget-wrap elementor-element-populated\">\n\t\t\t\t\t\t<div class=\"elementor-element elementor-element-1764112 elementor-widget elementor-widget-hoteller-slider-property-clip\" data-id=\"1764112\" data-element_type=\"widget\" data-e-type=\"widget\" data-settings=\"{&quot;hoteller_ext_link_sidemenu&quot;:&quot;false&quot;,&quot;hoteller_ext_link_fullmenu&quot;:&quot;false&quot;,&quot;hoteller_ext_link_closed_fullmenu&quot;:&quot;false&quot;,&quot;hoteller_ext_is_scrollme&quot;:&quot;false&quot;,&quot;hoteller_ext_is_smoove&quot;:&quot;false&quot;,&quot;hoteller_ext_is_parallax_mouse&quot;:&quot;false&quot;,&quot;hoteller_ext_is_infinite&quot;:&quot;false&quot;,&quot;hoteller_ext_is_fadeout_animation&quot;:&quot;false&quot;,&quot;hoteller_ext_mobile_static&quot;:&quot;false&quot;}\" data-widget_type=\"hoteller-slider-property-clip.default\">\n\t\t\t\t<div class=\"elementor-widget-container\">\n\t\t\t\t\t<section class=\"tg_slider_property_clip_wrapper intro\">\n\t<div class=\"content right\">\n        <div>\n\t        \t\t    \t    \t<h1>\"Como siempre, pasamos unos d\u00edas maravillosos que ni siquiera el mal tiempo pudo estropear\".<\/h1>\n\t    \t\t\t    <p>\"El personal que contrat\u00e1is ha sido invariablemente excelente y este a\u00f1o no ha sido diferente. No podr\u00edan haber sido m\u00e1s atentos y nuestro chef fue innovador y se adapt\u00f3 a nuestras peculiaridades. Juntos, una vez m\u00e1s, hicieron que nuestras vacaciones fueran memorables. Muchas gracias a vosotros y a ellos. Gracias una vez m\u00e1s y espero pasar m\u00e1s tiempo en el Chalet Tomkins en el futuro\".<\/p><p><strong>T. S. London, UK - Chalet Tomkins<\/strong><\/p>\t\t<\/div>\n    <\/div>\n    <div class=\"slider left\">\n        <ul>\n\t\t\t<li class=\"tg_horizontal_gallery_cell\" style=\"background-image:url(https:\/\/www.alpleisure.com\/wp-content\/uploads\/2020\/01\/Chalet-Tomkins-18-Sitting-a.jpg);\"><\/li>\n\t\t\t<li class=\"tg_horizontal_gallery_cell\" style=\"background-image:url(https:\/\/www.alpleisure.com\/wp-content\/uploads\/2020\/03\/Chalet-Aster-Games-Rm-3.jpg);\"><\/li>\n\t        <\/ul>\n        \n        <ul>\n\t        <nav>\n\t\t\t<a href=\"javascript:;\"><\/a>\n\t\t\t<a href=\"javascript:;\"><\/a>\n\t\t        <\/nav>\n        <\/ul>\n    <\/div>\n<\/section>\n\t\t\t\t<\/div>\n\t\t\t\t<\/div>\n\t\t\t\t\t<\/div>\n\t\t<\/div>\n\t\t\t\t\t<\/div>\n\t\t<\/section>\n\t\t\t\t<section class=\"elementor-section elementor-top-section elementor-element elementor-element-07df599 elementor-section-stretched elementor-section-boxed elementor-section-height-default elementor-section-height-default\" data-id=\"07df599\" data-element_type=\"section\" data-e-type=\"section\" data-settings=\"{&quot;stretch_section&quot;:&quot;section-stretched&quot;,&quot;hoteller_ext_is_background_parallax&quot;:&quot;false&quot;,&quot;hoteller_ext_is_background_on_scroll&quot;:&quot;false&quot;}\">\n\t\t\t\t\t\t<div class=\"elementor-container elementor-column-gap-default\">\n\t\t\t\t\t<div class=\"elementor-column elementor-col-100 elementor-top-column elementor-element elementor-element-58c20e9\" data-id=\"58c20e9\" data-element_type=\"column\" data-e-type=\"column\" data-settings=\"{&quot;hoteller_ext_link_sidemenu&quot;:&quot;false&quot;,&quot;hoteller_ext_link_fullmenu&quot;:&quot;false&quot;,&quot;hoteller_ext_link_closed_fullmenu&quot;:&quot;false&quot;,&quot;hoteller_ext_is_scrollme&quot;:&quot;false&quot;,&quot;hoteller_ext_is_smoove&quot;:&quot;false&quot;,&quot;hoteller_ext_is_parallax_mouse&quot;:&quot;false&quot;,&quot;hoteller_ext_is_infinite&quot;:&quot;false&quot;,&quot;hoteller_ext_is_fadeout_animation&quot;:&quot;false&quot;,&quot;hoteller_ext_mobile_static&quot;:&quot;false&quot;}\">\n\t\t\t<div class=\"elementor-widget-wrap elementor-element-populated\">\n\t\t\t\t\t\t<div class=\"elementor-element elementor-element-dcc0110 elementor-widget elementor-widget-hoteller-slider-property-clip\" data-id=\"dcc0110\" data-element_type=\"widget\" data-e-type=\"widget\" data-settings=\"{&quot;hoteller_ext_link_sidemenu&quot;:&quot;false&quot;,&quot;hoteller_ext_link_fullmenu&quot;:&quot;false&quot;,&quot;hoteller_ext_link_closed_fullmenu&quot;:&quot;false&quot;,&quot;hoteller_ext_is_scrollme&quot;:&quot;false&quot;,&quot;hoteller_ext_is_smoove&quot;:&quot;false&quot;,&quot;hoteller_ext_is_parallax_mouse&quot;:&quot;false&quot;,&quot;hoteller_ext_is_infinite&quot;:&quot;false&quot;,&quot;hoteller_ext_is_fadeout_animation&quot;:&quot;false&quot;,&quot;hoteller_ext_mobile_static&quot;:&quot;false&quot;}\" data-widget_type=\"hoteller-slider-property-clip.default\">\n\t\t\t\t<div class=\"elementor-widget-container\">\n\t\t\t\t\t<section class=\"tg_slider_property_clip_wrapper intro\">\n\t<div class=\"content left\">\n        <div>\n\t        \t\t    \t    \t<h1>\"Hemos pasado unas vacaciones maravillosas, gracias al equipo de Alp Leisure\".<\/h1>\n\t    \t\t\t    <p>\"El servicio de traslado dentro del complejo fue incre\u00edble. Los conductores fueron puntuales, amables y serviciales. Hizo toda la diferencia ya que hicieron que nuestros movimientos alrededor de Courchevel sin esfuerzo. El chalet era genial, muy bien decorado, c\u00f3modo y el personal era fant\u00e1stico. Siempre sonrientes, serviciales y disponibles. El sistema de facturaci\u00f3n fue estupendo, realmente sentimos que ten\u00edamos exactamente lo que quer\u00edamos y que s\u00f3lo pag\u00e1bamos por ello. Gracias\".<\/p><p><strong>A. L. London, UK - Chalet Aster<\/strong><\/p>\t\t<\/div>\n    <\/div>\n    <div class=\"slider right\">\n        <ul>\n\t\t\t<li class=\"tg_horizontal_gallery_cell\" style=\"background-image:url(https:\/\/www.alpleisure.com\/wp-content\/uploads\/2020\/03\/Bart-jacuzzi-2-high-res-120-2-769x1024.jpg);\"><\/li>\n\t\t\t<li class=\"tg_horizontal_gallery_cell\" style=\"background-image:url(https:\/\/www.alpleisure.com\/wp-content\/uploads\/2020\/03\/Tomkins-Dining-Sitting.jpg);\"><\/li>\n\t        <\/ul>\n        \n        <ul>\n\t        <nav>\n\t\t\t<a href=\"javascript:;\"><\/a>\n\t\t\t<a href=\"javascript:;\"><\/a>\n\t\t        <\/nav>\n        <\/ul>\n    <\/div>\n<\/section>\n\t\t\t\t<\/div>\n\t\t\t\t<\/div>\n\t\t\t\t\t<\/div>\n\t\t<\/div>\n\t\t\t\t\t<\/div>\n\t\t<\/section>\n\t\t\t\t<\/div>","protected":false},"excerpt":{"rendered":"<p>Testimonial What our guests have said about us &quot;Wow, what a fantastic holiday we all enjoyed.&quot; \u201cThanks so much to all who made us feel so welcome and worked effortlessly to provide all that we needed, and our chef&#8230; well [&hellip;]<\/p>\n","protected":false},"author":1,"featured_media":0,"parent":0,"menu_order":0,"comment_status":"closed","ping_status":"closed","template":"","meta":{"_acf_changed":false,"footnotes":""},"class_list":["post-407","page","type-page","status-publish","hentry"],"acf":[],"yoast_head":"<!-- This site is optimized with the Yoast SEO plugin v27.5 - https:\/\/yoast.com\/product\/yoast-seo-wordpress\/ -->\n<title>Testimonials - Luxury Ski Chalet Holidays-What our guests say<\/title>\n<meta name=\"description\" content=\"Testimonials for Luxury ski Chalets &amp; Villas. Guest feedback and what our guests say about our service, luxury chalets and villas.\" \/>\n<meta name=\"robots\" content=\"index, follow, max-snippet:-1, max-image-preview:large, max-video-preview:-1\" \/>\n<link rel=\"canonical\" href=\"https:\/\/www.alpleisure.com\/es\/esqui-de-lujo\/testimonio\/\" \/>\n<meta property=\"og:locale\" content=\"es_ES\" \/>\n<meta property=\"og:type\" content=\"article\" \/>\n<meta property=\"og:title\" content=\"Testimonials - Luxury Ski Chalet Holidays-What our guests say\" \/>\n<meta property=\"og:description\" content=\"Testimonials for Luxury ski Chalets &amp; Villas. Guest feedback and what our guests say about our service, luxury chalets and villas.\" \/>\n<meta property=\"og:url\" content=\"https:\/\/www.alpleisure.com\/es\/esqui-de-lujo\/testimonio\/\" \/>\n<meta property=\"og:site_name\" content=\"Alp Leisure Ltd\" \/>\n<meta property=\"article:publisher\" content=\"https:\/\/www.facebook.com\/alpleisureltd\/\" \/>\n<meta property=\"article:modified_time\" content=\"2021-06-29T09:17:01+00:00\" \/>\n<meta name=\"twitter:card\" content=\"summary_large_image\" \/>\n<meta name=\"twitter:site\" content=\"@AlpLeisureLtd\" \/>\n<meta name=\"twitter:label1\" content=\"Tiempo de lectura\" \/>\n\t<meta name=\"twitter:data1\" content=\"2 minutos\" \/>\n<script type=\"application\/ld+json\" class=\"yoast-schema-graph\">{\"@context\":\"https:\\\/\\\/schema.org\",\"@graph\":[{\"@type\":\"WebPage\",\"@id\":\"https:\\\/\\\/www.alpleisure.com\\\/es\\\/esqui-de-lujo\\\/testimonio\\\/\",\"url\":\"https:\\\/\\\/www.alpleisure.com\\\/es\\\/esqui-de-lujo\\\/testimonio\\\/\",\"name\":\"Testimonials - Luxury Ski Chalet Holidays-What our guests say\",\"isPartOf\":{\"@id\":\"https:\\\/\\\/www.alpleisure.com\\\/es\\\/#website\"},\"datePublished\":\"2018-06-21T07:50:40+00:00\",\"dateModified\":\"2021-06-29T09:17:01+00:00\",\"description\":\"Testimonials for Luxury ski Chalets & Villas. Guest feedback and what our guests say about our service, luxury chalets and villas.\",\"breadcrumb\":{\"@id\":\"https:\\\/\\\/www.alpleisure.com\\\/es\\\/esqui-de-lujo\\\/testimonio\\\/#breadcrumb\"},\"inLanguage\":\"es\",\"potentialAction\":[{\"@type\":\"ReadAction\",\"target\":[\"https:\\\/\\\/www.alpleisure.com\\\/es\\\/esqui-de-lujo\\\/testimonio\\\/\"]}]},{\"@type\":\"BreadcrumbList\",\"@id\":\"https:\\\/\\\/www.alpleisure.com\\\/es\\\/esqui-de-lujo\\\/testimonio\\\/#breadcrumb\",\"itemListElement\":[{\"@type\":\"ListItem\",\"position\":1,\"name\":\"Home\",\"item\":\"https:\\\/\\\/www.alpleisure.com\\\/\"},{\"@type\":\"ListItem\",\"position\":2,\"name\":\"Testimonial\"}]},{\"@type\":\"WebSite\",\"@id\":\"https:\\\/\\\/www.alpleisure.com\\\/es\\\/#website\",\"url\":\"https:\\\/\\\/www.alpleisure.com\\\/es\\\/\",\"name\":\"Alp Leisure Ltd\",\"description\":\"Private Luxury Chalets\",\"publisher\":{\"@id\":\"https:\\\/\\\/www.alpleisure.com\\\/es\\\/#organization\"},\"potentialAction\":[{\"@type\":\"SearchAction\",\"target\":{\"@type\":\"EntryPoint\",\"urlTemplate\":\"https:\\\/\\\/www.alpleisure.com\\\/es\\\/?s={search_term_string}\"},\"query-input\":{\"@type\":\"PropertyValueSpecification\",\"valueRequired\":true,\"valueName\":\"search_term_string\"}}],\"inLanguage\":\"es\"},{\"@type\":\"Organization\",\"@id\":\"https:\\\/\\\/www.alpleisure.com\\\/es\\\/#organization\",\"name\":\"Alp Leisure Ltd\",\"url\":\"https:\\\/\\\/www.alpleisure.com\\\/es\\\/\",\"logo\":{\"@type\":\"ImageObject\",\"inLanguage\":\"es\",\"@id\":\"https:\\\/\\\/www.alpleisure.com\\\/es\\\/#\\\/schema\\\/logo\\\/image\\\/\",\"url\":\"https:\\\/\\\/www.alpleisure.com\\\/wp-content\\\/uploads\\\/2019\\\/06\\\/Alp-Leisure-Black-e1592823739589.gif\",\"contentUrl\":\"https:\\\/\\\/www.alpleisure.com\\\/wp-content\\\/uploads\\\/2019\\\/06\\\/Alp-Leisure-Black-e1592823739589.gif\",\"width\":1000,\"height\":155,\"caption\":\"Alp Leisure Ltd\"},\"image\":{\"@id\":\"https:\\\/\\\/www.alpleisure.com\\\/es\\\/#\\\/schema\\\/logo\\\/image\\\/\"},\"sameAs\":[\"https:\\\/\\\/www.facebook.com\\\/alpleisureltd\\\/\",\"https:\\\/\\\/x.com\\\/AlpLeisureLtd\",\"https:\\\/\\\/www.instagram.com\\\/alp_leisure_ltd\\\/\",\"https:\\\/\\\/www.linkedin.com\\\/company\\\/5213398\\\/\",\"https:\\\/\\\/www.youtube.com\\\/channel\\\/UCHpxQIr4voEotGnVdeVwRLg\"]}]}<\/script>\n<!-- \/ Yoast SEO plugin. -->","yoast_head_json":{"title":"Testimonios - Vacaciones en chal\u00e9s de esqu\u00ed de lujo - La opini\u00f3n de nuestros clientes","description":"Testimonios de chalets y villas de esqu\u00ed de lujo. Comentarios y lo que nuestros clientes dicen acerca de nuestro servicio, chalets de lujo y villas.","robots":{"index":"index","follow":"follow","max-snippet":"max-snippet:-1","max-image-preview":"max-image-preview:large","max-video-preview":"max-video-preview:-1"},"canonical":"https:\/\/www.alpleisure.com\/es\/esqui-de-lujo\/testimonio\/","og_locale":"es_ES","og_type":"article","og_title":"Testimonials - Luxury Ski Chalet Holidays-What our guests say","og_description":"Testimonials for Luxury ski Chalets & Villas. Guest feedback and what our guests say about our service, luxury chalets and villas.","og_url":"https:\/\/www.alpleisure.com\/es\/esqui-de-lujo\/testimonio\/","og_site_name":"Alp Leisure Ltd","article_publisher":"https:\/\/www.facebook.com\/alpleisureltd\/","article_modified_time":"2021-06-29T09:17:01+00:00","twitter_card":"summary_large_image","twitter_site":"@AlpLeisureLtd","twitter_misc":{"Tiempo de lectura":"2 minutos"},"schema":{"@context":"https:\/\/schema.org","@graph":[{"@type":"WebPage","@id":"https:\/\/www.alpleisure.com\/es\/esqui-de-lujo\/testimonio\/","url":"https:\/\/www.alpleisure.com\/es\/esqui-de-lujo\/testimonio\/","name":"Testimonios - Vacaciones en chal\u00e9s de esqu\u00ed de lujo - La opini\u00f3n de nuestros clientes","isPartOf":{"@id":"https:\/\/www.alpleisure.com\/es\/#website"},"datePublished":"2018-06-21T07:50:40+00:00","dateModified":"2021-06-29T09:17:01+00:00","description":"Testimonios de chalets y villas de esqu\u00ed de lujo. Comentarios y lo que nuestros clientes dicen acerca de nuestro servicio, chalets de lujo y villas.","breadcrumb":{"@id":"https:\/\/www.alpleisure.com\/es\/esqui-de-lujo\/testimonio\/#breadcrumb"},"inLanguage":"es","potentialAction":[{"@type":"ReadAction","target":["https:\/\/www.alpleisure.com\/es\/esqui-de-lujo\/testimonio\/"]}]},{"@type":"BreadcrumbList","@id":"https:\/\/www.alpleisure.com\/es\/esqui-de-lujo\/testimonio\/#breadcrumb","itemListElement":[{"@type":"ListItem","position":1,"name":"Home","item":"https:\/\/www.alpleisure.com\/"},{"@type":"ListItem","position":2,"name":"Testimonial"}]},{"@type":"WebSite","@id":"https:\/\/www.alpleisure.com\/es\/#website","url":"https:\/\/www.alpleisure.com\/es\/","name":"Alp Leisure Ltd","description":"Chal\u00e9s privados de lujo","publisher":{"@id":"https:\/\/www.alpleisure.com\/es\/#organization"},"potentialAction":[{"@type":"SearchAction","target":{"@type":"EntryPoint","urlTemplate":"https:\/\/www.alpleisure.com\/es\/?s={search_term_string}"},"query-input":{"@type":"PropertyValueSpecification","valueRequired":true,"valueName":"search_term_string"}}],"inLanguage":"es"},{"@type":"Organization","@id":"https:\/\/www.alpleisure.com\/es\/#organization","name":"Alp Leisure Ltd","url":"https:\/\/www.alpleisure.com\/es\/","logo":{"@type":"ImageObject","inLanguage":"es","@id":"https:\/\/www.alpleisure.com\/es\/#\/schema\/logo\/image\/","url":"https:\/\/www.alpleisure.com\/wp-content\/uploads\/2019\/06\/Alp-Leisure-Black-e1592823739589.gif","contentUrl":"https:\/\/www.alpleisure.com\/wp-content\/uploads\/2019\/06\/Alp-Leisure-Black-e1592823739589.gif","width":1000,"height":155,"caption":"Alp Leisure Ltd"},"image":{"@id":"https:\/\/www.alpleisure.com\/es\/#\/schema\/logo\/image\/"},"sameAs":["https:\/\/www.facebook.com\/alpleisureltd\/","https:\/\/x.com\/AlpLeisureLtd","https:\/\/www.instagram.com\/alp_leisure_ltd\/","https:\/\/www.linkedin.com\/company\/5213398\/","https:\/\/www.youtube.com\/channel\/UCHpxQIr4voEotGnVdeVwRLg"]}]}},"_links":{"self":[{"href":"https:\/\/www.alpleisure.com\/es\/wp-json\/wp\/v2\/pages\/407","targetHints":{"allow":["GET"]}}],"collection":[{"href":"https:\/\/www.alpleisure.com\/es\/wp-json\/wp\/v2\/pages"}],"about":[{"href":"https:\/\/www.alpleisure.com\/es\/wp-json\/wp\/v2\/types\/page"}],"author":[{"embeddable":true,"href":"https:\/\/www.alpleisure.com\/es\/wp-json\/wp\/v2\/users\/1"}],"replies":[{"embeddable":true,"href":"https:\/\/www.alpleisure.com\/es\/wp-json\/wp\/v2\/comments?post=407"}],"version-history":[{"count":17,"href":"https:\/\/www.alpleisure.com\/es\/wp-json\/wp\/v2\/pages\/407\/revisions"}],"predecessor-version":[{"id":31994,"href":"https:\/\/www.alpleisure.com\/es\/wp-json\/wp\/v2\/pages\/407\/revisions\/31994"}],"wp:attachment":[{"href":"https:\/\/www.alpleisure.com\/es\/wp-json\/wp\/v2\/media?parent=407"}],"curies":[{"name":"wp","href":"https:\/\/api.w.org\/{rel}","templated":true}]}}