{"id":2306,"date":"2020-06-29T17:49:50","date_gmt":"2020-06-29T15:49:50","guid":{"rendered":"http:\/\/www.alpleisure.com\/?page_id=2306"},"modified":"2021-09-13T12:58:50","modified_gmt":"2021-09-13T10:58:50","slug":"contratacion","status":"publish","type":"page","link":"https:\/\/www.alpleisure.com\/es\/esqui-de-lujo\/contratacion\/","title":{"rendered":"Contrataci\u00f3n"},"content":{"rendered":"<div data-elementor-type=\"wp-page\" data-elementor-id=\"2306\" class=\"elementor elementor-2306\">\n\t\t\t\t\t\t<section class=\"elementor-section elementor-top-section elementor-element elementor-element-38eb469f elementor-section-stretched elementor-section-height-min-height elementor-section-boxed elementor-section-height-default elementor-section-items-middle\" data-id=\"38eb469f\" data-element_type=\"section\" data-e-type=\"section\" data-settings=\"{&quot;stretch_section&quot;:&quot;section-stretched&quot;,&quot;background_background&quot;:&quot;classic&quot;,&quot;hoteller_ext_is_background_parallax&quot;:&quot;false&quot;,&quot;hoteller_ext_is_background_on_scroll&quot;:&quot;false&quot;}\">\n\t\t\t\t\t\t\t<div class=\"elementor-background-overlay\"><\/div>\n\t\t\t\t\t\t\t<div class=\"elementor-container elementor-column-gap-default\">\n\t\t\t\t\t<div class=\"elementor-column elementor-col-100 elementor-top-column elementor-element elementor-element-6b178c0e\" data-id=\"6b178c0e\" data-element_type=\"column\" data-e-type=\"column\" data-settings=\"{&quot;hoteller_ext_link_sidemenu&quot;:&quot;false&quot;,&quot;hoteller_ext_link_fullmenu&quot;:&quot;false&quot;,&quot;hoteller_ext_link_closed_fullmenu&quot;:&quot;false&quot;,&quot;hoteller_ext_is_scrollme&quot;:&quot;false&quot;,&quot;hoteller_ext_is_smoove&quot;:&quot;false&quot;,&quot;hoteller_ext_is_parallax_mouse&quot;:&quot;false&quot;,&quot;hoteller_ext_is_infinite&quot;:&quot;false&quot;,&quot;hoteller_ext_is_fadeout_animation&quot;:&quot;false&quot;,&quot;hoteller_ext_mobile_static&quot;:&quot;false&quot;}\">\n\t\t\t<div class=\"elementor-widget-wrap elementor-element-populated\">\n\t\t\t\t\t\t<div class=\"elementor-element elementor-element-1431c7dd elementor-invisible elementor-widget elementor-widget-heading\" data-id=\"1431c7dd\" data-element_type=\"widget\" data-e-type=\"widget\" data-settings=\"{&quot;_animation&quot;:&quot;fadeInUp&quot;,&quot;hoteller_ext_link_sidemenu&quot;:&quot;false&quot;,&quot;hoteller_ext_link_fullmenu&quot;:&quot;false&quot;,&quot;hoteller_ext_link_closed_fullmenu&quot;:&quot;false&quot;,&quot;hoteller_ext_is_scrollme&quot;:&quot;false&quot;,&quot;hoteller_ext_is_smoove&quot;:&quot;false&quot;,&quot;hoteller_ext_is_parallax_mouse&quot;:&quot;false&quot;,&quot;hoteller_ext_is_infinite&quot;:&quot;false&quot;,&quot;hoteller_ext_is_fadeout_animation&quot;:&quot;false&quot;,&quot;hoteller_ext_mobile_static&quot;:&quot;false&quot;}\" data-widget_type=\"heading.default\">\n\t\t\t\t<div class=\"elementor-widget-container\">\n\t\t\t\t\t<h1 class=\"elementor-heading-title elementor-size-default\">Contrataci\u00f3n<\/h1>\t\t\t\t<\/div>\n\t\t\t\t<\/div>\n\t\t\t\t<div class=\"elementor-element elementor-element-d1b74ab elementor-invisible elementor-widget elementor-widget-heading\" data-id=\"d1b74ab\" data-element_type=\"widget\" data-e-type=\"widget\" data-settings=\"{&quot;_animation&quot;:&quot;fadeInUp&quot;,&quot;_animation_delay&quot;:400,&quot;hoteller_ext_link_sidemenu&quot;:&quot;false&quot;,&quot;hoteller_ext_link_fullmenu&quot;:&quot;false&quot;,&quot;hoteller_ext_link_closed_fullmenu&quot;:&quot;false&quot;,&quot;hoteller_ext_is_scrollme&quot;:&quot;false&quot;,&quot;hoteller_ext_is_smoove&quot;:&quot;false&quot;,&quot;hoteller_ext_is_parallax_mouse&quot;:&quot;false&quot;,&quot;hoteller_ext_is_infinite&quot;:&quot;false&quot;,&quot;hoteller_ext_is_fadeout_animation&quot;:&quot;false&quot;,&quot;hoteller_ext_mobile_static&quot;:&quot;false&quot;}\" data-widget_type=\"heading.default\">\n\t\t\t\t<div class=\"elementor-widget-container\">\n\t\t\t\t\t<h5 class=\"elementor-heading-title elementor-size-default\">Ven a trabajar a la monta\u00f1a con nosotros<\/h5>\t\t\t\t<\/div>\n\t\t\t\t<\/div>\n\t\t\t\t\t<\/div>\n\t\t<\/div>\n\t\t\t\t\t<\/div>\n\t\t<\/section>\n\t\t\t\t<section class=\"elementor-section elementor-top-section elementor-element elementor-element-3db4b460 elementor-section-boxed elementor-section-height-default elementor-section-height-default\" data-id=\"3db4b460\" data-element_type=\"section\" data-e-type=\"section\" data-settings=\"{&quot;hoteller_ext_is_background_parallax&quot;:&quot;false&quot;,&quot;hoteller_ext_is_background_on_scroll&quot;:&quot;false&quot;}\">\n\t\t\t\t\t\t<div class=\"elementor-container elementor-column-gap-default\">\n\t\t\t\t\t<div class=\"elementor-column elementor-col-100 elementor-top-column elementor-element elementor-element-12c36525\" data-id=\"12c36525\" data-element_type=\"column\" data-e-type=\"column\" data-settings=\"{&quot;hoteller_ext_link_sidemenu&quot;:&quot;false&quot;,&quot;hoteller_ext_link_fullmenu&quot;:&quot;false&quot;,&quot;hoteller_ext_link_closed_fullmenu&quot;:&quot;false&quot;,&quot;hoteller_ext_is_scrollme&quot;:&quot;false&quot;,&quot;hoteller_ext_is_smoove&quot;:&quot;false&quot;,&quot;hoteller_ext_is_parallax_mouse&quot;:&quot;false&quot;,&quot;hoteller_ext_is_infinite&quot;:&quot;false&quot;,&quot;hoteller_ext_is_fadeout_animation&quot;:&quot;false&quot;,&quot;hoteller_ext_mobile_static&quot;:&quot;false&quot;}\">\n\t\t\t<div class=\"elementor-widget-wrap elementor-element-populated\">\n\t\t\t\t\t\t<div class=\"elementor-element elementor-element-34bb238d elementor-invisible elementor-widget elementor-widget-text-editor\" data-id=\"34bb238d\" data-element_type=\"widget\" data-e-type=\"widget\" data-settings=\"{&quot;_animation&quot;:&quot;fadeInUp&quot;,&quot;_animation_delay&quot;:1200,&quot;hoteller_ext_link_sidemenu&quot;:&quot;false&quot;,&quot;hoteller_ext_link_fullmenu&quot;:&quot;false&quot;,&quot;hoteller_ext_link_closed_fullmenu&quot;:&quot;false&quot;,&quot;hoteller_ext_is_scrollme&quot;:&quot;false&quot;,&quot;hoteller_ext_is_smoove&quot;:&quot;false&quot;,&quot;hoteller_ext_is_parallax_mouse&quot;:&quot;false&quot;,&quot;hoteller_ext_is_infinite&quot;:&quot;false&quot;,&quot;hoteller_ext_is_fadeout_animation&quot;:&quot;false&quot;,&quot;hoteller_ext_mobile_static&quot;:&quot;false&quot;}\" data-widget_type=\"text-editor.default\">\n\t\t\t\t<div class=\"elementor-widget-container\">\n\t\t\t\t\t\t\t\t\t<div class=\"mainText\">\n<p>Trabajar para Alp Leisure Ltd puede y debe ser una experiencia muy gratificante. Operamos estos incre\u00edbles chalets de lujo en los 3 Valles;&nbsp;<a title=\"\" href=\"http:\/\/www.alpleisure.com\/es\/meribel\/esqui-de-lujo\/chalet-tomkins.htm\/\" target=\"\">Tomkins<\/a>&nbsp;en Meribel y&nbsp;<a title=\"\" href=\"http:\/\/www.alpleisure.com\/es\/courchevel\/esqui-de-lujo\/chalet-aster.htm\/\" target=\"\">Aster<\/a>&nbsp;y&nbsp;<a title=\"\" href=\"http:\/\/www.alpleisure.com\/es\/Lodge-du-Ciel.htm\/\" target=\"\">Lodge du Ciel<\/a>&nbsp;en Courchevel.<\/p>\n<p>Buscamos personas motivadas y excepcionales para unirse a nuestro equipo de temporada, capaces de ofrecer un excelente nivel de servicio a nuestros hu\u00e9spedes.  Somos muy conscientes de que un \"personal feliz\" hace un trabajo fant\u00e1stico, por lo que nuestro objetivo es asegurarnos de que todos los miembros del personal est\u00e9n satisfechos con su trabajo, reciban un buen trato por parte del personal y de los hu\u00e9spedes y tengan el tiempo necesario en la \"monta\u00f1a\".&nbsp;<\/p>\n<p>Si las descripciones de los puestos que figuran a continuaci\u00f3n le resultan atractivas y cree que puede ofrecer lo que buscamos, p\u00f3ngase en contacto con nosotros; consulte la secci\u00f3n \"C\u00f3mo presentar su candidatura\" al final de esta p\u00e1gina para obtener m\u00e1s informaci\u00f3n.<\/p>\n<\/div>\n<div id=\"mainHidden\" class=\"mainText\">\n<h2>Papeles de temporada con Alp Leisure Ltd<\/h2>\n<div>&nbsp;<\/div>\n<h3>Director del chalet&nbsp;<\/h3>\n<p>El Chalet Manager es responsable de la gesti\u00f3n y el funcionamiento eficiente de la propiedad, supervisando todas las actividades de los hu\u00e9spedes durante su estancia con nosotros y, en general, asegur\u00e1ndose de que los hu\u00e9spedes est\u00e1n bien atendidos y de que se satisfacen todas sus necesidades.  El trabajo tambi\u00e9n incluye llevar una contabilidad de alto nivel, facturar a los hu\u00e9spedes al final de su estancia, organizar cualquier necesidad de transporte dentro del complejo, servir comida y vino, reservar restaurantes. El Director tambi\u00e9n es responsable de garantizar que la propiedad est\u00e9 impecable y bien mantenida (con la ayuda del resto del equipo de chalets y mantenimiento).<\/p>\n<h3>Chef&nbsp;<\/h3>\n<p>El Chef del Chalet se encarga de preparar las comidas para los hu\u00e9spedes seg\u00fan sus necesidades.  Como los hu\u00e9spedes pagan la comida a precio de coste al final de la semana, pueden tomar tantos platos como deseen.  Antes de que los hu\u00e9spedes lleguen al complejo, identificamos sus necesidades, incluidas las especialidades, por lo que el Chef debe ser flexible, experimentado y creativo, ya que cada semana puede suponer un reto diferente.  El trabajo incluye la planificaci\u00f3n del men\u00fa y el presupuesto para cada nuevo grupo de hu\u00e9spedes, adem\u00e1s de comprar, preparar y cocinar el desayuno, el t\u00e9 de la tarde, la cena y (si se solicita) la cena y el almuerzo de los ni\u00f1os.  La higiene es de suma importancia y la cocina y las \u00e1reas de almacenamiento deben mantenerse impecables en todo momento. El Chef trabaja junto con el Director del Chalet ayudando en todos los aspectos del funcionamiento del chalet.  Puede ser muy exigente a veces, pero con todas las oportunidades para mostrar sus habilidades y hacer contactos fant\u00e1sticos.<\/p>\n<h3>Anfitri\u00f3n de chalet<\/h3>\n<p>Nuestros Chalet Hosts son principalmente amas de casa concienzudas que limpiar\u00e1n las habitaciones y los ba\u00f1os al m\u00e1s alto nivel cada d\u00eda y tambi\u00e9n est\u00e1n a mano para ayudar a servir \/ limpiar el desayuno, el t\u00e9 de la tarde y la cena si es necesario y ayudar con una limpieza profunda en el d\u00eda de cambio.  El trabajo incluye la limpieza de ba\u00f1os, habitaciones y zonas comunes, lavar la ropa, planchar, etc (aunque toda la ropa de chalet se env\u00eda a una lavander\u00eda profesional) y estar a mano para cubrir cualquier enfermedad del personal.&nbsp;&nbsp;<\/p>\n<h3>Ch\u00f3fer en el complejo<\/h3>\n<p>Nuestros ch\u00f3feres deben ser puntuales, inteligentes, orientados al cliente y muy trabajadores.  Buscamos personas con experiencia en conducci\u00f3n en monta\u00f1a\/nieve y que sean capaces de mantener los veh\u00edculos de nuestra empresa al m\u00e1s alto nivel tanto por dentro como por fuera.  Usted es una parte integral de un equipo de chalet y son responsables de proporcionar un servicio en el complejo para los hu\u00e9spedes sobre una base diaria, adem\u00e1s de algunas tareas b\u00e1sicas de mantenimiento, tales como troncos de apilamiento y la limpieza de las unidades y las zonas comunes de la nieve durante el invierno.<\/p>\n<p><em>* Todos los puestos de temporada pueden ser para solicitantes solteros o parejas y todos viven en sus propios apartamentos.  Los candidatos que superen la entrevista inicial podr\u00e1n realizar una prueba de oficio, cocinando comidas o cenas para unos 8\/10 comensales.<\/em><\/p>\n<h3>Equipo de mantenimiento<\/h3>\n<p>El equipo de mantenimiento forma parte de nuestro brillante personal de apoyo \"entre bastidores\".  Garantizan el buen funcionamiento de las propiedades durante todo el a\u00f1o, asegur\u00e1ndose de que cualquier problema se resuelve de inmediato, manteniendo todos los chalets, piscinas, jacuzzis y jardines al alto nivel que exigimos.  Desde quitar la nieve y apilar troncos hasta pintar y limpiar alfombras, nuestro equipo est\u00e1 siempre a mano con una sonrisa y un buen par de manos.  Se requiere experiencia relevante, as\u00ed como un esp\u00edritu flexible e independiente, con una actitud de \"puedo hacerlo\" y atenci\u00f3n al detalle.  Se trata de un puesto para todo el a\u00f1o.<\/p>\n<h2>\u00bfEs usted apto?<\/h2>\n<div>&nbsp;<\/div>\n<ul>\n<li>Puntual, fiable y concienzudo&nbsp;<\/li>\n<li>Trabajador&nbsp;<\/li>\n<li>Ojo al detalle&nbsp;<\/li>\n<li>Experiencia y cualificaci\u00f3n adecuadas para el puesto que solicita&nbsp;<\/li>\n<li>Fant\u00e1sticas habilidades de atenci\u00f3n al cliente&nbsp;<\/li>\n<li>Buena resoluci\u00f3n de problemas&nbsp;<\/li>\n<li>Capacidad para implicarse y ayudarse en equipo&nbsp;<\/li>\n<\/ul>\n<ul>\n<li>Simp\u00e1tico, maduro, seguro de s\u00ed mismo y comprometido a trabajar toda la temporada (de principios de diciembre a finales de abril).<\/li>\n<\/ul>\n<div>&nbsp;<\/div>\n<h2>\u00bfSobre el paquete?<\/h2>\n<div>&nbsp;<\/div>\n<ul>\n<li>Viaje de ida y vuelta al final de la temporada dentro de Europa<\/li>\n<li>Alojamiento de buena calidad en apartamentos\/chalets compartidos - todas las posiciones son \"vivir fuera\".&nbsp;<\/li>\n<li>Salarios pagados a mes vencido&nbsp;<\/li>\n<li>Un d\u00eda libre a la semana&nbsp;<\/li>\n<\/ul>\n<ul>\n<li>Uniforme&nbsp;<\/li>\n<li>Forfait de temporada - One Valley o Three Valley con reembolso del coste total al finalizar con \u00e9xito la temporada<\/li>\n<li>Alquiler de esqu\u00eds o snowboards y botas&nbsp;<\/li>\n<li>Clases de esqu\u00ed\/snowboard para principiantes<\/li>\n<li>Seguro Carte-Neige&nbsp;<\/li>\n<li>Equipo de asistencia en franc\u00e9s<\/li>\n<\/ul>\n<div>&nbsp;<\/div>\n<h2>C\u00f3mo solicitarlo<\/h2>\n<p>Los candidatos deben tener experiencia pertinente y ser titulares de un pasaporte de la UE o tener derecho a trabajar en Francia (Carte de Sejour).  Env\u00edenos un correo electr\u00f3nico a <a href=\"mailto:recruit@alpleisure.com\">recruit@alpleisure.com<\/a> con una copia de su CV, su carta de presentaci\u00f3n, una foto reciente, y explique por qu\u00e9 le gustar\u00eda trabajar para Alp Leisure Ltd y c\u00f3mo cree que sus habilidades y experiencia le har\u00edan un candidato adecuado para el puesto.  Si creemos que eres adecuado, inicialmente concertaremos una entrevista telef\u00f3nica y te pediremos 3 referencias de empleadores anteriores. Alternativamente, puede utilizar el formulario de solicitud a continuaci\u00f3n.&nbsp;<\/p><p><span style=\"font-size: 15px; letter-spacing: 0px;\">Si el resultado es positivo, los candidatos seleccionados ser\u00e1n convocados a una entrevista con la posibilidad de realizar una prueba de oficios, si procede.<\/span><\/p>\n<\/div>\t\t\t\t\t\t\t\t<\/div>\n\t\t\t\t<\/div>\n\t\t\t\t\t<\/div>\n\t\t<\/div>\n\t\t\t\t\t<\/div>\n\t\t<\/section>\n\t\t\t\t<section class=\"elementor-section elementor-top-section elementor-element elementor-element-9a1ffe8 elementor-section-boxed elementor-section-height-default elementor-section-height-default\" data-id=\"9a1ffe8\" data-element_type=\"section\" data-e-type=\"section\" data-settings=\"{&quot;hoteller_ext_is_background_parallax&quot;:&quot;false&quot;,&quot;hoteller_ext_is_background_on_scroll&quot;:&quot;false&quot;}\">\n\t\t\t\t\t\t<div class=\"elementor-container elementor-column-gap-default\">\n\t\t\t\t\t<div class=\"elementor-column elementor-col-100 elementor-top-column elementor-element elementor-element-de483f4\" data-id=\"de483f4\" data-element_type=\"column\" data-e-type=\"column\" data-settings=\"{&quot;hoteller_ext_link_sidemenu&quot;:&quot;false&quot;,&quot;hoteller_ext_link_fullmenu&quot;:&quot;false&quot;,&quot;hoteller_ext_link_closed_fullmenu&quot;:&quot;false&quot;,&quot;hoteller_ext_is_scrollme&quot;:&quot;false&quot;,&quot;hoteller_ext_is_smoove&quot;:&quot;false&quot;,&quot;hoteller_ext_is_parallax_mouse&quot;:&quot;false&quot;,&quot;hoteller_ext_is_infinite&quot;:&quot;false&quot;,&quot;hoteller_ext_is_fadeout_animation&quot;:&quot;false&quot;,&quot;hoteller_ext_mobile_static&quot;:&quot;false&quot;}\">\n\t\t\t<div class=\"elementor-widget-wrap elementor-element-populated\">\n\t\t\t\t\t\t<div class=\"elementor-element elementor-element-a351533 elementor-widget elementor-widget-form\" data-id=\"a351533\" data-element_type=\"widget\" data-e-type=\"widget\" data-settings=\"{&quot;hoteller_ext_link_sidemenu&quot;:&quot;false&quot;,&quot;hoteller_ext_link_fullmenu&quot;:&quot;false&quot;,&quot;hoteller_ext_link_closed_fullmenu&quot;:&quot;false&quot;,&quot;hoteller_ext_is_scrollme&quot;:&quot;false&quot;,&quot;hoteller_ext_is_smoove&quot;:&quot;false&quot;,&quot;hoteller_ext_is_parallax_mouse&quot;:&quot;false&quot;,&quot;hoteller_ext_is_infinite&quot;:&quot;false&quot;,&quot;hoteller_ext_is_fadeout_animation&quot;:&quot;false&quot;,&quot;hoteller_ext_mobile_static&quot;:&quot;false&quot;}\" data-widget_type=\"form.default\">\n\t\t\t\t<div class=\"elementor-widget-container\">\n\t\t\t\t\t \t\t\t\t<\/div>\n\t\t\t\t<\/div>\n\t\t\t\t\t<\/div>\n\t\t<\/div>\n\t\t\t\t\t<\/div>\n\t\t<\/section>\n\t\t\t\t<\/div>","protected":false},"excerpt":{"rendered":"<p>Recruitment Come and work in the mountains with us Working for Alp Leisure Ltd can and should be a highly rewarding experience. We&nbsp;operate these&nbsp;amazing luxury chalets in&nbsp;the 3 Valleys;&nbsp;Tomkins&nbsp;in&nbsp;Meribel and&nbsp;Aster&nbsp;and&nbsp;Lodge du Ciel&nbsp;in Courchevel. We look for motivated, exceptional people to [&hellip;]<\/p>\n","protected":false},"author":1,"featured_media":0,"parent":0,"menu_order":0,"comment_status":"closed","ping_status":"closed","template":"","meta":{"_acf_changed":false,"footnotes":""},"class_list":["post-2306","page","type-page","status-publish","hentry"],"acf":[],"yoast_head":"<!-- This site is optimized with the Yoast SEO plugin v27.3 - https:\/\/yoast.com\/product\/yoast-seo-wordpress\/ -->\n<title>Professional, mature, experienced chalet staff<\/title>\n<meta name=\"description\" content=\"Working for Alp Leisure Ltd can and should be a highly rewarding experience.\" \/>\n<meta name=\"robots\" content=\"index, follow, max-snippet:-1, max-image-preview:large, max-video-preview:-1\" \/>\n<link rel=\"canonical\" href=\"https:\/\/www.alpleisure.com\/es\/esqui-de-lujo\/contratacion\/\" \/>\n<meta property=\"og:locale\" content=\"es_ES\" \/>\n<meta property=\"og:type\" content=\"article\" \/>\n<meta property=\"og:title\" content=\"Professional, mature, experienced chalet staff\" \/>\n<meta property=\"og:description\" content=\"Working for Alp Leisure Ltd can and should be a highly rewarding experience.\" \/>\n<meta property=\"og:url\" content=\"https:\/\/www.alpleisure.com\/es\/esqui-de-lujo\/contratacion\/\" \/>\n<meta property=\"og:site_name\" content=\"Alp Leisure Ltd\" \/>\n<meta property=\"article:publisher\" content=\"https:\/\/www.facebook.com\/alpleisureltd\/\" \/>\n<meta property=\"article:modified_time\" content=\"2021-09-13T10:58:50+00:00\" \/>\n<meta name=\"twitter:card\" content=\"summary_large_image\" \/>\n<meta name=\"twitter:site\" content=\"@AlpLeisureLtd\" \/>\n<meta name=\"twitter:label1\" content=\"Tiempo de lectura\" \/>\n\t<meta name=\"twitter:data1\" content=\"5 minutos\" \/>\n<script type=\"application\/ld+json\" class=\"yoast-schema-graph\">{\"@context\":\"https:\\\/\\\/schema.org\",\"@graph\":[{\"@type\":\"WebPage\",\"@id\":\"https:\\\/\\\/www.alpleisure.com\\\/es\\\/esqui-de-lujo\\\/contratacion\\\/\",\"url\":\"https:\\\/\\\/www.alpleisure.com\\\/es\\\/esqui-de-lujo\\\/contratacion\\\/\",\"name\":\"Professional, mature, experienced chalet staff\",\"isPartOf\":{\"@id\":\"https:\\\/\\\/www.alpleisure.com\\\/es\\\/#website\"},\"datePublished\":\"2020-06-29T15:49:50+00:00\",\"dateModified\":\"2021-09-13T10:58:50+00:00\",\"description\":\"Working for Alp Leisure Ltd can and should be a highly rewarding experience.\",\"breadcrumb\":{\"@id\":\"https:\\\/\\\/www.alpleisure.com\\\/es\\\/esqui-de-lujo\\\/contratacion\\\/#breadcrumb\"},\"inLanguage\":\"es\",\"potentialAction\":[{\"@type\":\"ReadAction\",\"target\":[\"https:\\\/\\\/www.alpleisure.com\\\/es\\\/esqui-de-lujo\\\/contratacion\\\/\"]}]},{\"@type\":\"BreadcrumbList\",\"@id\":\"https:\\\/\\\/www.alpleisure.com\\\/es\\\/esqui-de-lujo\\\/contratacion\\\/#breadcrumb\",\"itemListElement\":[{\"@type\":\"ListItem\",\"position\":1,\"name\":\"Home\",\"item\":\"https:\\\/\\\/www.alpleisure.com\\\/\"},{\"@type\":\"ListItem\",\"position\":2,\"name\":\"Recruitment\"}]},{\"@type\":\"WebSite\",\"@id\":\"https:\\\/\\\/www.alpleisure.com\\\/es\\\/#website\",\"url\":\"https:\\\/\\\/www.alpleisure.com\\\/es\\\/\",\"name\":\"Alp Leisure Ltd\",\"description\":\"Private Luxury Chalets\",\"publisher\":{\"@id\":\"https:\\\/\\\/www.alpleisure.com\\\/es\\\/#organization\"},\"potentialAction\":[{\"@type\":\"SearchAction\",\"target\":{\"@type\":\"EntryPoint\",\"urlTemplate\":\"https:\\\/\\\/www.alpleisure.com\\\/es\\\/?s={search_term_string}\"},\"query-input\":{\"@type\":\"PropertyValueSpecification\",\"valueRequired\":true,\"valueName\":\"search_term_string\"}}],\"inLanguage\":\"es\"},{\"@type\":\"Organization\",\"@id\":\"https:\\\/\\\/www.alpleisure.com\\\/es\\\/#organization\",\"name\":\"Alp Leisure Ltd\",\"url\":\"https:\\\/\\\/www.alpleisure.com\\\/es\\\/\",\"logo\":{\"@type\":\"ImageObject\",\"inLanguage\":\"es\",\"@id\":\"https:\\\/\\\/www.alpleisure.com\\\/es\\\/#\\\/schema\\\/logo\\\/image\\\/\",\"url\":\"https:\\\/\\\/www.alpleisure.com\\\/wp-content\\\/uploads\\\/2019\\\/06\\\/Alp-Leisure-Black-e1592823739589.gif\",\"contentUrl\":\"https:\\\/\\\/www.alpleisure.com\\\/wp-content\\\/uploads\\\/2019\\\/06\\\/Alp-Leisure-Black-e1592823739589.gif\",\"width\":1000,\"height\":155,\"caption\":\"Alp Leisure Ltd\"},\"image\":{\"@id\":\"https:\\\/\\\/www.alpleisure.com\\\/es\\\/#\\\/schema\\\/logo\\\/image\\\/\"},\"sameAs\":[\"https:\\\/\\\/www.facebook.com\\\/alpleisureltd\\\/\",\"https:\\\/\\\/x.com\\\/AlpLeisureLtd\",\"https:\\\/\\\/www.instagram.com\\\/alp_leisure_ltd\\\/\",\"https:\\\/\\\/www.linkedin.com\\\/company\\\/5213398\\\/\",\"https:\\\/\\\/www.youtube.com\\\/channel\\\/UCHpxQIr4voEotGnVdeVwRLg\"]}]}<\/script>\n<!-- \/ Yoast SEO plugin. -->","yoast_head_json":{"title":"Personal del chalet profesional, maduro y con experiencia","description":"Trabajar para Alp Leisure Ltd puede y debe ser una experiencia muy gratificante.","robots":{"index":"index","follow":"follow","max-snippet":"max-snippet:-1","max-image-preview":"max-image-preview:large","max-video-preview":"max-video-preview:-1"},"canonical":"https:\/\/www.alpleisure.com\/es\/esqui-de-lujo\/contratacion\/","og_locale":"es_ES","og_type":"article","og_title":"Professional, mature, experienced chalet staff","og_description":"Working for Alp Leisure Ltd can and should be a highly rewarding experience.","og_url":"https:\/\/www.alpleisure.com\/es\/esqui-de-lujo\/contratacion\/","og_site_name":"Alp Leisure Ltd","article_publisher":"https:\/\/www.facebook.com\/alpleisureltd\/","article_modified_time":"2021-09-13T10:58:50+00:00","twitter_card":"summary_large_image","twitter_site":"@AlpLeisureLtd","twitter_misc":{"Tiempo de lectura":"5 minutos"},"schema":{"@context":"https:\/\/schema.org","@graph":[{"@type":"WebPage","@id":"https:\/\/www.alpleisure.com\/es\/esqui-de-lujo\/contratacion\/","url":"https:\/\/www.alpleisure.com\/es\/esqui-de-lujo\/contratacion\/","name":"Personal del chalet profesional, maduro y con experiencia","isPartOf":{"@id":"https:\/\/www.alpleisure.com\/es\/#website"},"datePublished":"2020-06-29T15:49:50+00:00","dateModified":"2021-09-13T10:58:50+00:00","description":"Trabajar para Alp Leisure Ltd puede y debe ser una experiencia muy gratificante.","breadcrumb":{"@id":"https:\/\/www.alpleisure.com\/es\/esqui-de-lujo\/contratacion\/#breadcrumb"},"inLanguage":"es","potentialAction":[{"@type":"ReadAction","target":["https:\/\/www.alpleisure.com\/es\/esqui-de-lujo\/contratacion\/"]}]},{"@type":"BreadcrumbList","@id":"https:\/\/www.alpleisure.com\/es\/esqui-de-lujo\/contratacion\/#breadcrumb","itemListElement":[{"@type":"ListItem","position":1,"name":"Home","item":"https:\/\/www.alpleisure.com\/"},{"@type":"ListItem","position":2,"name":"Recruitment"}]},{"@type":"WebSite","@id":"https:\/\/www.alpleisure.com\/es\/#website","url":"https:\/\/www.alpleisure.com\/es\/","name":"Alp Leisure Ltd","description":"Chal\u00e9s privados de lujo","publisher":{"@id":"https:\/\/www.alpleisure.com\/es\/#organization"},"potentialAction":[{"@type":"SearchAction","target":{"@type":"EntryPoint","urlTemplate":"https:\/\/www.alpleisure.com\/es\/?s={search_term_string}"},"query-input":{"@type":"PropertyValueSpecification","valueRequired":true,"valueName":"search_term_string"}}],"inLanguage":"es"},{"@type":"Organization","@id":"https:\/\/www.alpleisure.com\/es\/#organization","name":"Alp Leisure Ltd","url":"https:\/\/www.alpleisure.com\/es\/","logo":{"@type":"ImageObject","inLanguage":"es","@id":"https:\/\/www.alpleisure.com\/es\/#\/schema\/logo\/image\/","url":"https:\/\/www.alpleisure.com\/wp-content\/uploads\/2019\/06\/Alp-Leisure-Black-e1592823739589.gif","contentUrl":"https:\/\/www.alpleisure.com\/wp-content\/uploads\/2019\/06\/Alp-Leisure-Black-e1592823739589.gif","width":1000,"height":155,"caption":"Alp Leisure Ltd"},"image":{"@id":"https:\/\/www.alpleisure.com\/es\/#\/schema\/logo\/image\/"},"sameAs":["https:\/\/www.facebook.com\/alpleisureltd\/","https:\/\/x.com\/AlpLeisureLtd","https:\/\/www.instagram.com\/alp_leisure_ltd\/","https:\/\/www.linkedin.com\/company\/5213398\/","https:\/\/www.youtube.com\/channel\/UCHpxQIr4voEotGnVdeVwRLg"]}]}},"_links":{"self":[{"href":"https:\/\/www.alpleisure.com\/es\/wp-json\/wp\/v2\/pages\/2306","targetHints":{"allow":["GET"]}}],"collection":[{"href":"https:\/\/www.alpleisure.com\/es\/wp-json\/wp\/v2\/pages"}],"about":[{"href":"https:\/\/www.alpleisure.com\/es\/wp-json\/wp\/v2\/types\/page"}],"author":[{"embeddable":true,"href":"https:\/\/www.alpleisure.com\/es\/wp-json\/wp\/v2\/users\/1"}],"replies":[{"embeddable":true,"href":"https:\/\/www.alpleisure.com\/es\/wp-json\/wp\/v2\/comments?post=2306"}],"version-history":[{"count":13,"href":"https:\/\/www.alpleisure.com\/es\/wp-json\/wp\/v2\/pages\/2306\/revisions"}],"predecessor-version":[{"id":32818,"href":"https:\/\/www.alpleisure.com\/es\/wp-json\/wp\/v2\/pages\/2306\/revisions\/32818"}],"wp:attachment":[{"href":"https:\/\/www.alpleisure.com\/es\/wp-json\/wp\/v2\/media?parent=2306"}],"curies":[{"name":"wp","href":"https:\/\/api.w.org\/{rel}","templated":true}]}}