{"id":2,"date":"2018-10-11T08:51:51","date_gmt":"2018-10-11T07:51:51","guid":{"rendered":"http:\/\/alpleisure.com\/?page_id=2"},"modified":"2018-10-11T08:51:51","modified_gmt":"2018-10-11T07:51:51","slug":"pagina-de-muestra","status":"publish","type":"page","link":"https:\/\/www.alpleisure.com\/es\/esqui-de-lujo\/pagina-de-muestra\/","title":{"rendered":"P\u00e1gina de muestra"},"content":{"rendered":"<p>This is an example page. It&#8217;s different from a blog post because it will stay in one place and will show up in your site navigation (in most themes). Most people start with an About page that introduces them to potential site visitors. It might say something like this:<\/p>\n<blockquote><p>Hi there! I&#8217;m a bike messenger by day, aspiring actor by night, and this is my website. I live in Los Angeles, have a great dog named Jack, and I like pi&#241;a coladas. (And gettin&#8217; caught in the rain.)<\/p><\/blockquote>\n<p>&#8230;or something like this:<\/p>\n<blockquote><p>The XYZ Doohickey Company was founded in 1971, and has been providing quality doohickeys to the public ever since. Located in Leicester City, XYZ employs over 2,000 people and does all kinds of awesome things for the Leicester community.<\/p><\/blockquote>\n<p>As a new WordPress user, you should go to <a href=\"http:\/\/alpleisure.com\/wp-admin\/\">your dashboard<\/a> to delete this page and create new pages for your content. Have fun!<\/p>","protected":false},"excerpt":{"rendered":"<p>This is an example page. It&#8217;s different from a blog post because it will stay in one place and will show up in your site navigation (in most themes). Most people start with an About page that introduces them to [&hellip;]<\/p>\n","protected":false},"author":1,"featured_media":0,"parent":0,"menu_order":0,"comment_status":"closed","ping_status":"open","template":"","meta":{"_acf_changed":false,"footnotes":""},"class_list":["post-2","page","type-page","status-publish","hentry"],"acf":[],"yoast_head":"<!-- This site is optimized with the Yoast SEO plugin v27.5 - https:\/\/yoast.com\/product\/yoast-seo-wordpress\/ -->\n<title>Sample Page - Alp Leisure Ltd<\/title>\n<meta name=\"description\" content=\"Private Luxury Ski Chalets rental in France with freedom to choose. Luxury Chalet Skiing holidays with complete flexibility. Ski in the best luxury chalets\" \/>\n<meta name=\"robots\" content=\"index, follow, max-snippet:-1, max-image-preview:large, max-video-preview:-1\" \/>\n<link rel=\"canonical\" href=\"https:\/\/www.alpleisure.com\/es\/esqui-de-lujo\/pagina-de-muestra\/\" \/>\n<meta property=\"og:locale\" content=\"es_ES\" \/>\n<meta property=\"og:type\" content=\"article\" \/>\n<meta property=\"og:title\" content=\"Sample Page - Alp Leisure Ltd\" \/>\n<meta property=\"og:description\" content=\"Private Luxury Ski Chalets rental in France with freedom to choose. Luxury Chalet Skiing holidays with complete flexibility. Ski in the best luxury chalets\" \/>\n<meta property=\"og:url\" content=\"https:\/\/www.alpleisure.com\/es\/esqui-de-lujo\/pagina-de-muestra\/\" \/>\n<meta property=\"og:site_name\" content=\"Alp Leisure Ltd\" \/>\n<meta property=\"article:publisher\" content=\"https:\/\/www.facebook.com\/alpleisureltd\/\" \/>\n<meta name=\"twitter:card\" content=\"summary_large_image\" \/>\n<meta name=\"twitter:site\" content=\"@AlpLeisureLtd\" \/>\n<meta name=\"twitter:label1\" content=\"Tiempo de lectura\" \/>\n\t<meta name=\"twitter:data1\" content=\"1 minuto\" \/>\n<script type=\"application\/ld+json\" class=\"yoast-schema-graph\">{\"@context\":\"https:\\\/\\\/schema.org\",\"@graph\":[{\"@type\":\"WebPage\",\"@id\":\"https:\\\/\\\/www.alpleisure.com\\\/es\\\/esqui-de-lujo\\\/pagina-de-muestra\\\/\",\"url\":\"https:\\\/\\\/www.alpleisure.com\\\/es\\\/esqui-de-lujo\\\/pagina-de-muestra\\\/\",\"name\":\"Sample Page - Alp Leisure Ltd\",\"isPartOf\":{\"@id\":\"https:\\\/\\\/www.alpleisure.com\\\/es\\\/#website\"},\"datePublished\":\"2018-10-11T07:51:51+00:00\",\"description\":\"Private Luxury Ski Chalets rental in France with freedom to choose. Luxury Chalet Skiing holidays with complete flexibility. Ski in the best luxury chalets\",\"breadcrumb\":{\"@id\":\"https:\\\/\\\/www.alpleisure.com\\\/es\\\/esqui-de-lujo\\\/pagina-de-muestra\\\/#breadcrumb\"},\"inLanguage\":\"es\",\"potentialAction\":[{\"@type\":\"ReadAction\",\"target\":[\"https:\\\/\\\/www.alpleisure.com\\\/es\\\/esqui-de-lujo\\\/pagina-de-muestra\\\/\"]}]},{\"@type\":\"BreadcrumbList\",\"@id\":\"https:\\\/\\\/www.alpleisure.com\\\/es\\\/esqui-de-lujo\\\/pagina-de-muestra\\\/#breadcrumb\",\"itemListElement\":[{\"@type\":\"ListItem\",\"position\":1,\"name\":\"Home\",\"item\":\"https:\\\/\\\/www.alpleisure.com\\\/\"},{\"@type\":\"ListItem\",\"position\":2,\"name\":\"Sample Page\"}]},{\"@type\":\"WebSite\",\"@id\":\"https:\\\/\\\/www.alpleisure.com\\\/es\\\/#website\",\"url\":\"https:\\\/\\\/www.alpleisure.com\\\/es\\\/\",\"name\":\"Alp Leisure Ltd\",\"description\":\"Private Luxury Chalets\",\"publisher\":{\"@id\":\"https:\\\/\\\/www.alpleisure.com\\\/es\\\/#organization\"},\"potentialAction\":[{\"@type\":\"SearchAction\",\"target\":{\"@type\":\"EntryPoint\",\"urlTemplate\":\"https:\\\/\\\/www.alpleisure.com\\\/es\\\/?s={search_term_string}\"},\"query-input\":{\"@type\":\"PropertyValueSpecification\",\"valueRequired\":true,\"valueName\":\"search_term_string\"}}],\"inLanguage\":\"es\"},{\"@type\":\"Organization\",\"@id\":\"https:\\\/\\\/www.alpleisure.com\\\/es\\\/#organization\",\"name\":\"Alp Leisure Ltd\",\"url\":\"https:\\\/\\\/www.alpleisure.com\\\/es\\\/\",\"logo\":{\"@type\":\"ImageObject\",\"inLanguage\":\"es\",\"@id\":\"https:\\\/\\\/www.alpleisure.com\\\/es\\\/#\\\/schema\\\/logo\\\/image\\\/\",\"url\":\"https:\\\/\\\/www.alpleisure.com\\\/wp-content\\\/uploads\\\/2019\\\/06\\\/Alp-Leisure-Black-e1592823739589.gif\",\"contentUrl\":\"https:\\\/\\\/www.alpleisure.com\\\/wp-content\\\/uploads\\\/2019\\\/06\\\/Alp-Leisure-Black-e1592823739589.gif\",\"width\":1000,\"height\":155,\"caption\":\"Alp Leisure Ltd\"},\"image\":{\"@id\":\"https:\\\/\\\/www.alpleisure.com\\\/es\\\/#\\\/schema\\\/logo\\\/image\\\/\"},\"sameAs\":[\"https:\\\/\\\/www.facebook.com\\\/alpleisureltd\\\/\",\"https:\\\/\\\/x.com\\\/AlpLeisureLtd\",\"https:\\\/\\\/www.instagram.com\\\/alp_leisure_ltd\\\/\",\"https:\\\/\\\/www.linkedin.com\\\/company\\\/5213398\\\/\",\"https:\\\/\\\/www.youtube.com\\\/channel\\\/UCHpxQIr4voEotGnVdeVwRLg\"]}]}<\/script>\n<!-- \/ Yoast SEO plugin. -->","yoast_head_json":{"title":"P\u00e1gina de muestra - Alp Leisure Ltd","description":"Alquiler de Chalets de Esqu\u00ed de Lujo privados en Francia con libertad de elecci\u00f3n. Vacaciones de esqu\u00ed en chalets de lujo con total flexibilidad. Esqu\u00ed en los mejores chalets de lujo","robots":{"index":"index","follow":"follow","max-snippet":"max-snippet:-1","max-image-preview":"max-image-preview:large","max-video-preview":"max-video-preview:-1"},"canonical":"https:\/\/www.alpleisure.com\/es\/esqui-de-lujo\/pagina-de-muestra\/","og_locale":"es_ES","og_type":"article","og_title":"Sample Page - Alp Leisure Ltd","og_description":"Private Luxury Ski Chalets rental in France with freedom to choose. Luxury Chalet Skiing holidays with complete flexibility. Ski in the best luxury chalets","og_url":"https:\/\/www.alpleisure.com\/es\/esqui-de-lujo\/pagina-de-muestra\/","og_site_name":"Alp Leisure Ltd","article_publisher":"https:\/\/www.facebook.com\/alpleisureltd\/","twitter_card":"summary_large_image","twitter_site":"@AlpLeisureLtd","twitter_misc":{"Tiempo de lectura":"1 minuto"},"schema":{"@context":"https:\/\/schema.org","@graph":[{"@type":"WebPage","@id":"https:\/\/www.alpleisure.com\/es\/esqui-de-lujo\/pagina-de-muestra\/","url":"https:\/\/www.alpleisure.com\/es\/esqui-de-lujo\/pagina-de-muestra\/","name":"P\u00e1gina de muestra - Alp Leisure Ltd","isPartOf":{"@id":"https:\/\/www.alpleisure.com\/es\/#website"},"datePublished":"2018-10-11T07:51:51+00:00","description":"Alquiler de Chalets de Esqu\u00ed de Lujo privados en Francia con libertad de elecci\u00f3n. Vacaciones de esqu\u00ed en chalets de lujo con total flexibilidad. Esqu\u00ed en los mejores chalets de lujo","breadcrumb":{"@id":"https:\/\/www.alpleisure.com\/es\/esqui-de-lujo\/pagina-de-muestra\/#breadcrumb"},"inLanguage":"es","potentialAction":[{"@type":"ReadAction","target":["https:\/\/www.alpleisure.com\/es\/esqui-de-lujo\/pagina-de-muestra\/"]}]},{"@type":"BreadcrumbList","@id":"https:\/\/www.alpleisure.com\/es\/esqui-de-lujo\/pagina-de-muestra\/#breadcrumb","itemListElement":[{"@type":"ListItem","position":1,"name":"Home","item":"https:\/\/www.alpleisure.com\/"},{"@type":"ListItem","position":2,"name":"Sample Page"}]},{"@type":"WebSite","@id":"https:\/\/www.alpleisure.com\/es\/#website","url":"https:\/\/www.alpleisure.com\/es\/","name":"Alp Leisure Ltd","description":"Chal\u00e9s privados de lujo","publisher":{"@id":"https:\/\/www.alpleisure.com\/es\/#organization"},"potentialAction":[{"@type":"SearchAction","target":{"@type":"EntryPoint","urlTemplate":"https:\/\/www.alpleisure.com\/es\/?s={search_term_string}"},"query-input":{"@type":"PropertyValueSpecification","valueRequired":true,"valueName":"search_term_string"}}],"inLanguage":"es"},{"@type":"Organization","@id":"https:\/\/www.alpleisure.com\/es\/#organization","name":"Alp Leisure Ltd","url":"https:\/\/www.alpleisure.com\/es\/","logo":{"@type":"ImageObject","inLanguage":"es","@id":"https:\/\/www.alpleisure.com\/es\/#\/schema\/logo\/image\/","url":"https:\/\/www.alpleisure.com\/wp-content\/uploads\/2019\/06\/Alp-Leisure-Black-e1592823739589.gif","contentUrl":"https:\/\/www.alpleisure.com\/wp-content\/uploads\/2019\/06\/Alp-Leisure-Black-e1592823739589.gif","width":1000,"height":155,"caption":"Alp Leisure Ltd"},"image":{"@id":"https:\/\/www.alpleisure.com\/es\/#\/schema\/logo\/image\/"},"sameAs":["https:\/\/www.facebook.com\/alpleisureltd\/","https:\/\/x.com\/AlpLeisureLtd","https:\/\/www.instagram.com\/alp_leisure_ltd\/","https:\/\/www.linkedin.com\/company\/5213398\/","https:\/\/www.youtube.com\/channel\/UCHpxQIr4voEotGnVdeVwRLg"]}]}},"_links":{"self":[{"href":"https:\/\/www.alpleisure.com\/es\/wp-json\/wp\/v2\/pages\/2","targetHints":{"allow":["GET"]}}],"collection":[{"href":"https:\/\/www.alpleisure.com\/es\/wp-json\/wp\/v2\/pages"}],"about":[{"href":"https:\/\/www.alpleisure.com\/es\/wp-json\/wp\/v2\/types\/page"}],"author":[{"embeddable":true,"href":"https:\/\/www.alpleisure.com\/es\/wp-json\/wp\/v2\/users\/1"}],"replies":[{"embeddable":true,"href":"https:\/\/www.alpleisure.com\/es\/wp-json\/wp\/v2\/comments?post=2"}],"version-history":[{"count":0,"href":"https:\/\/www.alpleisure.com\/es\/wp-json\/wp\/v2\/pages\/2\/revisions"}],"wp:attachment":[{"href":"https:\/\/www.alpleisure.com\/es\/wp-json\/wp\/v2\/media?parent=2"}],"curies":[{"name":"wp","href":"https:\/\/api.w.org\/{rel}","templated":true}]}}