{"id":14,"date":"2019-06-11T08:35:56","date_gmt":"2019-06-11T06:35:56","guid":{"rendered":"http:\/\/alpleisure.com\/booking-confirmation\/booking-confirmed\/"},"modified":"2022-06-08T14:36:07","modified_gmt":"2022-06-08T12:36:07","slug":"estado-de-la-reserva","status":"publish","type":"page","link":"https:\/\/www.alpleisure.com\/es\/esqui-de-lujo\/solicitud-de-reserva\/estado-de-la-reserva\/","title":{"rendered":"Estado de la reserva"},"content":{"rendered":"<div data-elementor-type=\"wp-page\" data-elementor-id=\"14\" class=\"elementor elementor-14\">\n\t\t\t\t\t\t<section class=\"elementor-section elementor-top-section elementor-element elementor-element-4fe56fd2 elementor-section-stretched elementor-section-height-min-height elementor-section-boxed elementor-section-height-default elementor-section-items-middle\" data-id=\"4fe56fd2\" data-element_type=\"section\" data-e-type=\"section\" data-settings=\"{&quot;stretch_section&quot;:&quot;section-stretched&quot;,&quot;background_background&quot;:&quot;classic&quot;,&quot;hoteller_ext_is_background_parallax&quot;:&quot;false&quot;,&quot;hoteller_ext_is_background_on_scroll&quot;:&quot;false&quot;}\">\n\t\t\t\t\t\t\t<div class=\"elementor-background-overlay\"><\/div>\n\t\t\t\t\t\t\t<div class=\"elementor-container elementor-column-gap-default\">\n\t\t\t\t\t<div class=\"elementor-column elementor-col-100 elementor-top-column elementor-element elementor-element-3860f6eb\" data-id=\"3860f6eb\" data-element_type=\"column\" data-e-type=\"column\" data-settings=\"{&quot;hoteller_ext_link_sidemenu&quot;:&quot;false&quot;,&quot;hoteller_ext_link_fullmenu&quot;:&quot;false&quot;,&quot;hoteller_ext_link_closed_fullmenu&quot;:&quot;false&quot;,&quot;hoteller_ext_is_scrollme&quot;:&quot;false&quot;,&quot;hoteller_ext_is_smoove&quot;:&quot;false&quot;,&quot;hoteller_ext_is_parallax_mouse&quot;:&quot;false&quot;,&quot;hoteller_ext_is_infinite&quot;:&quot;false&quot;,&quot;hoteller_ext_is_fadeout_animation&quot;:&quot;false&quot;,&quot;hoteller_ext_mobile_static&quot;:&quot;false&quot;}\">\n\t\t\t<div class=\"elementor-widget-wrap elementor-element-populated\">\n\t\t\t\t\t\t<div class=\"elementor-element elementor-element-44a688e1 elementor-invisible elementor-widget elementor-widget-heading\" data-id=\"44a688e1\" data-element_type=\"widget\" data-e-type=\"widget\" data-settings=\"{&quot;_animation&quot;:&quot;fadeInUp&quot;,&quot;hoteller_ext_link_sidemenu&quot;:&quot;false&quot;,&quot;hoteller_ext_link_fullmenu&quot;:&quot;false&quot;,&quot;hoteller_ext_link_closed_fullmenu&quot;:&quot;false&quot;,&quot;hoteller_ext_is_scrollme&quot;:&quot;false&quot;,&quot;hoteller_ext_is_smoove&quot;:&quot;false&quot;,&quot;hoteller_ext_is_parallax_mouse&quot;:&quot;false&quot;,&quot;hoteller_ext_is_infinite&quot;:&quot;false&quot;,&quot;hoteller_ext_is_fadeout_animation&quot;:&quot;false&quot;,&quot;hoteller_ext_mobile_static&quot;:&quot;false&quot;}\" data-widget_type=\"heading.default\">\n\t\t\t\t<div class=\"elementor-widget-container\">\n\t\t\t\t\t<h1 class=\"elementor-heading-title elementor-size-default\">Estado de la reserva<\/h1>\t\t\t\t<\/div>\n\t\t\t\t<\/div>\n\t\t\t\t\t<\/div>\n\t\t<\/div>\n\t\t\t\t\t<\/div>\n\t\t<\/section>\n\t\t\t\t<section class=\"elementor-section elementor-top-section elementor-element elementor-element-6470d41c elementor-section-boxed elementor-section-height-default elementor-section-height-default\" data-id=\"6470d41c\" data-element_type=\"section\" data-e-type=\"section\" data-settings=\"{&quot;hoteller_ext_is_background_parallax&quot;:&quot;false&quot;,&quot;hoteller_ext_is_background_on_scroll&quot;:&quot;false&quot;}\">\n\t\t\t\t\t\t<div class=\"elementor-container elementor-column-gap-default\">\n\t\t\t\t\t<div class=\"elementor-column elementor-col-100 elementor-top-column elementor-element elementor-element-5756dd05\" data-id=\"5756dd05\" data-element_type=\"column\" data-e-type=\"column\" data-settings=\"{&quot;hoteller_ext_link_sidemenu&quot;:&quot;false&quot;,&quot;hoteller_ext_link_fullmenu&quot;:&quot;false&quot;,&quot;hoteller_ext_link_closed_fullmenu&quot;:&quot;false&quot;,&quot;hoteller_ext_is_scrollme&quot;:&quot;false&quot;,&quot;hoteller_ext_is_smoove&quot;:&quot;false&quot;,&quot;hoteller_ext_is_parallax_mouse&quot;:&quot;false&quot;,&quot;hoteller_ext_is_infinite&quot;:&quot;false&quot;,&quot;hoteller_ext_is_fadeout_animation&quot;:&quot;false&quot;,&quot;hoteller_ext_mobile_static&quot;:&quot;false&quot;}\">\n\t\t\t<div class=\"elementor-widget-wrap elementor-element-populated\">\n\t\t\t\t\t\t<div class=\"elementor-element elementor-element-468df175 elementor-widget elementor-widget-shortcode\" data-id=\"468df175\" data-element_type=\"widget\" data-e-type=\"widget\" data-settings=\"{&quot;hoteller_ext_link_sidemenu&quot;:&quot;false&quot;,&quot;hoteller_ext_link_fullmenu&quot;:&quot;false&quot;,&quot;hoteller_ext_link_closed_fullmenu&quot;:&quot;false&quot;,&quot;hoteller_ext_is_scrollme&quot;:&quot;false&quot;,&quot;hoteller_ext_is_smoove&quot;:&quot;false&quot;,&quot;hoteller_ext_is_parallax_mouse&quot;:&quot;false&quot;,&quot;hoteller_ext_is_infinite&quot;:&quot;false&quot;,&quot;hoteller_ext_is_fadeout_animation&quot;:&quot;false&quot;,&quot;hoteller_ext_mobile_static&quot;:&quot;false&quot;}\" data-widget_type=\"shortcode.default\">\n\t\t\t\t<div class=\"elementor-widget-container\">\n\t\t\t\t\t\t\t<div class=\"elementor-shortcode\"><div class=\"mphb_sc_booking_confirmation\"><\/div><\/div>\n\t\t\t\t\t\t<\/div>\n\t\t\t\t<\/div>\n\t\t\t\t\t<\/div>\n\t\t<\/div>\n\t\t\t\t\t<\/div>\n\t\t<\/section>\n\t\t\t\t<section class=\"elementor-section elementor-top-section elementor-element elementor-element-de3284c elementor-section-boxed elementor-section-height-default elementor-section-height-default\" data-id=\"de3284c\" data-element_type=\"section\" data-e-type=\"section\" data-settings=\"{&quot;hoteller_ext_is_background_parallax&quot;:&quot;false&quot;,&quot;hoteller_ext_is_background_on_scroll&quot;:&quot;false&quot;}\">\n\t\t\t\t\t\t<div class=\"elementor-container elementor-column-gap-default\">\n\t\t\t\t\t<div class=\"elementor-column elementor-col-100 elementor-top-column elementor-element elementor-element-9059a22\" data-id=\"9059a22\" data-element_type=\"column\" data-e-type=\"column\" data-settings=\"{&quot;hoteller_ext_link_sidemenu&quot;:&quot;false&quot;,&quot;hoteller_ext_link_fullmenu&quot;:&quot;false&quot;,&quot;hoteller_ext_link_closed_fullmenu&quot;:&quot;false&quot;,&quot;hoteller_ext_is_scrollme&quot;:&quot;false&quot;,&quot;hoteller_ext_is_smoove&quot;:&quot;false&quot;,&quot;hoteller_ext_is_parallax_mouse&quot;:&quot;false&quot;,&quot;hoteller_ext_is_infinite&quot;:&quot;false&quot;,&quot;hoteller_ext_is_fadeout_animation&quot;:&quot;false&quot;,&quot;hoteller_ext_mobile_static&quot;:&quot;false&quot;}\">\n\t\t\t<div class=\"elementor-widget-wrap elementor-element-populated\">\n\t\t\t\t\t\t<div class=\"elementor-element elementor-element-37ff4e8 elementor-button-info elementor-align-center elementor-widget elementor-widget-button\" data-id=\"37ff4e8\" data-element_type=\"widget\" data-e-type=\"widget\" data-settings=\"{&quot;hoteller_ext_link_sidemenu&quot;:&quot;false&quot;,&quot;hoteller_ext_link_fullmenu&quot;:&quot;false&quot;,&quot;hoteller_ext_link_closed_fullmenu&quot;:&quot;false&quot;,&quot;hoteller_ext_is_scrollme&quot;:&quot;false&quot;,&quot;hoteller_ext_is_smoove&quot;:&quot;false&quot;,&quot;hoteller_ext_is_parallax_mouse&quot;:&quot;false&quot;,&quot;hoteller_ext_is_infinite&quot;:&quot;false&quot;,&quot;hoteller_ext_is_fadeout_animation&quot;:&quot;false&quot;,&quot;hoteller_ext_mobile_static&quot;:&quot;false&quot;}\" data-widget_type=\"button.default\">\n\t\t\t\t<div class=\"elementor-widget-container\">\n\t\t\t\t\t\t\t\t\t<div class=\"elementor-button-wrapper\">\n\t\t\t\t\t<a class=\"elementor-button elementor-button-link elementor-size-sm elementor-animation-shrink\" href=\"https:\/\/www.alpleisure.com\/es\/\">\n\t\t\t\t\t\t<span class=\"elementor-button-content-wrapper\">\n\t\t\t\t\t\t\t\t\t<span class=\"elementor-button-text\">Volver a la p\u00e1gina de inicio<\/span>\n\t\t\t\t\t<\/span>\n\t\t\t\t\t<\/a>\n\t\t\t\t<\/div>\n\t\t\t\t\t\t\t\t<\/div>\n\t\t\t\t<\/div>\n\t\t\t\t\t<\/div>\n\t\t<\/div>\n\t\t\t\t\t<\/div>\n\t\t<\/section>\n\t\t\t\t<\/div>","protected":false},"excerpt":{"rendered":"","protected":false},"author":1,"featured_media":0,"parent":13,"menu_order":0,"comment_status":"closed","ping_status":"closed","template":"","meta":{"_acf_changed":false,"footnotes":""},"class_list":["post-14","page","type-page","status-publish","hentry"],"acf":[],"yoast_head":"<!-- This site is optimized with the Yoast SEO plugin v27.5 - https:\/\/yoast.com\/product\/yoast-seo-wordpress\/ -->\n<title>Private Luxury Ski Chalets Rental with Freedom to choose<\/title>\n<meta name=\"description\" content=\"Luxury catered skiing chalet holidays in Meribel and Courchevel with Freedom to Choose - about Alp Leisure Ltd The best luxury catered chalet vacations completely tailor made either A la carte, you choose or Tout Compris, fully inclusive.\" \/>\n<meta name=\"robots\" content=\"index, follow, max-snippet:-1, max-image-preview:large, max-video-preview:-1\" \/>\n<link rel=\"canonical\" href=\"https:\/\/www.alpleisure.com\/es\/esqui-de-lujo\/solicitud-de-reserva\/estado-de-la-reserva\/\" \/>\n<meta property=\"og:locale\" content=\"es_ES\" \/>\n<meta property=\"og:type\" content=\"article\" \/>\n<meta property=\"og:title\" content=\"Private Luxury Ski Chalets Rental with Freedom to choose\" \/>\n<meta property=\"og:description\" content=\"Luxury catered skiing chalet holidays in Meribel and Courchevel with Freedom to Choose - about Alp Leisure Ltd The best luxury catered chalet vacations completely tailor made either A la carte, you choose or Tout Compris, fully inclusive.\" \/>\n<meta property=\"og:url\" content=\"https:\/\/www.alpleisure.com\/es\/esqui-de-lujo\/solicitud-de-reserva\/estado-de-la-reserva\/\" \/>\n<meta property=\"og:site_name\" content=\"Alp Leisure Ltd\" \/>\n<meta property=\"article:publisher\" content=\"https:\/\/www.facebook.com\/alpleisureltd\/\" \/>\n<meta property=\"article:modified_time\" content=\"2022-06-08T12:36:07+00:00\" \/>\n<meta name=\"twitter:card\" content=\"summary_large_image\" \/>\n<meta name=\"twitter:site\" content=\"@AlpLeisureLtd\" \/>\n<script type=\"application\/ld+json\" class=\"yoast-schema-graph\">{\"@context\":\"https:\\\/\\\/schema.org\",\"@graph\":[{\"@type\":\"WebPage\",\"@id\":\"https:\\\/\\\/www.alpleisure.com\\\/es\\\/esqui-de-lujo\\\/solicitud-de-reserva\\\/estado-de-la-reserva\\\/\",\"url\":\"https:\\\/\\\/www.alpleisure.com\\\/es\\\/esqui-de-lujo\\\/solicitud-de-reserva\\\/estado-de-la-reserva\\\/\",\"name\":\"Private Luxury Ski Chalets Rental with Freedom to choose\",\"isPartOf\":{\"@id\":\"https:\\\/\\\/www.alpleisure.com\\\/es\\\/#website\"},\"datePublished\":\"2019-06-11T06:35:56+00:00\",\"dateModified\":\"2022-06-08T12:36:07+00:00\",\"description\":\"Luxury catered skiing chalet holidays in Meribel and Courchevel with Freedom to Choose - about Alp Leisure Ltd The best luxury catered chalet vacations completely tailor made either A la carte, you choose or Tout Compris, fully inclusive.\",\"breadcrumb\":{\"@id\":\"https:\\\/\\\/www.alpleisure.com\\\/es\\\/esqui-de-lujo\\\/solicitud-de-reserva\\\/estado-de-la-reserva\\\/#breadcrumb\"},\"inLanguage\":\"es\",\"potentialAction\":[{\"@type\":\"ReadAction\",\"target\":[\"https:\\\/\\\/www.alpleisure.com\\\/es\\\/esqui-de-lujo\\\/solicitud-de-reserva\\\/estado-de-la-reserva\\\/\"]}]},{\"@type\":\"BreadcrumbList\",\"@id\":\"https:\\\/\\\/www.alpleisure.com\\\/es\\\/esqui-de-lujo\\\/solicitud-de-reserva\\\/estado-de-la-reserva\\\/#breadcrumb\",\"itemListElement\":[{\"@type\":\"ListItem\",\"position\":1,\"name\":\"Home\",\"item\":\"https:\\\/\\\/www.alpleisure.com\\\/\"},{\"@type\":\"ListItem\",\"position\":2,\"name\":\"Booking Enquiry\",\"item\":\"https:\\\/\\\/www.alpleisure.com\\\/fr\\\/luxury-skiing\\\/booking-enquiry\\\/\"},{\"@type\":\"ListItem\",\"position\":3,\"name\":\"Booking Status\"}]},{\"@type\":\"WebSite\",\"@id\":\"https:\\\/\\\/www.alpleisure.com\\\/es\\\/#website\",\"url\":\"https:\\\/\\\/www.alpleisure.com\\\/es\\\/\",\"name\":\"Alp Leisure Ltd\",\"description\":\"Private Luxury Chalets\",\"publisher\":{\"@id\":\"https:\\\/\\\/www.alpleisure.com\\\/es\\\/#organization\"},\"potentialAction\":[{\"@type\":\"SearchAction\",\"target\":{\"@type\":\"EntryPoint\",\"urlTemplate\":\"https:\\\/\\\/www.alpleisure.com\\\/es\\\/?s={search_term_string}\"},\"query-input\":{\"@type\":\"PropertyValueSpecification\",\"valueRequired\":true,\"valueName\":\"search_term_string\"}}],\"inLanguage\":\"es\"},{\"@type\":\"Organization\",\"@id\":\"https:\\\/\\\/www.alpleisure.com\\\/es\\\/#organization\",\"name\":\"Alp Leisure Ltd\",\"url\":\"https:\\\/\\\/www.alpleisure.com\\\/es\\\/\",\"logo\":{\"@type\":\"ImageObject\",\"inLanguage\":\"es\",\"@id\":\"https:\\\/\\\/www.alpleisure.com\\\/es\\\/#\\\/schema\\\/logo\\\/image\\\/\",\"url\":\"https:\\\/\\\/www.alpleisure.com\\\/wp-content\\\/uploads\\\/2019\\\/06\\\/Alp-Leisure-Black-e1592823739589.gif\",\"contentUrl\":\"https:\\\/\\\/www.alpleisure.com\\\/wp-content\\\/uploads\\\/2019\\\/06\\\/Alp-Leisure-Black-e1592823739589.gif\",\"width\":1000,\"height\":155,\"caption\":\"Alp Leisure Ltd\"},\"image\":{\"@id\":\"https:\\\/\\\/www.alpleisure.com\\\/es\\\/#\\\/schema\\\/logo\\\/image\\\/\"},\"sameAs\":[\"https:\\\/\\\/www.facebook.com\\\/alpleisureltd\\\/\",\"https:\\\/\\\/x.com\\\/AlpLeisureLtd\",\"https:\\\/\\\/www.instagram.com\\\/alp_leisure_ltd\\\/\",\"https:\\\/\\\/www.linkedin.com\\\/company\\\/5213398\\\/\",\"https:\\\/\\\/www.youtube.com\\\/channel\\\/UCHpxQIr4voEotGnVdeVwRLg\"]}]}<\/script>\n<!-- \/ Yoast SEO plugin. -->","yoast_head_json":{"title":"Alquiler privado de chal\u00e9s de esqu\u00ed de lujo con libertad de elecci\u00f3n","description":"Esqu\u00ed de lujo con servicio de comidas vacaciones chalet en Meribel y Courchevel con la libertad de elegir - sobre Alp Leisure Ltd Las mejores vacaciones de lujo con servicio de comidas chalet completamente a medida, ya sea A la carta, usted elige o Tout Compris, con todo incluido.","robots":{"index":"index","follow":"follow","max-snippet":"max-snippet:-1","max-image-preview":"max-image-preview:large","max-video-preview":"max-video-preview:-1"},"canonical":"https:\/\/www.alpleisure.com\/es\/esqui-de-lujo\/solicitud-de-reserva\/estado-de-la-reserva\/","og_locale":"es_ES","og_type":"article","og_title":"Private Luxury Ski Chalets Rental with Freedom to choose","og_description":"Luxury catered skiing chalet holidays in Meribel and Courchevel with Freedom to Choose - about Alp Leisure Ltd The best luxury catered chalet vacations completely tailor made either A la carte, you choose or Tout Compris, fully inclusive.","og_url":"https:\/\/www.alpleisure.com\/es\/esqui-de-lujo\/solicitud-de-reserva\/estado-de-la-reserva\/","og_site_name":"Alp Leisure Ltd","article_publisher":"https:\/\/www.facebook.com\/alpleisureltd\/","article_modified_time":"2022-06-08T12:36:07+00:00","twitter_card":"summary_large_image","twitter_site":"@AlpLeisureLtd","schema":{"@context":"https:\/\/schema.org","@graph":[{"@type":"WebPage","@id":"https:\/\/www.alpleisure.com\/es\/esqui-de-lujo\/solicitud-de-reserva\/estado-de-la-reserva\/","url":"https:\/\/www.alpleisure.com\/es\/esqui-de-lujo\/solicitud-de-reserva\/estado-de-la-reserva\/","name":"Alquiler privado de chal\u00e9s de esqu\u00ed de lujo con libertad de elecci\u00f3n","isPartOf":{"@id":"https:\/\/www.alpleisure.com\/es\/#website"},"datePublished":"2019-06-11T06:35:56+00:00","dateModified":"2022-06-08T12:36:07+00:00","description":"Esqu\u00ed de lujo con servicio de comidas vacaciones chalet en Meribel y Courchevel con la libertad de elegir - sobre Alp Leisure Ltd Las mejores vacaciones de lujo con servicio de comidas chalet completamente a medida, ya sea A la carta, usted elige o Tout Compris, con todo incluido.","breadcrumb":{"@id":"https:\/\/www.alpleisure.com\/es\/esqui-de-lujo\/solicitud-de-reserva\/estado-de-la-reserva\/#breadcrumb"},"inLanguage":"es","potentialAction":[{"@type":"ReadAction","target":["https:\/\/www.alpleisure.com\/es\/esqui-de-lujo\/solicitud-de-reserva\/estado-de-la-reserva\/"]}]},{"@type":"BreadcrumbList","@id":"https:\/\/www.alpleisure.com\/es\/esqui-de-lujo\/solicitud-de-reserva\/estado-de-la-reserva\/#breadcrumb","itemListElement":[{"@type":"ListItem","position":1,"name":"Home","item":"https:\/\/www.alpleisure.com\/"},{"@type":"ListItem","position":2,"name":"Booking Enquiry","item":"https:\/\/www.alpleisure.com\/fr\/luxury-skiing\/booking-enquiry\/"},{"@type":"ListItem","position":3,"name":"Booking Status"}]},{"@type":"WebSite","@id":"https:\/\/www.alpleisure.com\/es\/#website","url":"https:\/\/www.alpleisure.com\/es\/","name":"Alp Leisure Ltd","description":"Chal\u00e9s privados de lujo","publisher":{"@id":"https:\/\/www.alpleisure.com\/es\/#organization"},"potentialAction":[{"@type":"SearchAction","target":{"@type":"EntryPoint","urlTemplate":"https:\/\/www.alpleisure.com\/es\/?s={search_term_string}"},"query-input":{"@type":"PropertyValueSpecification","valueRequired":true,"valueName":"search_term_string"}}],"inLanguage":"es"},{"@type":"Organization","@id":"https:\/\/www.alpleisure.com\/es\/#organization","name":"Alp Leisure Ltd","url":"https:\/\/www.alpleisure.com\/es\/","logo":{"@type":"ImageObject","inLanguage":"es","@id":"https:\/\/www.alpleisure.com\/es\/#\/schema\/logo\/image\/","url":"https:\/\/www.alpleisure.com\/wp-content\/uploads\/2019\/06\/Alp-Leisure-Black-e1592823739589.gif","contentUrl":"https:\/\/www.alpleisure.com\/wp-content\/uploads\/2019\/06\/Alp-Leisure-Black-e1592823739589.gif","width":1000,"height":155,"caption":"Alp Leisure Ltd"},"image":{"@id":"https:\/\/www.alpleisure.com\/es\/#\/schema\/logo\/image\/"},"sameAs":["https:\/\/www.facebook.com\/alpleisureltd\/","https:\/\/x.com\/AlpLeisureLtd","https:\/\/www.instagram.com\/alp_leisure_ltd\/","https:\/\/www.linkedin.com\/company\/5213398\/","https:\/\/www.youtube.com\/channel\/UCHpxQIr4voEotGnVdeVwRLg"]}]}},"_links":{"self":[{"href":"https:\/\/www.alpleisure.com\/es\/wp-json\/wp\/v2\/pages\/14","targetHints":{"allow":["GET"]}}],"collection":[{"href":"https:\/\/www.alpleisure.com\/es\/wp-json\/wp\/v2\/pages"}],"about":[{"href":"https:\/\/www.alpleisure.com\/es\/wp-json\/wp\/v2\/types\/page"}],"author":[{"embeddable":true,"href":"https:\/\/www.alpleisure.com\/es\/wp-json\/wp\/v2\/users\/1"}],"replies":[{"embeddable":true,"href":"https:\/\/www.alpleisure.com\/es\/wp-json\/wp\/v2\/comments?post=14"}],"version-history":[{"count":11,"href":"https:\/\/www.alpleisure.com\/es\/wp-json\/wp\/v2\/pages\/14\/revisions"}],"predecessor-version":[{"id":36285,"href":"https:\/\/www.alpleisure.com\/es\/wp-json\/wp\/v2\/pages\/14\/revisions\/36285"}],"up":[{"embeddable":true,"href":"https:\/\/www.alpleisure.com\/es\/wp-json\/wp\/v2\/pages\/13"}],"wp:attachment":[{"href":"https:\/\/www.alpleisure.com\/es\/wp-json\/wp\/v2\/media?parent=14"}],"curies":[{"name":"wp","href":"https:\/\/api.w.org\/{rel}","templated":true}]}}