{"id":11,"date":"2019-06-11T08:35:56","date_gmt":"2019-06-11T07:35:56","guid":{"rendered":"http:\/\/alpleisure.com\/search-availability\/"},"modified":"2020-01-28T15:47:40","modified_gmt":"2020-01-28T14:47:40","slug":"buscar-disponibilidad","status":"publish","type":"page","link":"https:\/\/www.alpleisure.com\/es\/esqui-de-lujo\/buscar-disponibilidad\/","title":{"rendered":"Buscar disponibilidad"},"content":{"rendered":"<div class=\"mphb_sc_search-wrapper\">\n<form method=\"GET\" class=\"mphb_sc_search-form\" action=\"https:\/\/www.alpleisure.com\/es\/esqui-de-lujo\/resultados-de-la-busqueda\/\" data-first_available_check_in_date=\"2026-04-23\" data-trp-original-action=\"https:\/\/www.alpleisure.com\/es\/esqui-de-lujo\/resultados-de-la-busqueda\/\">\n\n\t<p class = \"mphb-required-fields-tip\">\n\t<small>\n\t\tLos campos obligatorios son seguidos por\t\t<abbr title=\"obligatorio\">*<\/abbr>\n\t<\/small>\n<\/p>\n\n\t<p class=\"mphb_sc_search-check-in-date\">\n\t\t<label for=\"mphb_check_in_date-mphb-search-form-69ea35c417121\">\n\t\t\tD\u00eda de llegada\t\t\t<abbr title=\"Formato dd\/mm\/yyyy\">*<\/abbr>\n\t\t<\/label>\n\t\t<br \/>\n\t\t<input\n\t\t\tid=\"mphb_check_in_date-mphb-search-form-69ea35c417121\"\n\t\t\tdata-datepick-group=\"mphb-search-form-69ea35c417121\"\n\t\t\tvalue=\"\"\n\t\t\tplaceholder=\"Fecha de llegada\"\n\t\t\trequired=\"required\"\n\t\t\ttype=\"text\"\n\t\t\tinputmode=\"none\"\n\t\t\tname=\"mphb_check_in_date\"\n\t\t\tclass=\"mphb-datepick\"\n\t\t\tautocomplete=\"off\"\n\t\t\t\/>\n\t<\/p>\n\n\t<p class=\"mphb_sc_search-check-out-date\">\n\t\t<label for=\"mphb_check_out_date-mphb-search-form-69ea35c417121\">\n\t\t\tD\u00eda de salida\t\t\t<abbr title=\"Formato dd\/mm\/yyyy\">*<\/abbr>\n\t\t<\/label>\n\t\t<br \/>\n\t\t<input\n\t\t\tid=\"mphb_check_out_date-mphb-search-form-69ea35c417121\"\n\t\t\tdata-datepick-group=\"mphb-search-form-69ea35c417121\"\n\t\t\tvalue=\"\"\n\t\t\tplaceholder=\"Fecha de salida\"\n\t\t\trequired=\"required\"\n\t\t\ttype=\"text\"\n\t\t\tinputmode=\"none\"\n\t\t\tname=\"mphb_check_out_date\"\n\t\t\tclass=\"mphb-datepick\"\n\t\t\tautocomplete=\"off\"\n\t\t\t\/>\n\t<\/p>\n\n\t\t\t<p class=\"mphb_sc_search-adults\">\n\t\t\t<label for=\"mphb_adults-mphb-search-form-69ea35c417121\">\n\t\t\t\tAdultos\t\t\t<\/label>\n\t\t\t<br \/>\n\t\t\t<select id=\"mphb_adults-mphb-search-form-69ea35c417121\" name=\"mphb_adults\" >\n\t\t\t\t\t\t\t\t\t<option value=\"1\"  selected='selected'>1<\/option>\n\t\t\t\t\t\t\t\t\t<option value=\"2\" >2<\/option>\n\t\t\t\t\t\t\t\t\t<option value=\"3\" >3<\/option>\n\t\t\t\t\t\t\t\t\t<option value=\"4\" >4<\/option>\n\t\t\t\t\t\t\t\t\t<option value=\"5\" >5<\/option>\n\t\t\t\t\t\t\t\t\t<option value=\"6\" >6<\/option>\n\t\t\t\t\t\t\t\t\t<option value=\"7\" >7<\/option>\n\t\t\t\t\t\t\t\t\t<option value=\"8\" >8<\/option>\n\t\t\t\t\t\t\t\t\t<option value=\"9\" >9<\/option>\n\t\t\t\t\t\t\t\t\t<option value=\"10\" >10<\/option>\n\t\t\t\t\t\t\t\t\t<option value=\"11\" >11<\/option>\n\t\t\t\t\t\t\t\t\t<option value=\"12\" >12<\/option>\n\t\t\t\t\t\t\t\t\t<option value=\"13\" >13<\/option>\n\t\t\t\t\t\t\t\t\t<option value=\"14\" >14<\/option>\n\t\t\t\t\t\t\t<\/select>\n\t\t<\/p>\n\t\n\t\t\t<p class=\"mphb_sc_search-children\">\n\t\t\t<label for=\"mphb_children-mphb-search-form-69ea35c417121\">\n\t\t\t\tNi\u00f1os\t\t\t<\/label>\n\t\t\t<br \/>\n\t\t\t<select id=\"mphb_children-mphb-search-form-69ea35c417121\" name=\"mphb_children\">\n\t\t\t\t\t\t\t\t\t<option value=\"0\"  selected='selected'>0<\/option>\n\t\t\t\t\t\t\t\t\t<option value=\"1\" >1<\/option>\n\t\t\t\t\t\t\t\t\t<option value=\"2\" >2<\/option>\n\t\t\t\t\t\t\t\t\t<option value=\"3\" >3<\/option>\n\t\t\t\t\t\t\t\t\t<option value=\"4\" >4<\/option>\n\t\t\t\t\t\t\t\t\t<option value=\"5\" >5<\/option>\n\t\t\t\t\t\t\t\t\t<option value=\"6\" >6<\/option>\n\t\t\t\t\t\t\t\t\t<option value=\"7\" >7<\/option>\n\t\t\t\t\t\t\t\t\t<option value=\"8\" >8<\/option>\n\t\t\t\t\t\t\t<\/select>\n\t\t<\/p>\n\t\n\t\n\t\n\t<input id=\"mphb_check_in_date-mphb-search-form-69ea35c417121-hidden\" value=\"\" type=\"hidden\" name=\"mphb_check_in_date\" \/><input id=\"mphb_check_out_date-mphb-search-form-69ea35c417121-hidden\" value=\"\" type=\"hidden\" name=\"mphb_check_out_date\" \/>\n\t<p class=\"mphb_sc_search-submit-button-wrapper\">\n\t\t<input type=\"submit\" class=\"button\" value=\"Buscar\"\/>\n\t<\/p>\n\n\t\n<input type=\"hidden\" name=\"trp-form-language\" value=\"es\"\/><\/form>\n<\/div>","protected":false},"excerpt":{"rendered":"","protected":false},"author":1,"featured_media":0,"parent":0,"menu_order":0,"comment_status":"closed","ping_status":"closed","template":"","meta":{"_acf_changed":false,"footnotes":""},"class_list":["post-11","page","type-page","status-publish","hentry"],"acf":[],"yoast_head":"<!-- This site is optimized with the Yoast SEO plugin v27.4 - https:\/\/yoast.com\/product\/yoast-seo-wordpress\/ -->\n<title>Search for Privately owned, Luxury skiing Chalets Meribel and Courchevel<\/title>\n<meta name=\"description\" content=\"Search through Alp Leisure&#039;s carefully chosen portfolio of properties has something for everyone for our Private Luxury Ski Chalets rental in France with freedom to choose. Luxury Chalet Skiing holidays with complete flexibility. Ski in the best luxury chalets\" \/>\n<meta name=\"robots\" content=\"index, follow, max-snippet:-1, max-image-preview:large, max-video-preview:-1\" \/>\n<link rel=\"canonical\" href=\"https:\/\/www.alpleisure.com\/es\/esqui-de-lujo\/buscar-disponibilidad\/\" \/>\n<meta property=\"og:locale\" content=\"es_ES\" \/>\n<meta property=\"og:type\" content=\"article\" \/>\n<meta property=\"og:title\" content=\"Search for Privately owned, Luxury skiing Chalets Meribel and Courchevel\" \/>\n<meta property=\"og:description\" content=\"Search through Alp Leisure&#039;s carefully chosen portfolio of properties has something for everyone for our Private Luxury Ski Chalets rental in France with freedom to choose. Luxury Chalet Skiing holidays with complete flexibility. Ski in the best luxury chalets\" \/>\n<meta property=\"og:url\" content=\"https:\/\/www.alpleisure.com\/es\/esqui-de-lujo\/buscar-disponibilidad\/\" \/>\n<meta property=\"og:site_name\" content=\"Alp Leisure Ltd\" \/>\n<meta property=\"article:publisher\" content=\"https:\/\/www.facebook.com\/alpleisureltd\/\" \/>\n<meta property=\"article:modified_time\" content=\"2020-01-28T14:47:40+00:00\" \/>\n<meta name=\"twitter:card\" content=\"summary_large_image\" \/>\n<meta name=\"twitter:site\" content=\"@AlpLeisureLtd\" \/>\n<script type=\"application\/ld+json\" class=\"yoast-schema-graph\">{\"@context\":\"https:\\\/\\\/schema.org\",\"@graph\":[{\"@type\":\"WebPage\",\"@id\":\"https:\\\/\\\/www.alpleisure.com\\\/es\\\/esqui-de-lujo\\\/buscar-disponibilidad\\\/\",\"url\":\"https:\\\/\\\/www.alpleisure.com\\\/es\\\/esqui-de-lujo\\\/buscar-disponibilidad\\\/\",\"name\":\"Search for Privately owned, Luxury skiing Chalets Meribel and Courchevel\",\"isPartOf\":{\"@id\":\"https:\\\/\\\/www.alpleisure.com\\\/es\\\/#website\"},\"datePublished\":\"2019-06-11T07:35:56+00:00\",\"dateModified\":\"2020-01-28T14:47:40+00:00\",\"description\":\"Search through Alp Leisure's carefully chosen portfolio of properties has something for everyone for our Private Luxury Ski Chalets rental in France with freedom to choose. Luxury Chalet Skiing holidays with complete flexibility. Ski in the best luxury chalets\",\"breadcrumb\":{\"@id\":\"https:\\\/\\\/www.alpleisure.com\\\/es\\\/esqui-de-lujo\\\/buscar-disponibilidad\\\/#breadcrumb\"},\"inLanguage\":\"es\",\"potentialAction\":[{\"@type\":\"ReadAction\",\"target\":[\"https:\\\/\\\/www.alpleisure.com\\\/es\\\/esqui-de-lujo\\\/buscar-disponibilidad\\\/\"]}]},{\"@type\":\"BreadcrumbList\",\"@id\":\"https:\\\/\\\/www.alpleisure.com\\\/es\\\/esqui-de-lujo\\\/buscar-disponibilidad\\\/#breadcrumb\",\"itemListElement\":[{\"@type\":\"ListItem\",\"position\":1,\"name\":\"Home\",\"item\":\"https:\\\/\\\/www.alpleisure.com\\\/\"},{\"@type\":\"ListItem\",\"position\":2,\"name\":\"Search Availability\"}]},{\"@type\":\"WebSite\",\"@id\":\"https:\\\/\\\/www.alpleisure.com\\\/es\\\/#website\",\"url\":\"https:\\\/\\\/www.alpleisure.com\\\/es\\\/\",\"name\":\"Alp Leisure Ltd\",\"description\":\"Private Luxury Chalets\",\"publisher\":{\"@id\":\"https:\\\/\\\/www.alpleisure.com\\\/es\\\/#organization\"},\"potentialAction\":[{\"@type\":\"SearchAction\",\"target\":{\"@type\":\"EntryPoint\",\"urlTemplate\":\"https:\\\/\\\/www.alpleisure.com\\\/es\\\/?s={search_term_string}\"},\"query-input\":{\"@type\":\"PropertyValueSpecification\",\"valueRequired\":true,\"valueName\":\"search_term_string\"}}],\"inLanguage\":\"es\"},{\"@type\":\"Organization\",\"@id\":\"https:\\\/\\\/www.alpleisure.com\\\/es\\\/#organization\",\"name\":\"Alp Leisure Ltd\",\"url\":\"https:\\\/\\\/www.alpleisure.com\\\/es\\\/\",\"logo\":{\"@type\":\"ImageObject\",\"inLanguage\":\"es\",\"@id\":\"https:\\\/\\\/www.alpleisure.com\\\/es\\\/#\\\/schema\\\/logo\\\/image\\\/\",\"url\":\"https:\\\/\\\/www.alpleisure.com\\\/wp-content\\\/uploads\\\/2019\\\/06\\\/Alp-Leisure-Black-e1592823739589.gif\",\"contentUrl\":\"https:\\\/\\\/www.alpleisure.com\\\/wp-content\\\/uploads\\\/2019\\\/06\\\/Alp-Leisure-Black-e1592823739589.gif\",\"width\":1000,\"height\":155,\"caption\":\"Alp Leisure Ltd\"},\"image\":{\"@id\":\"https:\\\/\\\/www.alpleisure.com\\\/es\\\/#\\\/schema\\\/logo\\\/image\\\/\"},\"sameAs\":[\"https:\\\/\\\/www.facebook.com\\\/alpleisureltd\\\/\",\"https:\\\/\\\/x.com\\\/AlpLeisureLtd\",\"https:\\\/\\\/www.instagram.com\\\/alp_leisure_ltd\\\/\",\"https:\\\/\\\/www.linkedin.com\\\/company\\\/5213398\\\/\",\"https:\\\/\\\/www.youtube.com\\\/channel\\\/UCHpxQIr4voEotGnVdeVwRLg\"]}]}<\/script>\n<!-- \/ Yoast SEO plugin. -->","yoast_head_json":{"title":"B\u00fasqueda de Chalets de esqu\u00ed de lujo de propiedad privada en Meribel y Courchevel","description":"B\u00fasqueda a trav\u00e9s de Alp Leisure cuidadosamente seleccionados cartera de propiedades tiene algo para todo el mundo para nuestro alquiler de chalets de lujo privado de esqu\u00ed en Francia con la libertad de elegir. Vacaciones de esqu\u00ed en chalets de lujo con total flexibilidad. Esqu\u00ed en los mejores chalets de lujo","robots":{"index":"index","follow":"follow","max-snippet":"max-snippet:-1","max-image-preview":"max-image-preview:large","max-video-preview":"max-video-preview:-1"},"canonical":"https:\/\/www.alpleisure.com\/es\/esqui-de-lujo\/buscar-disponibilidad\/","og_locale":"es_ES","og_type":"article","og_title":"Search for Privately owned, Luxury skiing Chalets Meribel and Courchevel","og_description":"Search through Alp Leisure's carefully chosen portfolio of properties has something for everyone for our Private Luxury Ski Chalets rental in France with freedom to choose. Luxury Chalet Skiing holidays with complete flexibility. Ski in the best luxury chalets","og_url":"https:\/\/www.alpleisure.com\/es\/esqui-de-lujo\/buscar-disponibilidad\/","og_site_name":"Alp Leisure Ltd","article_publisher":"https:\/\/www.facebook.com\/alpleisureltd\/","article_modified_time":"2020-01-28T14:47:40+00:00","twitter_card":"summary_large_image","twitter_site":"@AlpLeisureLtd","schema":{"@context":"https:\/\/schema.org","@graph":[{"@type":"WebPage","@id":"https:\/\/www.alpleisure.com\/es\/esqui-de-lujo\/buscar-disponibilidad\/","url":"https:\/\/www.alpleisure.com\/es\/esqui-de-lujo\/buscar-disponibilidad\/","name":"B\u00fasqueda de Chalets de esqu\u00ed de lujo de propiedad privada en Meribel y Courchevel","isPartOf":{"@id":"https:\/\/www.alpleisure.com\/es\/#website"},"datePublished":"2019-06-11T07:35:56+00:00","dateModified":"2020-01-28T14:47:40+00:00","description":"B\u00fasqueda a trav\u00e9s de Alp Leisure cuidadosamente seleccionados cartera de propiedades tiene algo para todo el mundo para nuestro alquiler de chalets de lujo privado de esqu\u00ed en Francia con la libertad de elegir. Vacaciones de esqu\u00ed en chalets de lujo con total flexibilidad. Esqu\u00ed en los mejores chalets de lujo","breadcrumb":{"@id":"https:\/\/www.alpleisure.com\/es\/esqui-de-lujo\/buscar-disponibilidad\/#breadcrumb"},"inLanguage":"es","potentialAction":[{"@type":"ReadAction","target":["https:\/\/www.alpleisure.com\/es\/esqui-de-lujo\/buscar-disponibilidad\/"]}]},{"@type":"BreadcrumbList","@id":"https:\/\/www.alpleisure.com\/es\/esqui-de-lujo\/buscar-disponibilidad\/#breadcrumb","itemListElement":[{"@type":"ListItem","position":1,"name":"Home","item":"https:\/\/www.alpleisure.com\/"},{"@type":"ListItem","position":2,"name":"Search Availability"}]},{"@type":"WebSite","@id":"https:\/\/www.alpleisure.com\/es\/#website","url":"https:\/\/www.alpleisure.com\/es\/","name":"Alp Leisure Ltd","description":"Chal\u00e9s privados de lujo","publisher":{"@id":"https:\/\/www.alpleisure.com\/es\/#organization"},"potentialAction":[{"@type":"SearchAction","target":{"@type":"EntryPoint","urlTemplate":"https:\/\/www.alpleisure.com\/es\/?s={search_term_string}"},"query-input":{"@type":"PropertyValueSpecification","valueRequired":true,"valueName":"search_term_string"}}],"inLanguage":"es"},{"@type":"Organization","@id":"https:\/\/www.alpleisure.com\/es\/#organization","name":"Alp Leisure Ltd","url":"https:\/\/www.alpleisure.com\/es\/","logo":{"@type":"ImageObject","inLanguage":"es","@id":"https:\/\/www.alpleisure.com\/es\/#\/schema\/logo\/image\/","url":"https:\/\/www.alpleisure.com\/wp-content\/uploads\/2019\/06\/Alp-Leisure-Black-e1592823739589.gif","contentUrl":"https:\/\/www.alpleisure.com\/wp-content\/uploads\/2019\/06\/Alp-Leisure-Black-e1592823739589.gif","width":1000,"height":155,"caption":"Alp Leisure Ltd"},"image":{"@id":"https:\/\/www.alpleisure.com\/es\/#\/schema\/logo\/image\/"},"sameAs":["https:\/\/www.facebook.com\/alpleisureltd\/","https:\/\/x.com\/AlpLeisureLtd","https:\/\/www.instagram.com\/alp_leisure_ltd\/","https:\/\/www.linkedin.com\/company\/5213398\/","https:\/\/www.youtube.com\/channel\/UCHpxQIr4voEotGnVdeVwRLg"]}]}},"_links":{"self":[{"href":"https:\/\/www.alpleisure.com\/es\/wp-json\/wp\/v2\/pages\/11","targetHints":{"allow":["GET"]}}],"collection":[{"href":"https:\/\/www.alpleisure.com\/es\/wp-json\/wp\/v2\/pages"}],"about":[{"href":"https:\/\/www.alpleisure.com\/es\/wp-json\/wp\/v2\/types\/page"}],"author":[{"embeddable":true,"href":"https:\/\/www.alpleisure.com\/es\/wp-json\/wp\/v2\/users\/1"}],"replies":[{"embeddable":true,"href":"https:\/\/www.alpleisure.com\/es\/wp-json\/wp\/v2\/comments?post=11"}],"version-history":[{"count":1,"href":"https:\/\/www.alpleisure.com\/es\/wp-json\/wp\/v2\/pages\/11\/revisions"}],"predecessor-version":[{"id":1406,"href":"https:\/\/www.alpleisure.com\/es\/wp-json\/wp\/v2\/pages\/11\/revisions\/1406"}],"wp:attachment":[{"href":"https:\/\/www.alpleisure.com\/es\/wp-json\/wp\/v2\/media?parent=11"}],"curies":[{"name":"wp","href":"https:\/\/api.w.org\/{rel}","templated":true}]}}